{"id":13031,"date":"2025-02-20T15:40:28","date_gmt":"2025-02-20T18:40:28","guid":{"rendered":"https:\/\/www.ufmg.br\/dedd\/?page_id=13031"},"modified":"2025-11-04T10:42:53","modified_gmt":"2025-11-04T13:42:53","slug":"edital-472-2025","status":"publish","type":"page","link":"https:\/\/www.ufmg.br\/dedd\/edital-472-2025\/","title":{"rendered":"EDITAL N\u00ba 472\/2025 &#8211; ALFABETIZA\u00c7\u00c3O E LETRAMENTO &#8211; SELE\u00c7\u00c3O DE ALUNOS"},"content":{"rendered":"<div>\n<p><span style=\"font-family: verdana, geneva, sans-serif;\"><a href=\"https:\/\/www.ufmg.br\/dedd\/wp-content\/uploads\/2025\/11\/Edital-472-2025-Lista-final-de-matriculados.pdf\">Ato N\u00ba 374\/2025 &#8212; Lista final de alunos matriculados<\/a> (publicada em 04\/11\/2025)\u00a0<\/span><\/p>\n<p><span style=\"font-family: verdana, geneva, sans-serif;\"><a href=\"https:\/\/www.ufmg.br\/dedd\/wp-content\/uploads\/2025\/08\/Edital-472-2025-3a-Retificacao.pdf\">Ato N\u00ba 273 &#8211; Retifica\u00e7\u00e3o ao Edital N\u00ba 472\/2025<\/a> &#8212; Retoma o cronograma do processo seletivo e estabelece data para in\u00edcio do curso. (publicado em 20\/08\/2025)<\/span><\/p>\n<p><span style=\"font-family: verdana, geneva, sans-serif; font-size: 12pt;\"><a href=\"https:\/\/www.ufmg.br\/dedd\/wp-content\/uploads\/2025\/04\/SEI_4134891_Ato_112-ALFALETRA.pdf\" target=\"_blank\" rel=\"noopener\">Ato N\u00ba 112 &#8211; Retifica\u00e7\u00e3o Edital N\u00ba 472\/2025 &#8211; Alunos<\/a> <span style=\"font-family: verdana, geneva, sans-serif;\">(publicado em 14\/04\/2025)<\/span> <\/span><\/p>\n<p><span style=\"font-family: verdana, geneva, sans-serif; font-size: 12pt;\"><a href=\"https:\/\/www.ufmg.br\/dedd\/wp-content\/uploads\/2025\/04\/SEI_4124113_Ato_104.pdf\" target=\"_blank\" rel=\"noopener\">Ato N\u00ba 104 &#8211; Resultado Final Lista de Selecionados &#8211; EDITAL N\u00ba 472\/2025 <\/a><span style=\"font-family: verdana, geneva, sans-serif;\">(publicado em 09\/04\/2025)<\/span><\/span><\/p>\n<p><span style=\"font-family: verdana, geneva, sans-serif;\"><a href=\"https:\/\/www.ufmg.br\/dedd\/wp-content\/uploads\/2025\/04\/SEI_4124096_Ato_103.pdf\" target=\"_blank\" rel=\"noopener\">Ato N\u00ba 103 &#8211; Respostas ao Recursos &#8211; Edital N\u00ba 472\/2025<\/a> (publicado em 09\/04\/2025)<\/span><\/p>\n<p><span style=\"font-family: verdana, geneva, sans-serif; font-size: 12pt;\"><a href=\"https:\/\/gpi.caed.ufmg.br\/index.php\/427643?lang=pt-BR\" target=\"_blank\" rel=\"noopener\">Formul\u00e1rio para recurso ao resultado preliminar<\/a> (dispon\u00edvel at\u00e9 as 17h do 07\/04\/2025)\u00a0<\/span><\/p>\n<p><span style=\"font-family: 'trebuchet ms', geneva, sans-serif; font-size: 12pt;\"><a href=\"https:\/\/www.ufmg.br\/dedd\/wp-content\/uploads\/2025\/04\/SEI_4106304_Ato_96.pdf\" target=\"_blank\" rel=\"noopener\"><span style=\"font-family: verdana, geneva, sans-serif; font-size: 12pt;\">Resultado preliminar &#8212; Lista de Selecionados &#8211;<\/span><\/a><span style=\"font-family: verdana, geneva, sans-serif;\">(publicado em 03\/04\/2025)<\/span><\/span><\/p>\n<p><span style=\"font-family: verdana, geneva, sans-serif; font-size: 12pt;\"><a href=\"https:\/\/www.ufmg.br\/dedd\/wp-content\/uploads\/2025\/04\/SEI_4105520_Ato_94-1.pdf\" target=\"_blank\" rel=\"noopener\">Ato 94 &#8211; Resultado Preliminar &#8211; notas de todos os inscritos com inscri\u00e7\u00f5es homologadas<\/a>\u00a0(publicado em 03\/04\/2025)<\/span><\/p>\n<p><span style=\"font-family: verdana, geneva, sans-serif; font-size: 12pt;\"><a href=\"https:\/\/www.ufmg.br\/dedd\/wp-content\/uploads\/2025\/03\/Edital-472-2025-Retificacao-ao-edital.pdf\">Ato 83 &#8212; Retifica\u00e7\u00e3o ao edital de sele\u00e7\u00e3o<\/a> (publicada em 31\/03\/2025)<\/span><\/p>\n<p><span style=\"font-family: verdana, geneva, sans-serif; font-size: 12pt;\"><a href=\"https:\/\/www.ufmg.br\/dedd\/wp-content\/uploads\/2025\/03\/SEI_4071354_Ato_74-1.pdf\" target=\"_blank\" rel=\"noopener\">Resultado Final das Inscri\u00e7\u00f5es Homologadas &#8211; Edital N\u00ba 472\/2025<\/a> (publicado em 27\/03\/2025)<\/span><\/p>\n<p><span style=\"font-family: verdana, geneva, sans-serif; font-size: 12pt;\"><a href=\"https:\/\/gpi.caed.ufmg.br\/index.php\/119619?lang=pt-BR\" target=\"_blank\" rel=\"noopener\">Recurso das Inscri\u00e7\u00f5es Homologadas<\/a>\u00a0&#8211; Inscri\u00e7\u00f5es homologadas (dispon\u00edvel no per\u00edodo de 20\/03\/2025 a 23\/03\/2025)<\/span><\/p>\n<p><span style=\"font-family: verdana, geneva, sans-serif; font-size: 12pt;\"><a href=\"https:\/\/www.ufmg.br\/dedd\/wp-content\/uploads\/2025\/03\/SEI_4058071_Ato_62.pdf\" target=\"_blank\" rel=\"noopener\">Resultado Preliminar &#8211; Inscri\u00e7\u00f5es homologadas &#8211; Edital N\u00ba 472\/2025<\/a> (publicado em 19\/03\/2025)<\/span><\/p>\n<\/div>\n<p><span style=\"font-family: verdana, geneva, sans-serif; font-size: 12pt;\"><a href=\"https:\/\/www.ufmg.br\/dedd\/wp-content\/uploads\/2025\/03\/Edital-472-2025-Portaria-de-comissao-de-selecao.pdf\">Portaria n\u00ba 1794\/2025 &#8212; Designa membros para comiss\u00e3o respons\u00e1vel pelo processo seletivo<\/a> (publicada em 11\/03\/2025)<\/span><\/p>\n<p><span style=\"font-family: verdana, geneva, sans-serif; font-size: 12pt;\"><a href=\"https:\/\/gpi.caed.ufmg.br\/index.php\/765763?lang=pt-BR\" target=\"_blank\" rel=\"noopener\">Formul\u00e1rio de inscri\u00e7\u00e3o<\/a> (dispon\u00edvel no per\u00edodo de 24\/02\/2025 a 16\/03\/2025)<\/span><\/p>\n<p><span style=\"font-family: verdana, geneva, sans-serif;\"><span style=\"font-size: 12pt;\"><a href=\"https:\/\/www.ufmg.br\/dedd\/wp-content\/uploads\/2025\/02\/SEI_3989183_Edital_472-1.pdf\" target=\"_blank\" rel=\"noopener\"><strong>Edital N\u00ba 472\/2025 &#8211;\u00a0 Sele\u00e7\u00e3o de Alunos do curso de especializa\u00e7\u00e3o em Alfabetiza\u00e7\u00e3o e Letramento <\/strong><\/a>(publicado em 21\/02\/2025<\/span>)<\/span><\/p>\n","protected":false},"excerpt":{"rendered":"<p>Ato N\u00ba 374\/2025 &#8212; Lista final de alunos matriculados (publicada [&hellip;]<\/p>\n","protected":false},"author":11,"featured_media":0,"parent":0,"menu_order":0,"comment_status":"closed","ping_status":"closed","template":"","meta":[],"categories":[],"tags":[],"acf":[],"_links":{"self":[{"href":"https:\/\/www.ufmg.br\/dedd\/wp-json\/wp\/v2\/pages\/13031"}],"collection":[{"href":"https:\/\/www.ufmg.br\/dedd\/wp-json\/wp\/v2\/pages"}],"about":[{"href":"https:\/\/www.ufmg.br\/dedd\/wp-json\/wp\/v2\/types\/page"}],"author":[{"embeddable":true,"href":"https:\/\/www.ufmg.br\/dedd\/wp-json\/wp\/v2\/users\/11"}],"replies":[{"embeddable":true,"href":"https:\/\/www.ufmg.br\/dedd\/wp-json\/wp\/v2\/comments?post=13031"}],"version-history":[{"count":30,"href":"https:\/\/www.ufmg.br\/dedd\/wp-json\/wp\/v2\/pages\/13031\/revisions"}],"predecessor-version":[{"id":14329,"href":"https:\/\/www.ufmg.br\/dedd\/wp-json\/wp\/v2\/pages\/13031\/revisions\/14329"}],"wp:attachment":[{"href":"https:\/\/www.ufmg.br\/dedd\/wp-json\/wp\/v2\/media?parent=13031"}],"wp:term":[{"taxonomy":"category","embeddable":true,"href":"https:\/\/www.ufmg.br\/dedd\/wp-json\/wp\/v2\/categories?post=13031"},{"taxonomy":"post_tag","embeddable":true,"href":"https:\/\/www.ufmg.br\/dedd\/wp-json\/wp\/v2\/tags?post=13031"}],"curies":[{"name":"wp","href":"https:\/\/api.w.org\/{rel}","templated":true}]}}