{"id":13034,"date":"2025-02-20T17:01:31","date_gmt":"2025-02-20T20:01:31","guid":{"rendered":"https:\/\/www.ufmg.br\/dedd\/?page_id=13034"},"modified":"2025-10-29T08:25:10","modified_gmt":"2025-10-29T11:25:10","slug":"edital-no-479-2025","status":"publish","type":"page","link":"https:\/\/www.ufmg.br\/dedd\/edital-no-479-2025\/","title":{"rendered":"EDITAL N\u00ba 479\/2025 &#8211; GEOPROCESSAMENTO APLICADO  &#8211; SELE\u00c7\u00c3O DE ALUNOS"},"content":{"rendered":"<p><span style=\"font-family: verdana, geneva, sans-serif;\"><a href=\"https:\/\/www.ufmg.br\/dedd\/wp-content\/uploads\/2025\/10\/SEI_4684705_Ato_344-LISTA-MATRICULADOS-GEOPROCESSAMENTO.pdf\" target=\"_blank\" rel=\"noopener\">Lista Final de Alunos Matriculados<\/a> (publicado em 29\/10\/2025)<\/span><\/p>\n<p><span style=\"font-family: verdana, geneva, sans-serif;\"><a href=\"https:\/\/www.ufmg.br\/dedd\/wp-content\/uploads\/2025\/09\/SEI_4533256_Ato_267.pdf\">Lista Definitiva de Selecionados<\/a> (publicado em 08\/09\/2025)<\/span><\/p>\n<p><span style=\"font-family: verdana, geneva, sans-serif; font-size: 12pt;\"><a href=\"https:\/\/www.ufmg.br\/dedd\/wp-content\/uploads\/2025\/09\/SEI_4531334_Ato_264.pdf\">Resposta aos recursos e Resultado Final Definitivo<\/a> (dispon\u00edvel em 05\/09\/2025)<\/span><\/p>\n<p><span style=\"font-family: verdana, geneva, sans-serif;\"><a href=\"https:\/\/gpi.caed.ufmg.br\/index.php\/722859?newtest=Y&amp;lang=pt-BR\">Formul\u00e1rio de recursos contra o resultado final<\/a> (dispon\u00edvel de 19 at\u00e9 as 17h do dia 28\/8\/2025)<\/span><\/p>\n<p><span style=\"font-family: verdana, geneva, sans-serif;\"><a href=\"https:\/\/www.ufmg.br\/dedd\/wp-content\/uploads\/2025\/08\/SEI_4459636_Ato_230-14-4-ato-de-retificacao-479.2025-GEOPROCESSAMENTO-1.pdf\" target=\"_blank\" rel=\"noopener\">4\u00ba Ato de Retifica\u00e7\u00e3o &#8211; Resultado Final<\/a> (publicado em 18\/08\/2025)<\/span><\/p>\n<p><span style=\"font-family: verdana, geneva, sans-serif;\"><a href=\"https:\/\/www.ufmg.br\/dedd\/wp-content\/uploads\/2025\/04\/SEI_4135260_Ato_113-GEOPROCESSAMENTO.pdf\" target=\"_blank\" rel=\"noopener\">Ato 113 &#8211; Retifica\u00e7\u00e3o &#8212; EDITAL N\u00ba 479\/2025<\/a> &#8211; Altera cronograma de (publicado em 14\/04\/2025)<\/span><\/p>\n<p><span style=\"font-family: verdana, geneva, sans-serif;\"><a href=\"https:\/\/www.ufmg.br\/dedd\/wp-content\/uploads\/2025\/04\/Edital-479-2025-Lista-final-de-selecionados.pdf\">Lista final de selecionados<\/a> (publicada em 10\/04\/2025)<\/span><\/p>\n<p><span style=\"font-family: verdana, geneva, sans-serif;\"><a href=\"https:\/\/www.ufmg.br\/dedd\/wp-content\/uploads\/2025\/04\/Edital-479-2025-Resultado-final.pdf\">Resultado final ap\u00f3s interposi\u00e7\u00e3o de recursos<\/a> (publicado em 10\/04\/2025)<\/span><\/p>\n<p><span style=\"font-family: verdana, geneva, sans-serif;\"><a href=\"https:\/\/www.ufmg.br\/dedd\/wp-content\/uploads\/2025\/04\/Edital-479-2025-Resposta-aos-recursos-ao-resultado-preliminar.pdf\">Respostas aos recursos contra o resultado preliminar<\/a> (publicadas em 10\/04\/2025)<\/span><\/p>\n<p><span style=\"font-family: verdana, geneva, sans-serif;\"><a href=\"https:\/\/gpi.caed.ufmg.br\/index.php\/895537?lang=pt-BR\" target=\"_blank\" rel=\"noopener\">Formul\u00e1rio para recurso ao resultado preliminar<\/a> (dispon\u00edvel no per\u00edodo de 03\/04\/2025 a 07\/04\/2025)<\/span><\/p>\n<p><span style=\"font-family: verdana, geneva, sans-serif;\"><a href=\"https:\/\/www.ufmg.br\/dedd\/wp-content\/uploads\/2025\/04\/Edital-479-2025-Resultado-preliminar-Relacao-de-selecionados.pdf\">Resultado preliminar &#8212; lista de selecionados por polo<\/a> (publicado em 03\/04\/2025)\u00a0<\/span><\/p>\n<p><span style=\"font-family: verdana, geneva, sans-serif;\"><a href=\"https:\/\/www.ufmg.br\/dedd\/wp-content\/uploads\/2025\/04\/Edital-479-2025-Resultado-preliminar-Candidatos-por-areas-de-Aderencia-e-de-Conhecimento.pdf\">Resultado preliminar &#8212; avalia\u00e7\u00e3o de todos os inscritos por \u00e1rea de conhecimento e de ader\u00eancia<\/a> (publicado em 03\/04\/2025)\u00a0<\/span><\/p>\n<p><span style=\"font-family: verdana, geneva, sans-serif;\"><a href=\"https:\/\/www.ufmg.br\/dedd\/wp-content\/uploads\/2025\/03\/Edital-479-2025-Retificacao-ao-edital.pdf\">Ato 84 &#8211; Retifica\u00e7\u00e3o ao edital de sele\u00e7\u00e3o<\/a> (publicado em 31\/03\/2025)<\/span><\/p>\n<p><a href=\"https:\/\/www.ufmg.br\/dedd\/wp-content\/uploads\/2025\/03\/Edital-479-2025-Resultado-final-das-inscricoes-homologadas.pdf\"><span style=\"font-family: verdana, geneva, sans-serif;\">Resposta aos recursos e resultado final das inscri\u00e7\u00f5es homologadas<\/span><\/a><span style=\"font-family: verdana, geneva, sans-serif;\"> (publicado em 27\/03\/2025)\u00a0<\/span><\/p>\n<p><span style=\"font-family: verdana, geneva, sans-serif;\"><a href=\"https:\/\/gpi.caed.ufmg.br\/index.php\/877349?lang=pt-BR\" target=\"_blank\" rel=\"noopener\">Recurso das Inscri\u00e7\u00f5es Homologadas<\/a>\u00a0(dispon\u00edvel no per\u00edodo de 20\/03\/2025 a 23\/03\/2025)<\/span><\/p>\n<p><span style=\"font-family: verdana, geneva, sans-serif;\"><a href=\"https:\/\/www.ufmg.br\/dedd\/wp-content\/uploads\/2025\/03\/SEI_4058189_Ato_63.pdf\" target=\"_blank\" rel=\"noopener\">Resultado Preliminar\u00a0 Inscri\u00e7\u00f5es homologadas &#8211; Edital\u00a0 N\u00ba 479\/2025<\/a> (publicado em 19\/03\/2025)<\/span><\/p>\n<p><span style=\"font-family: verdana, geneva, sans-serif;\"><strong><a href=\"https:\/\/www.ufmg.br\/dedd\/wp-content\/uploads\/2025\/03\/SEI_4023799_Ato_55-1o-ato-retificacao-alunos-geoprocessamento.pdf\">Retifica\u00e7\u00e3o Edital N\u00ba 479\/2025<\/a><\/strong> (publicado em 07\/03\/2025)<\/span><\/p>\n<p><span style=\"font-family: verdana, geneva, sans-serif;\"><a href=\"https:\/\/www.ufmg.br\/dedd\/wp-content\/uploads\/2025\/02\/SEI_4010198_Portaria_1742.pdf\">Portaria 1742 <\/a>\u00a0(publicado em 27\/02\/2025)<\/span><\/p>\n<p><span style=\"font-family: verdana, geneva, sans-serif;\"><a href=\"https:\/\/gpi.caed.ufmg.br\/index.php\/782776?lang=pt-BR\" target=\"_blank\" rel=\"noopener\">Formul\u00e1rio de inscri\u00e7\u00e3o<\/a> (dispon\u00edvel no per\u00edodo de 24\/02\/2025 a 16\/03\/2025)<\/span><\/p>\n<p><span style=\"font-family: verdana, geneva, sans-serif;\"><a href=\"https:\/\/www.ufmg.br\/dedd\/wp-content\/uploads\/2025\/02\/SEI_3991179_Edital_479.pdf\" target=\"_blank\" rel=\"noopener\"><strong>Edital N\u00ba 479\/2025 sele\u00e7\u00e3o de Alunos do curso de especializa\u00e7\u00e3o em Geoprocessamento aplicado \u00e0 Gest\u00e3o P\u00fablica Territorial<\/strong><\/a> (publicado em 21\/02\/2025)<\/span><\/p>\n","protected":false},"excerpt":{"rendered":"<p>Lista Final de Alunos Matriculados (publicado em 29\/10\/2025) Lista Definitiva [&hellip;]<\/p>\n","protected":false},"author":3,"featured_media":0,"parent":0,"menu_order":0,"comment_status":"closed","ping_status":"closed","template":"","meta":[],"categories":[209],"tags":[],"acf":[],"_links":{"self":[{"href":"https:\/\/www.ufmg.br\/dedd\/wp-json\/wp\/v2\/pages\/13034"}],"collection":[{"href":"https:\/\/www.ufmg.br\/dedd\/wp-json\/wp\/v2\/pages"}],"about":[{"href":"https:\/\/www.ufmg.br\/dedd\/wp-json\/wp\/v2\/types\/page"}],"author":[{"embeddable":true,"href":"https:\/\/www.ufmg.br\/dedd\/wp-json\/wp\/v2\/users\/3"}],"replies":[{"embeddable":true,"href":"https:\/\/www.ufmg.br\/dedd\/wp-json\/wp\/v2\/comments?post=13034"}],"version-history":[{"count":38,"href":"https:\/\/www.ufmg.br\/dedd\/wp-json\/wp\/v2\/pages\/13034\/revisions"}],"predecessor-version":[{"id":14314,"href":"https:\/\/www.ufmg.br\/dedd\/wp-json\/wp\/v2\/pages\/13034\/revisions\/14314"}],"wp:attachment":[{"href":"https:\/\/www.ufmg.br\/dedd\/wp-json\/wp\/v2\/media?parent=13034"}],"wp:term":[{"taxonomy":"category","embeddable":true,"href":"https:\/\/www.ufmg.br\/dedd\/wp-json\/wp\/v2\/categories?post=13034"},{"taxonomy":"post_tag","embeddable":true,"href":"https:\/\/www.ufmg.br\/dedd\/wp-json\/wp\/v2\/tags?post=13034"}],"curies":[{"name":"wp","href":"https:\/\/api.w.org\/{rel}","templated":true}]}}