{"id":13093,"date":"2025-03-06T10:28:38","date_gmt":"2025-03-06T13:28:38","guid":{"rendered":"https:\/\/www.ufmg.br\/dedd\/?page_id=13093"},"modified":"2025-09-29T08:59:09","modified_gmt":"2025-09-29T11:59:09","slug":"edital-1128-2025","status":"publish","type":"page","link":"https:\/\/www.ufmg.br\/dedd\/edital-1128-2025\/","title":{"rendered":"EDITAL N\u00ba 1.128\/2025 &#8211; TUTOR &#8211; ALFABETIZA\u00c7\u00c3O E LETRAMENTO"},"content":{"rendered":"<p><a href=\"https:\/\/www.ufmg.br\/dedd\/wp-content\/uploads\/2025\/09\/Edital-1128-2025-Ato-de-conovacao-2909.pdf\">Ato n\u00ba 298\/2025 &#8212; Convoca\u00e7\u00e3o de candidatos para apresenta\u00e7\u00e3o de documentos<\/a> (publicado em 29\/09\/2025)<\/p>\n<p><a href=\"https:\/\/www.ufmg.br\/dedd\/wp-content\/uploads\/2025\/06\/Edital-1128-2025-Resultado-final-e-resposta-a-recursos.pdf\">Resultado final e resposta aos recursos ao resultado preliminar<\/a> (publicado em 26\/06\/2025)<\/p>\n<p><span style=\"font-family: verdana, geneva, sans-serif;\"><a href=\"https:\/\/www.ufmg.br\/dedd\/wp-content\/uploads\/2025\/06\/SEI_UFMG-4291426-Ato-EDITAL-1128.2025.pdf\" target=\"_blank\" rel=\"noopener\">Resultado Preliminar &#8211; Edital N\u00ba 1128\/2025 &#8211; ALFALETRA &#8211; TUTOR<\/a> (publicado em 11\/06\/2025)<\/span><\/p>\n<p><span style=\"font-family: verdana, geneva, sans-serif;\"><a href=\"https:\/\/www.ufmg.br\/dedd\/wp-content\/uploads\/2025\/05\/Edital-1128-2025-Retificacao-ao-edital.pdf\">Ato n\u00ba 143 &#8212; Retifica\u00e7\u00e3o ao edital de sele\u00e7\u00e3o: altera o cronograma do processo seletivo<\/a>\u00a0(publicada em 30\/05\/2025)<\/span><\/p>\n<p><span style=\"font-family: verdana, geneva, sans-serif;\"><a href=\"https:\/\/gpi.caed.ufmg.br\/index.php\/722674?lang=pt-BR\" target=\"_blank\" rel=\"noopener\">Formul\u00e1rio para recursos ao resultado preliminar<\/a> (dispon\u00edvel no per\u00edodo de 11\/06\/2025 at\u00e9 as 14h do dia 15\/06\/2025)\u00a0<\/span><\/p>\n<p><span style=\"font-family: verdana, geneva, sans-serif; font-size: 12pt;\"><a href=\"https:\/\/www.ufmg.br\/dedd\/wp-content\/uploads\/2025\/05\/SEI_4178162_Ato_127.pdf\" target=\"_blank\" rel=\"noopener\">Resultado de Impugna\u00e7\u00e3o ao Edital N\u00ba 1128\/2025 <\/a>\u00a0(publicado em 05\/05\/2025)<\/span><\/p>\n<p><span style=\"font-family: verdana, geneva, sans-serif;\"><a href=\"https:\/\/gpi.caed.ufmg.br\/index.php\/711735?lang=pt-BR\" target=\"_blank\" rel=\"noopener\">Formul\u00e1rio de inscri\u00e7\u00e3o<\/a> (dispon\u00edvel no per\u00edodo de 07\/05\/2025 a 21\/05\/2025)<\/span><\/p>\n<p><span style=\"font-family: verdana, geneva, sans-serif;\"><a href=\"https:\/\/gpi.caed.ufmg.br\/index.php\/156275?lang=pt-BR\" target=\"_blank\" rel=\"noopener\">Impugna\u00e7\u00e3o do edital<\/a> (dispon\u00edvel no per\u00edodo de 01\/05\/2025 a 04\/05\/2025)<\/span><\/p>\n<p><span style=\"font-family: verdana, geneva, sans-serif;\"><a href=\"https:\/\/www.ufmg.br\/dedd\/wp-content\/uploads\/2025\/04\/Edital-1128-2025-Portaria-de-Comissao-do-Processo-Seletivo.pdf\">Portaria de designa\u00e7\u00e3o de membros da comiss\u00e3o respons\u00e1vel pelo processo seletivo<\/a> (publicada em 30\/04\/2025)\u00a0<\/span><\/p>\n<p><span style=\"font-family: verdana, geneva, sans-serif;\"><a href=\"https:\/\/www.ufmg.br\/dedd\/wp-content\/uploads\/2025\/04\/Edital-1128-2025-Selecao-para-tutor-Alfabetizacao-e-Letramento.pdf\">Edital n\u00ba 1128\/2025 &#8212; Sele\u00e7\u00e3o para tutores da especializa\u00e7\u00e3o em Alfabetiza\u00e7\u00e3o e Letramento <\/a>(publicado em 29\/04\/2025)<\/span><\/p>\n<p>&nbsp;<\/p>\n","protected":false},"excerpt":{"rendered":"<p>Ato n\u00ba 298\/2025 &#8212; Convoca\u00e7\u00e3o de candidatos para apresenta\u00e7\u00e3o de [&hellip;]<\/p>\n","protected":false},"author":11,"featured_media":0,"parent":0,"menu_order":0,"comment_status":"closed","ping_status":"closed","template":"","meta":[],"categories":[],"tags":[],"acf":[],"_links":{"self":[{"href":"https:\/\/www.ufmg.br\/dedd\/wp-json\/wp\/v2\/pages\/13093"}],"collection":[{"href":"https:\/\/www.ufmg.br\/dedd\/wp-json\/wp\/v2\/pages"}],"about":[{"href":"https:\/\/www.ufmg.br\/dedd\/wp-json\/wp\/v2\/types\/page"}],"author":[{"embeddable":true,"href":"https:\/\/www.ufmg.br\/dedd\/wp-json\/wp\/v2\/users\/11"}],"replies":[{"embeddable":true,"href":"https:\/\/www.ufmg.br\/dedd\/wp-json\/wp\/v2\/comments?post=13093"}],"version-history":[{"count":20,"href":"https:\/\/www.ufmg.br\/dedd\/wp-json\/wp\/v2\/pages\/13093\/revisions"}],"predecessor-version":[{"id":14210,"href":"https:\/\/www.ufmg.br\/dedd\/wp-json\/wp\/v2\/pages\/13093\/revisions\/14210"}],"wp:attachment":[{"href":"https:\/\/www.ufmg.br\/dedd\/wp-json\/wp\/v2\/media?parent=13093"}],"wp:term":[{"taxonomy":"category","embeddable":true,"href":"https:\/\/www.ufmg.br\/dedd\/wp-json\/wp\/v2\/categories?post=13093"},{"taxonomy":"post_tag","embeddable":true,"href":"https:\/\/www.ufmg.br\/dedd\/wp-json\/wp\/v2\/tags?post=13093"}],"curies":[{"name":"wp","href":"https:\/\/api.w.org\/{rel}","templated":true}]}}