{"id":13096,"date":"2025-03-06T10:32:40","date_gmt":"2025-03-06T13:32:40","guid":{"rendered":"https:\/\/www.ufmg.br\/dedd\/?page_id=13096"},"modified":"2025-10-15T13:55:26","modified_gmt":"2025-10-15T16:55:26","slug":"edital-1087-2025","status":"publish","type":"page","link":"https:\/\/www.ufmg.br\/dedd\/edital-1087-2025\/","title":{"rendered":"EDITAL N\u00ba 1087\/2025 &#8211; TUTOR &#8211; GEOPROCESSAMENTO APLICADO A GEST\u00c3O P\u00daBLICA TERRITORIAL"},"content":{"rendered":"<p><span style=\"font-family: verdana, geneva, sans-serif;\"><a href=\"https:\/\/www.ufmg.br\/dedd\/wp-content\/uploads\/2025\/10\/SEI_4650333_Ato_334.pdf\" target=\"_blank\" rel=\"noopener\">Ato N\u00ba 334 &#8211; Convoca\u00e7\u00e3o de candidatos<\/a> (publicado em 15\/10\/2025)<\/span><\/p>\n<p><span style=\"font-family: verdana, geneva, sans-serif;\"><a href=\"https:\/\/www.ufmg.br\/dedd\/wp-content\/uploads\/2025\/10\/Edital-1807-2025-Convocacao-0810.pdf\">Ato N\u00ba 329\/2025 &#8212; Convoca\u00e7\u00e3o para apresenta\u00e7\u00e3o da documenta\u00e7\u00e3o<\/a> (publicado em 08\/10\/2025)<\/span><\/p>\n<p><span style=\"font-family: verdana, geneva, sans-serif;\"><a href=\"https:\/\/www.ufmg.br\/dedd\/wp-content\/uploads\/2025\/09\/SEI_4593843_Ato_299.pdf\" target=\"_blank\" rel=\"noopener\">Ato N\u00ba 299 &#8211; Convoca\u00e7\u00e3o para apresenta\u00e7\u00e3o da documenta\u00e7\u00e3o<\/a> (publicado em 29\/09\/2025)\u00a0<\/span><\/p>\n<p><span style=\"font-family: verdana, geneva, sans-serif;\"><a href=\"https:\/\/www.ufmg.br\/dedd\/wp-content\/uploads\/2025\/06\/SEI_UFMG-4320392-Ato.pdf\">Resultado final e resposta aos recursos<\/a> (publicado em 24\/06\/2025)\u00a0<\/span><\/p>\n<p><span style=\"font-family: verdana, geneva, sans-serif;\"><a href=\"https:\/\/gpi.caed.ufmg.br\/index.php\/897236?lang=pt-BR\" target=\"_blank\" rel=\"noopener\">Formul\u00e1rio para recursos ao resultado preliminar<\/a> (dispon\u00edvel no per\u00edodo de 11\/06\/2025 at\u00e9 as 14h do dia 15\/06\/2025)\u00a0<\/span><\/p>\n<p><span style=\"font-family: verdana, geneva, sans-serif;\"><a href=\"https:\/\/www.ufmg.br\/dedd\/wp-content\/uploads\/2025\/06\/Edital-1087-2025-Resultado-Preliminar.pdf\">Resultado preliminar<\/a> (publicado em 10\/06\/2025)<\/span><\/p>\n<p><span style=\"font-family: verdana, geneva, sans-serif;\"><a href=\"https:\/\/www.ufmg.br\/dedd\/wp-content\/uploads\/2025\/05\/Edital-1.087-2025-2a-Retificacao-ao-edital-de-selecao.pdf\">Ato de retifica\u00e7\u00e3o n\u00ba 141 ao edital<\/a> &#8212; Prorroga prazo para inscri\u00e7\u00f5es e altera cronograma do processo seletivo (publicado em 21\/05\/2025)\u00a0<\/span><\/p>\n<p><span style=\"font-family: verdana, geneva, sans-serif;\"><a href=\"https:\/\/www.ufmg.br\/dedd\/wp-content\/uploads\/2025\/05\/Edital-1087-2025-Retificacao.pdf\">Ato de retifica\u00e7\u00e3o ao edital n\u00ba 129<\/a> &#8212; Altera dos crit\u00e9rios para elimina\u00e7\u00e3o e pontua\u00e7\u00e3o dos candidatos (publicado em 09\/05\/2025)\u00a0<\/span><\/p>\n<p><span style=\"font-family: verdana, geneva, sans-serif; font-size: 12pt;\"><a href=\"https:\/\/www.ufmg.br\/dedd\/wp-content\/uploads\/2025\/05\/SEI_4177965_Ato_126.pdf\" target=\"_blank\" rel=\"noopener\">Resultado de Impugna\u00e7\u00e3o ao Edital N\u00ba 1087\/2025<\/a> (publicado em 05\/05\/2025)<\/span><\/p>\n<p><span style=\"font-family: verdana, geneva, sans-serif;\"><a href=\"https:\/\/gpi.caed.ufmg.br\/index.php\/166182?lang=pt-BR\" target=\"_blank\" rel=\"noopener\">Formul\u00e1rio de inscri\u00e7\u00e3o<\/a> (dispon\u00edvel no per\u00edodo de 07\/05\/2025 a 28\/05\/2025)<\/span><\/p>\n<p><span style=\"font-family: verdana, geneva, sans-serif;\"><a href=\"https:\/\/www.ufmg.br\/dedd\/wp-content\/uploads\/2025\/04\/Edital-1087-2025-Portaria-de-Comissao-de-Processo-Seletivo.pdf\">Portaria de designa\u00e7\u00e3o de membros da comiss\u00e3o respons\u00e1vel pelo processo seletivo<\/a> (publicada em 30\/04\/2025)<\/span><\/p>\n<p><span style=\"font-family: verdana, geneva, sans-serif;\"><a href=\"https:\/\/gpi.caed.ufmg.br\/index.php\/581372?lang=pt-BR\" target=\"_blank\" rel=\"noopener\">Impugna\u00e7\u00e3o do edital<\/a> (dispon\u00edvel no per\u00edodo de 01\/05\/2025 a 04\/05\/2025)<\/span><\/p>\n<p><span style=\"font-family: verdana, geneva, sans-serif;\"><a href=\"https:\/\/www.ufmg.br\/dedd\/wp-content\/uploads\/2025\/04\/Edital-1087-2025-Selecao-de-tutor-para-especializacao-em-Geoprocessamento.pdf\" target=\"_blank\" rel=\"noopener\">Edital 1087\/2025 &#8212; Sele\u00e7\u00e3o para tutor da especializa\u00e7\u00e3o em Geoprocessamento Aplicado \u00e0 Gest\u00e3o Territorial<\/a> (publicado em 29\/04\/2025)<\/span><\/p>\n<p>&nbsp;<\/p>\n","protected":false},"excerpt":{"rendered":"<p>Ato N\u00ba 334 &#8211; Convoca\u00e7\u00e3o de candidatos (publicado em 15\/10\/2025) [&hellip;]<\/p>\n","protected":false},"author":11,"featured_media":0,"parent":0,"menu_order":0,"comment_status":"closed","ping_status":"closed","template":"","meta":[],"categories":[],"tags":[],"acf":[],"_links":{"self":[{"href":"https:\/\/www.ufmg.br\/dedd\/wp-json\/wp\/v2\/pages\/13096"}],"collection":[{"href":"https:\/\/www.ufmg.br\/dedd\/wp-json\/wp\/v2\/pages"}],"about":[{"href":"https:\/\/www.ufmg.br\/dedd\/wp-json\/wp\/v2\/types\/page"}],"author":[{"embeddable":true,"href":"https:\/\/www.ufmg.br\/dedd\/wp-json\/wp\/v2\/users\/11"}],"replies":[{"embeddable":true,"href":"https:\/\/www.ufmg.br\/dedd\/wp-json\/wp\/v2\/comments?post=13096"}],"version-history":[{"count":27,"href":"https:\/\/www.ufmg.br\/dedd\/wp-json\/wp\/v2\/pages\/13096\/revisions"}],"predecessor-version":[{"id":14294,"href":"https:\/\/www.ufmg.br\/dedd\/wp-json\/wp\/v2\/pages\/13096\/revisions\/14294"}],"wp:attachment":[{"href":"https:\/\/www.ufmg.br\/dedd\/wp-json\/wp\/v2\/media?parent=13096"}],"wp:term":[{"taxonomy":"category","embeddable":true,"href":"https:\/\/www.ufmg.br\/dedd\/wp-json\/wp\/v2\/categories?post=13096"},{"taxonomy":"post_tag","embeddable":true,"href":"https:\/\/www.ufmg.br\/dedd\/wp-json\/wp\/v2\/tags?post=13096"}],"curies":[{"name":"wp","href":"https:\/\/api.w.org\/{rel}","templated":true}]}}