{"id":13103,"date":"2025-03-06T10:49:16","date_gmt":"2025-03-06T13:49:16","guid":{"rendered":"https:\/\/www.ufmg.br\/dedd\/?page_id=13103"},"modified":"2025-08-20T12:38:41","modified_gmt":"2025-08-20T15:38:41","slug":"edital-1163-2025","status":"publish","type":"page","link":"https:\/\/www.ufmg.br\/dedd\/edital-1163-2025\/","title":{"rendered":"EDITAL N\u00ba 1163\/2025 &#8211; ALUNOS &#8211; EDUCA\u00c7\u00c3O ESPECIAL"},"content":{"rendered":"<p><span style=\"font-family: verdana, geneva, sans-serif;\"><a href=\"https:\/\/www.ufmg.br\/dedd\/wp-content\/uploads\/2025\/08\/Edital-1163-2025-3a-Retificacao.pdf\">3\u00ba Ato de Retifica\u00e7\u00e3o Edital n\u00ba 1163\/2025<\/a> &#8212; Retoma o cronograma do processo seletivo e estabelece data de in\u00edcio do curso <span style=\"font-size: 12pt;\">(publicado em 20\/08\/2025)<\/span><\/span><\/p>\n<p><span style=\"font-family: verdana, geneva, sans-serif; font-size: 12pt;\"><a href=\"https:\/\/www.ufmg.br\/dedd\/wp-content\/uploads\/2025\/07\/SEI_4360508_Ato_196.pdf\" target=\"_blank\" rel=\"noopener\">2\u00ba Ato de Retifica\u00e7\u00e3o Edital N\u00ba 1163\/2025 &#8211; Alunos Educa\u00e7\u00e3o Especia<\/a>l (publicado em 09\/07\/2025)<\/span><\/p>\n<p><span style=\"font-family: verdana, geneva, sans-serif;\"><a href=\"https:\/\/www.ufmg.br\/dedd\/wp-content\/uploads\/2025\/07\/SEI_UFMG-4348529-Ato-RESULTADO-FINAL-1163.2025-EDUCACAO-ESPECIAL.pdf\">Resposta aos Recursos e Resultado Final &#8212; sele\u00e7\u00e3o de alunos &#8211; Educa\u00e7\u00e3o Especial<\/a> (<span style=\"font-size: 12pt;\">publicado em 04\/07\/2025<\/span>)<\/span><\/p>\n<p><span style=\"font-family: verdana, geneva, sans-serif;\"><a href=\"https:\/\/www.ufmg.br\/dedd\/wp-content\/uploads\/2025\/06\/SEI_UFMG-4310826-Ato-1.pdf\" target=\"_blank\" rel=\"noopener\">Resultado Preliminar &#8212; sele\u00e7\u00e3o de alunos &#8211; Educa\u00e7\u00e3o Especial<\/a> (<span style=\"font-size: 12pt;\">publicado em 18\/06\/2025<\/span>)<\/span><\/p>\n<p><span style=\"font-family: verdana, geneva, sans-serif;\"><a href=\"https:\/\/gpi.caed.ufmg.br\/index.php\/947856?lang=pt-BR\" target=\"_blank\" rel=\"noopener\">Formul\u00e1rio para recursos ao resultado preliminar<\/a> (dispon\u00edvel no per\u00edodo de 19\/06\/2025 at\u00e9 as 12h do dia 29\/06\/2025)\u00a0<\/span><\/p>\n<p><span style=\"font-family: verdana, geneva, sans-serif;\"><a href=\"https:\/\/www.ufmg.br\/dedd\/wp-content\/uploads\/2025\/05\/SEI_4258181_Ato_148.pdf\" target=\"_blank\" rel=\"noopener\">Resultado Final ap\u00f3s An\u00e1lise dos Recursos ao resultado preliminar &#8211; Edital n\u00ba 1163\/2025<\/a> (<span style=\"font-size: 12pt;\">publicado em 30\/05\/2025<\/span>)<\/span><\/p>\n<p><span style=\"font-family: verdana, geneva, sans-serif;\"><a href=\"https:\/\/www.ufmg.br\/dedd\/wp-content\/uploads\/2025\/05\/SEI_4258142_Ato_147.pdf\" target=\"_blank\" rel=\"noopener\">Resultado da An\u00e1lise do Recurso &#8211; Edital n\u00ba 1163\/2025<\/a> (<span style=\"font-size: 12pt;\">publicado em 30\/05\/2025<\/span>)<\/span><\/p>\n<p><span style=\"font-family: verdana, geneva, sans-serif;\"><a href=\"https:\/\/www.ufmg.br\/dedd\/wp-content\/uploads\/2025\/05\/SEI_4249233_Ato_142.pdf\" target=\"_blank\" rel=\"noopener\"><span style=\"font-size: 12pt;\">Resultado Preliminar das inscri\u00e7\u00f5es homologadas &#8211; edital n\u00ba 1163\/2025<\/span><\/a>\u00a0(<span style=\"font-size: 12pt;\">publicado em 28\/05\/2025<\/span>)<\/span><\/p>\n<p><span style=\"font-family: verdana, geneva, sans-serif;\"><a href=\"https:\/\/gpi.caed.ufmg.br\/index.php\/826414?lang=pt-BR\" target=\"_blank\" rel=\"noopener\">Formul\u00e1rio para recursos das inscri\u00e7\u00f5es homologadas<\/a> (dispon\u00edvel no per\u00edodo de 28\/05\/2025 at\u00e9 as 17h do dia 29\/05\/2025)<\/span><\/p>\n<p><span style=\"font-family: verdana, geneva, sans-serif;\"><a href=\"https:\/\/www.ufmg.br\/dedd\/wp-content\/uploads\/2025\/05\/SEI_4245017_Portaria_5131.pdf\" target=\"_blank\" rel=\"noopener\">Portaria Comiss\u00e3o de Sele\u00e7\u00e3o &#8211; Edital 1163 &#8211;\u00a0 Alunos Educa\u00e7\u00e3o Especial<\/a> (<\/span><span style=\"font-family: verdana, geneva, sans-serif; font-size: 12pt;\">publicada em 27\/05\/2025<\/span>)<\/p>\n<p><span style=\"font-family: verdana, geneva, sans-serif; font-size: 12pt;\"><a href=\"https:\/\/www.ufmg.br\/dedd\/wp-content\/uploads\/2025\/05\/SEI_4208832_Ato_139.pdf\" target=\"_blank\" rel=\"noopener\">Retifica\u00e7\u00e3o Edital N\u00ba 1163\/2025 &#8211; Alunos Educa\u00e7\u00e3o Especial<\/a> (publicada em 15\/05\/2025)<\/span><\/p>\n<p><span style=\"font-family: verdana, geneva, sans-serif;\"><a href=\"https:\/\/gpi.caed.ufmg.br\/index.php\/571436?lang=pt-BR\" target=\"_blank\" rel=\"noopener\">Formul\u00e1rio de inscri\u00e7\u00e3o<\/a> (dispon\u00edvel no per\u00edodo de 06\/05\/2025 a 25\/05\/2025)<\/span><\/p>\n<p><span style=\"font-family: verdana, geneva, sans-serif;\"><a href=\"https:\/\/www.ufmg.br\/dedd\/wp-content\/uploads\/2025\/05\/SEI_4170343_Edital_1163.pdf\" target=\"_blank\" rel=\"noopener\">Edital N\u00ba 1163\/2025 \u2013 Alunos Educa\u00e7\u00e3o Especial<\/a> (publicado em 06\/05\/2025)<\/span><\/p>\n<p>&nbsp;<\/p>\n<p>&nbsp;<\/p>\n<p>&nbsp;<\/p>\n<p>&nbsp;<\/p>\n","protected":false},"excerpt":{"rendered":"<p>3\u00ba Ato de Retifica\u00e7\u00e3o Edital n\u00ba 1163\/2025 &#8212; Retoma o [&hellip;]<\/p>\n","protected":false},"author":11,"featured_media":0,"parent":0,"menu_order":0,"comment_status":"closed","ping_status":"closed","template":"","meta":[],"categories":[],"tags":[],"acf":[],"_links":{"self":[{"href":"https:\/\/www.ufmg.br\/dedd\/wp-json\/wp\/v2\/pages\/13103"}],"collection":[{"href":"https:\/\/www.ufmg.br\/dedd\/wp-json\/wp\/v2\/pages"}],"about":[{"href":"https:\/\/www.ufmg.br\/dedd\/wp-json\/wp\/v2\/types\/page"}],"author":[{"embeddable":true,"href":"https:\/\/www.ufmg.br\/dedd\/wp-json\/wp\/v2\/users\/11"}],"replies":[{"embeddable":true,"href":"https:\/\/www.ufmg.br\/dedd\/wp-json\/wp\/v2\/comments?post=13103"}],"version-history":[{"count":33,"href":"https:\/\/www.ufmg.br\/dedd\/wp-json\/wp\/v2\/pages\/13103\/revisions"}],"predecessor-version":[{"id":14016,"href":"https:\/\/www.ufmg.br\/dedd\/wp-json\/wp\/v2\/pages\/13103\/revisions\/14016"}],"wp:attachment":[{"href":"https:\/\/www.ufmg.br\/dedd\/wp-json\/wp\/v2\/media?parent=13103"}],"wp:term":[{"taxonomy":"category","embeddable":true,"href":"https:\/\/www.ufmg.br\/dedd\/wp-json\/wp\/v2\/categories?post=13103"},{"taxonomy":"post_tag","embeddable":true,"href":"https:\/\/www.ufmg.br\/dedd\/wp-json\/wp\/v2\/tags?post=13103"}],"curies":[{"name":"wp","href":"https:\/\/api.w.org\/{rel}","templated":true}]}}