{"id":13112,"date":"2025-03-07T07:06:53","date_gmt":"2025-03-07T10:06:53","guid":{"rendered":"https:\/\/www.ufmg.br\/dedd\/?page_id=13112"},"modified":"2025-09-24T12:03:56","modified_gmt":"2025-09-24T15:03:56","slug":"edital-571-2025","status":"publish","type":"page","link":"https:\/\/www.ufmg.br\/dedd\/edital-571-2025\/","title":{"rendered":"EDITAL N\u00ba 571\/2025 &#8211; COORDENADOR DE CURSO &#8211; EDUCA\u00c7\u00c3O ESPECIAL"},"content":{"rendered":"<p><span style=\"font-family: verdana, geneva, sans-serif;\"><a href=\"https:\/\/www.ufmg.br\/dedd\/wp-content\/uploads\/2025\/09\/Edital-571-2025-Ato-de-convocacao.pdf\">Ato n\u00ba 219 &#8212; Convoca\u00e7\u00e3o de candidato para apresenta\u00e7\u00e3o de documentos<\/a> (publicado em 24\/09\/2025)<\/span><\/p>\n<p><span style=\"font-family: verdana, geneva, sans-serif;\"><a href=\"https:\/\/www.ufmg.br\/dedd\/wp-content\/uploads\/2025\/04\/Edital-571-2025-Resultado-final.pdf\">Resultado final<\/a> (publicado em 23\/04\/2025)\u00a0<\/span><\/p>\n<p><span style=\"font-family: verdana, geneva, sans-serif;\"><a href=\"https:\/\/www.ufmg.br\/dedd\/wp-content\/uploads\/2025\/04\/Edital-571-2025-Resultado-preliminar.pdf\">Resultado preliminar<\/a> (publicado em 17\/05\/2025)\u00a0<\/span><\/p>\n<p><span style=\"font-family: verdana, geneva, sans-serif; font-size: 12pt;\"><a href=\"https:\/\/www.ufmg.br\/dedd\/wp-content\/uploads\/2025\/04\/SEI_4115305_Portaria_2986-3.pdf\" target=\"_blank\" rel=\"noopener\">Portaria de Comiss\u00e3o de Sele\u00e7\u00e3o &#8211; Edital N\u00ba 571\/2025<\/a> (publicada em 08\/04\/2025)<\/span><\/p>\n<p><span style=\"font-family: verdana, geneva, sans-serif;\"><a href=\"https:\/\/gpi.caed.ufmg.br\/index.php\/653922?lang=pt-BR\" target=\"_blank\" rel=\"noopener\">Recurso Preliminar<\/a> (dispon\u00edvel no per\u00edodo de 14\/04\/2025 a 18\/04\/2025)<\/span><\/p>\n<p><span style=\"font-family: verdana, geneva, sans-serif;\"><a href=\"https:\/\/gpi.caed.ufmg.br\/index.php\/637236?lang=pt-BR\" target=\"_blank\" rel=\"noopener\">Formul\u00e1rio de inscri\u00e7\u00e3o<\/a> (dispon\u00edvel no per\u00edodo de 23\/03\/2025 a 06\/04\/2025)<\/span><\/p>\n<p><span style=\"font-family: verdana, geneva, sans-serif;\"><a href=\"https:\/\/gpi.caed.ufmg.br\/index.php\/434394?lang=pt-BR\" target=\"_blank\" rel=\"noopener\">Impugna\u00e7\u00e3o do edital<\/a> (dispon\u00edvel no per\u00edodo de 19\/03\/2025 a 20\/03\/2025)<\/span><\/p>\n<p><span style=\"font-family: verdana, geneva, sans-serif;\"><a href=\"https:\/\/www.ufmg.br\/dedd\/wp-content\/uploads\/2025\/03\/SEI_4015703_Edital_571.pdf\" target=\"_blank\" rel=\"noopener\">Edital N\u00ba 571\/2025 &#8211; Sele\u00e7\u00e3o de Coordenador de Curso &#8211; Educa\u00e7\u00e3o Especial<\/a> (publicado em 18\/03\/2025)<\/span><\/p>\n","protected":false},"excerpt":{"rendered":"<p>Ato n\u00ba 219 &#8212; Convoca\u00e7\u00e3o de candidato para apresenta\u00e7\u00e3o de [&hellip;]<\/p>\n","protected":false},"author":11,"featured_media":0,"parent":0,"menu_order":0,"comment_status":"closed","ping_status":"closed","template":"","meta":[],"categories":[],"tags":[],"acf":[],"_links":{"self":[{"href":"https:\/\/www.ufmg.br\/dedd\/wp-json\/wp\/v2\/pages\/13112"}],"collection":[{"href":"https:\/\/www.ufmg.br\/dedd\/wp-json\/wp\/v2\/pages"}],"about":[{"href":"https:\/\/www.ufmg.br\/dedd\/wp-json\/wp\/v2\/types\/page"}],"author":[{"embeddable":true,"href":"https:\/\/www.ufmg.br\/dedd\/wp-json\/wp\/v2\/users\/11"}],"replies":[{"embeddable":true,"href":"https:\/\/www.ufmg.br\/dedd\/wp-json\/wp\/v2\/comments?post=13112"}],"version-history":[{"count":17,"href":"https:\/\/www.ufmg.br\/dedd\/wp-json\/wp\/v2\/pages\/13112\/revisions"}],"predecessor-version":[{"id":14183,"href":"https:\/\/www.ufmg.br\/dedd\/wp-json\/wp\/v2\/pages\/13112\/revisions\/14183"}],"wp:attachment":[{"href":"https:\/\/www.ufmg.br\/dedd\/wp-json\/wp\/v2\/media?parent=13112"}],"wp:term":[{"taxonomy":"category","embeddable":true,"href":"https:\/\/www.ufmg.br\/dedd\/wp-json\/wp\/v2\/categories?post=13112"},{"taxonomy":"post_tag","embeddable":true,"href":"https:\/\/www.ufmg.br\/dedd\/wp-json\/wp\/v2\/tags?post=13112"}],"curies":[{"name":"wp","href":"https:\/\/api.w.org\/{rel}","templated":true}]}}