{"id":13515,"date":"2025-05-19T13:15:14","date_gmt":"2025-05-19T16:15:14","guid":{"rendered":"https:\/\/www.ufmg.br\/dedd\/?page_id=13515"},"modified":"2025-10-28T15:55:32","modified_gmt":"2025-10-28T18:55:32","slug":"edital-1340-2025","status":"publish","type":"page","link":"https:\/\/www.ufmg.br\/dedd\/edital-1340-2025\/","title":{"rendered":"EDITAL N\u00ba 1340\/2025 &#8211; ALUNOS &#8211; GEST\u00c3O ESCOLAR"},"content":{"rendered":"<p><span style=\"font-family: georgia, palatino, serif; font-size: 12pt;\"><a href=\"https:\/\/www.ufmg.br\/dedd\/wp-content\/uploads\/2025\/10\/SEI_4685244_Ato_345.pdf\">Edital N\u00ba 1340\/2025\u00a0&#8211;\u00a0LISTA FINAL DE ALUNOS MATRICULADOS<\/a> (publicado em 28\/10\/2025)<\/span><\/p>\n<p><span style=\"font-family: georgia, palatino, serif; font-size: 12pt;\"><a href=\"https:\/\/www.ufmg.br\/dedd\/wp-content\/uploads\/2025\/08\/Edital-1340-2025-4a-Retificacao.pdf\">Ato n\u00ba 236\/2025 &#8212; 4\u00aa retifica\u00e7\u00e3o ao edital de sele\u00e7\u00e3o<\/a> &#8212; retoma cronograma do processo seletivo a partir da etapa de cadastro pr\u00e9vio (publicada em 19\/08\/2025)<\/span><\/p>\n<p><span style=\"font-family: georgia, palatino, serif; font-size: 12pt;\"><a href=\"https:\/\/www.ufmg.br\/dedd\/wp-content\/uploads\/2025\/07\/Edital-1340-2025-3a-Retificacao.pdf\">Ato n.\u00ba 221\/2025 &#8212; 3\u00aa retifica\u00e7\u00e3o ao edital de sele\u00e7\u00e3o<\/a> &#8212; suspende cronograma do processo seletivo a partir da etapa de cadastro pr\u00e9vio (publicada em 31\/07\/2025)<\/span><\/p>\n<p><span style=\"font-family: georgia, palatino, serif; font-size: 12pt;\"><a href=\"https:\/\/www.ufmg.br\/dedd\/wp-content\/uploads\/2025\/07\/SEI_UFMG-4412816-Ato.pdf\">ATO N\u00ba 218, DE 25 DE JULHO DE 2025 &#8211; RESPOSTAS AOS RECURSOS E RESULTADO FINAL<\/a> (publicado em 28\/07\/2025)<\/span><\/p>\n<p><span style=\"font-family: georgia, palatino, serif; font-size: 12pt;\"><a href=\"https:\/\/www.ufmg.br\/dedd\/wp-content\/uploads\/2025\/07\/SEI_4389753_Ato_210-2o-RETIFICACAO-EDITAL-1340.2025.pdf\" target=\"_blank\" rel=\"noopener\">Ato de Retifica\u00e7\u00e3o N\u00ba 210 do Resultado Preliminar, de 16 de Julho de 2025<\/a> (publicado em 17\/07\/2025)<\/span><\/p>\n<p><span style=\"font-family: georgia, palatino, serif; font-size: 12pt;\"><a href=\"https:\/\/www.ufmg.br\/dedd\/wp-content\/uploads\/2025\/07\/SEI_UFMG-4373751-Ato-RESULTADO-PRELIMINAR-1340.2025.pdf\">Resultado Preliminar<\/a> (publicado em 10\/07\/2025)<\/span><\/p>\n<p><span style=\"font-family: georgia, palatino, serif; font-size: 12pt;\"><a href=\"https:\/\/www.ufmg.br\/dedd\/wp-content\/uploads\/2025\/07\/Edital-1340-2025-Retificacao-ao-edital.pdf\">Retifica\u00e7\u00e3o ao edital de sele\u00e7\u00e3o &#8212; Altera o cronograma do processo de seletivo<\/a> (publicada em 03\/07\/2025)<\/span><\/p>\n<p><span style=\"font-family: georgia, palatino, serif; font-size: 12pt;\"><a href=\"https:\/\/www.ufmg.br\/dedd\/wp-content\/uploads\/2025\/06\/Edital-1340-Resultado-final-inscricoes-homologadas.pdf\">Rela\u00e7\u00e3o final das inscri\u00e7\u00f5es homologadas e respostas aos recursos ao resultado preliminar<\/a> (publicada em 25\/6\/2025)\u00a0<\/span><\/p>\n<p><span style=\"font-family: georgia, palatino, serif; font-size: 12pt;\"><a href=\"https:\/\/gpi.caed.ufmg.br\/index.php\/712492?lang=pt-BR\" target=\"_blank\" rel=\"noopener\">Formul\u00e1rio para recursos das inscri\u00e7\u00f5es homologadas<\/a> (dispon\u00edvel no per\u00edodo de 19\/06\/2025 at\u00e9 as 17h do dia 22\/06\/2025)<\/span><\/p>\n<p><span style=\"font-family: georgia, palatino, serif; font-size: 12pt;\"><a href=\"https:\/\/www.ufmg.br\/dedd\/wp-content\/uploads\/2025\/06\/Edital-1340-2025-Resultado-preliminar-inscricoes-homologadas.pdf\">Edital 1.3040\/2025 &#8212; Resultado preliminar das inscri\u00e7\u00f5es homologadas<\/a> (publicada em 18\/06\/2025)\u00a0<\/span><\/p>\n<p><span style=\"font-family: georgia, palatino, serif; font-size: 12pt;\"><a href=\"https:\/\/www.ufmg.br\/dedd\/wp-content\/uploads\/2025\/05\/SEI_4244945_Portaria_5130.pdf\" target=\"_blank\" rel=\"noopener\">Portaria Sele\u00e7\u00e3o de Comiss\u00e3o &#8211; Edital n\u00ba 1340\/2025<\/a> (publicada em 27\/05\/2025)<\/span><\/p>\n<p><span style=\"font-family: georgia, palatino, serif; font-size: 12pt;\"><a href=\"https:\/\/www.ufmg.br\/dedd\/wp-content\/uploads\/2025\/05\/Edital-1340-2025-Selecao-para-alunos-Gestao-Escolar.pdf\" target=\"_blank\" rel=\"noopener\">Edital 1.340\/2025 &#8212; Sele\u00e7\u00e3o para alunos Gest\u00e3o Escolar<\/a> (publicado em 22\/05\/2025)<\/span><\/p>\n<p><span style=\"font-family: georgia, palatino, serif; font-size: 12pt;\"><a href=\"https:\/\/gpi.caed.ufmg.br\/index.php\/511287?lang=pt-BR\" target=\"_blank\" rel=\"noopener\">Formul\u00e1rio de inscri\u00e7\u00e3o<\/a> (dispon\u00edvel no per\u00edodo de 26\/05\/2025 a 15\/06\/2025)<\/span><\/p>\n<p><span style=\"font-family: georgia, palatino, serif; font-size: 12pt;\"><a href=\"https:\/\/gpi.caed.ufmg.br\/index.php\/736664?lang=pt-BR\" target=\"_blank\" rel=\"noopener\">Formul\u00e1rio para recursos ao resultado preliminar<\/a> (dispon\u00edvel no per\u00edodo de 11\/07\/2025 at\u00e9 as 12h do dia 20\/07\/2025)\u00a0<\/span><\/p>\n","protected":false},"excerpt":{"rendered":"<p>Edital N\u00ba 1340\/2025\u00a0&#8211;\u00a0LISTA FINAL DE ALUNOS MATRICULADOS (publicado em 28\/10\/2025) [&hellip;]<\/p>\n","protected":false},"author":11,"featured_media":0,"parent":0,"menu_order":0,"comment_status":"closed","ping_status":"closed","template":"","meta":[],"categories":[],"tags":[],"acf":[],"_links":{"self":[{"href":"https:\/\/www.ufmg.br\/dedd\/wp-json\/wp\/v2\/pages\/13515"}],"collection":[{"href":"https:\/\/www.ufmg.br\/dedd\/wp-json\/wp\/v2\/pages"}],"about":[{"href":"https:\/\/www.ufmg.br\/dedd\/wp-json\/wp\/v2\/types\/page"}],"author":[{"embeddable":true,"href":"https:\/\/www.ufmg.br\/dedd\/wp-json\/wp\/v2\/users\/11"}],"replies":[{"embeddable":true,"href":"https:\/\/www.ufmg.br\/dedd\/wp-json\/wp\/v2\/comments?post=13515"}],"version-history":[{"count":27,"href":"https:\/\/www.ufmg.br\/dedd\/wp-json\/wp\/v2\/pages\/13515\/revisions"}],"predecessor-version":[{"id":13778,"href":"https:\/\/www.ufmg.br\/dedd\/wp-json\/wp\/v2\/pages\/13515\/revisions\/13778"}],"wp:attachment":[{"href":"https:\/\/www.ufmg.br\/dedd\/wp-json\/wp\/v2\/media?parent=13515"}],"wp:term":[{"taxonomy":"category","embeddable":true,"href":"https:\/\/www.ufmg.br\/dedd\/wp-json\/wp\/v2\/categories?post=13515"},{"taxonomy":"post_tag","embeddable":true,"href":"https:\/\/www.ufmg.br\/dedd\/wp-json\/wp\/v2\/tags?post=13515"}],"curies":[{"name":"wp","href":"https:\/\/api.w.org\/{rel}","templated":true}]}}