{"id":13582,"date":"2025-06-10T13:54:05","date_gmt":"2025-06-10T16:54:05","guid":{"rendered":"https:\/\/www.ufmg.br\/dedd\/?page_id=13582"},"modified":"2026-04-16T11:40:14","modified_gmt":"2026-04-16T14:40:14","slug":"edital-1561-2025","status":"publish","type":"page","link":"https:\/\/www.ufmg.br\/dedd\/edital-1561-2025\/","title":{"rendered":"EDITAL N\u00ba 1561\/2025 &#8211; PROFESSOR FORMADOR &#8211; GEOPROCESSAMENTO APLICADO"},"content":{"rendered":"<p><span style=\"font-family: verdana, geneva, sans-serif;\"><a href=\"https:\/\/www.ufmg.br\/dedd\/wp-content\/uploads\/2026\/04\/Edital-1561-2025-Convocacao-1604.pdf\">Ato n\u00ba 54 &#8212; Convoca\u00e7\u00e3o para apresenta\u00e7\u00e3o de documentos<\/a> (publicado em 16\/04\/2026)\u00a0<\/span><\/p>\n<p><span style=\"font-family: verdana, geneva, sans-serif;\"><a href=\"https:\/\/www.ufmg.br\/dedd\/wp-content\/uploads\/2025\/10\/Edital-1561-2025-Convocacao-0310.pdf\">Ato n\u00ba 321\/2025 &#8212; Convoca\u00e7\u00e3o de candidatos para apresenta\u00e7\u00e3o de documentos<\/a> (publicado em 03\/10\/2025)\u00a0<\/span><\/p>\n<p><span style=\"font-family: verdana, geneva, sans-serif;\"><a href=\"https:\/\/www.ufmg.br\/dedd\/wp-content\/uploads\/2025\/09\/SEI_4552167_Ato_278.pdf\" target=\"_blank\" rel=\"noopener\">Resposta ao Recurso e Resultado Final<\/a> (publicado em 12\/09\/2025)<\/span><\/p>\n<p><span style=\"font-family: verdana, geneva, sans-serif;\"><a href=\"https:\/\/www.ufmg.br\/dedd\/wp-content\/uploads\/2025\/09\/SEI_4519805_Ato_256-2.pdf\" target=\"_blank\" rel=\"noopener\">Resultado Preliminar das Etapas I e II<\/a> (publicado em 03\/09\/2025)<\/span><\/p>\n<p><span style=\"font-family: verdana, geneva, sans-serif;\"><a href=\"https:\/\/www.ufmg.br\/dedd\/wp-content\/uploads\/2025\/08\/SEI_4465526_Ato_235.pdf\" target=\"_blank\" rel=\"noopener\">Ato n.\u00ba 235\/2025 &#8212; 2\u00aa Retifica\u00e7\u00e3o ao edital<\/a>: Altera o cronograma do processo seletivo (publicada em 14\/08\/2025)<\/span><\/p>\n<p><span style=\"font-family: verdana, geneva, sans-serif;\"><a href=\"https:\/\/www.ufmg.br\/dedd\/wp-content\/uploads\/2025\/07\/Edital-1561-2025-1a-Retificacao.pdf\">Ato n.\u00ba 220\/2025 &#8212; 1\u00aa Retifica\u00e7\u00e3o ao edital:<\/a> Corrige o n\u00famero de vagas ofertadas e altera o cronograma do processo seletivo (publicada em 1\u00ba\/08\/2025)<\/span><\/p>\n<p><span style=\"font-family: verdana, geneva, sans-serif;\"><a href=\"https:\/\/www.ufmg.br\/dedd\/wp-content\/uploads\/2025\/07\/SEI_4288398_Edital_1561-6.pdf\" target=\"_blank\" rel=\"noopener\">Edital N\u00ba 1561\/2025 &#8211; Professor Formador &#8211; Geoprocessamento Aplicado <\/a>\u00a0(publicado em 11\/07\/2025)<\/span><\/p>\n<p><span style=\"font-family: verdana, geneva, sans-serif;\"><a href=\"https:\/\/gpi.caed.ufmg.br\/index.php\/752242?lang=pt-BR\" target=\"_blank\" rel=\"noopener\">Impugna\u00e7\u00e3o do edital<\/a> (dispon\u00edvel no per\u00edodo de 16\/07\/2025 a 17\/07\/2025)<\/span><\/p>\n<p><span style=\"font-family: verdana, geneva, sans-serif;\"><a href=\"https:\/\/www.ufmg.br\/dedd\/wp-content\/uploads\/2025\/07\/SEI_4386937_Portaria_6984-GEOPROCESSAMENTO-APLICADO.pdf\" target=\"_blank\" rel=\"noopener\">Portaria N\u00ba 6984, de 15 de Julho de 2025<\/a> (publicado em 11\/07\/2025)<\/span><\/p>\n<p><span style=\"font-family: verdana, geneva, sans-serif;\"><a href=\"https:\/\/gpi.caed.ufmg.br\/index.php\/557599?lang=pt-BR\" target=\"_blank\" rel=\"noopener\">Formul\u00e1rio de inscri\u00e7\u00e3o<\/a> (dispon\u00edvel at\u00e9 as 23h59 do dia 24\/08\/2025)<\/span><\/p>\n<p><span style=\"font-family: verdana, geneva, sans-serif;\"><a href=\"https:\/\/gpi.caed.ufmg.br\/index.php\/663711?lang=pt-BR\" target=\"_blank\" rel=\"noopener\">Formul\u00e1rio para recursos ao resultado preliminar<\/a> (dispon\u00edvel no per\u00edodo de 03\/09\/2025 at\u00e9 as 12h do dia 07\/09\/2025)\u00a0<\/span><\/p>\n<p><span style=\"font-family: verdana, geneva, sans-serif;\"><a href=\"https:\/\/www.ufmg.br\/dedd\/wp-content\/uploads\/2025\/07\/SEI_4395736_Ato_211-RESULTADO-IMPUGNACAO-1561.2025-GEOPROCESSAMENTO.pdf\" target=\"_blank\" rel=\"noopener\">Resultado Impugna\u00e7\u00e3o do Edital N\u00ba 1561\/2025<\/a> (publicado em 18\/07\/2025)<\/span><\/p>\n","protected":false},"excerpt":{"rendered":"<p>Ato n\u00ba 54 &#8212; Convoca\u00e7\u00e3o para apresenta\u00e7\u00e3o de documentos (publicado [&hellip;]<\/p>\n","protected":false},"author":11,"featured_media":0,"parent":0,"menu_order":0,"comment_status":"closed","ping_status":"closed","template":"","meta":[],"categories":[],"tags":[],"acf":[],"_links":{"self":[{"href":"https:\/\/www.ufmg.br\/dedd\/wp-json\/wp\/v2\/pages\/13582"}],"collection":[{"href":"https:\/\/www.ufmg.br\/dedd\/wp-json\/wp\/v2\/pages"}],"about":[{"href":"https:\/\/www.ufmg.br\/dedd\/wp-json\/wp\/v2\/types\/page"}],"author":[{"embeddable":true,"href":"https:\/\/www.ufmg.br\/dedd\/wp-json\/wp\/v2\/users\/11"}],"replies":[{"embeddable":true,"href":"https:\/\/www.ufmg.br\/dedd\/wp-json\/wp\/v2\/comments?post=13582"}],"version-history":[{"count":19,"href":"https:\/\/www.ufmg.br\/dedd\/wp-json\/wp\/v2\/pages\/13582\/revisions"}],"predecessor-version":[{"id":14996,"href":"https:\/\/www.ufmg.br\/dedd\/wp-json\/wp\/v2\/pages\/13582\/revisions\/14996"}],"wp:attachment":[{"href":"https:\/\/www.ufmg.br\/dedd\/wp-json\/wp\/v2\/media?parent=13582"}],"wp:term":[{"taxonomy":"category","embeddable":true,"href":"https:\/\/www.ufmg.br\/dedd\/wp-json\/wp\/v2\/categories?post=13582"},{"taxonomy":"post_tag","embeddable":true,"href":"https:\/\/www.ufmg.br\/dedd\/wp-json\/wp\/v2\/tags?post=13582"}],"curies":[{"name":"wp","href":"https:\/\/api.w.org\/{rel}","templated":true}]}}