{"id":13584,"date":"2025-06-10T15:13:58","date_gmt":"2025-06-10T18:13:58","guid":{"rendered":"https:\/\/www.ufmg.br\/dedd\/?page_id=13584"},"modified":"2025-07-01T15:23:46","modified_gmt":"2025-07-01T18:23:46","slug":"edital-1565-2025","status":"publish","type":"page","link":"https:\/\/www.ufmg.br\/dedd\/edital-1565-2025\/","title":{"rendered":"EDITAL N\u00ba 1565\/2025 &#8211; PRESTADOR DE SERVI\u00c7O &#8211; ARQUIVISTA"},"content":{"rendered":"<p><span style=\"font-family: verdana, geneva, sans-serif; font-size: 12pt;\"><a href=\"https:\/\/www.ufmg.br\/dedd\/wp-content\/uploads\/2025\/07\/SEI_4341686_Comunicado_4.pdf\" target=\"_blank\" rel=\"noopener\">Resultado Final Edital 1565\/2025<\/a> <span style=\"font-family: verdana, geneva, sans-serif;\">(publicado em 01\/07\/2025)<\/span><\/span><\/p>\n<p><span style=\"font-family: verdana, geneva, sans-serif; font-size: 12pt;\"><a href=\"https:\/\/www.ufmg.br\/dedd\/wp-content\/uploads\/2025\/06\/SEI_4324245_Comunicado_3.pdf\" target=\"_blank\" rel=\"noopener\">Resultado Preliminar Edital 1565\/2025<\/a> <span style=\"font-family: verdana, geneva, sans-serif;\">(publicado em 26\/06\/2025)<\/span><\/span><\/p>\n<p><span style=\"font-family: verdana, geneva, sans-serif;\"><a href=\"https:\/\/www.ufmg.br\/dedd\/wp-content\/uploads\/2025\/06\/SEI_4315460_Comunicado_2.pdf\" target=\"_blank\" rel=\"noopener\">Resultado Primeira Etapa Edital 1565\/2025<\/a> (publicado em 23\/06\/2025)<\/span><\/p>\n<p><span style=\"font-family: verdana, geneva, sans-serif;\"><a href=\"https:\/\/gpi.caed.ufmg.br\/index.php\/334932?lang=pt-BR\" target=\"_blank\" rel=\"noopener\">Formul\u00e1rio para recursos ao resultado preliminar<\/a> (dispon\u00edvel no per\u00edodo de 27\/06\/2025 a 30\/06\/2025)\u00a0<\/span><\/p>\n<p><span style=\"font-family: verdana, geneva, sans-serif; font-size: 12pt;\"><a href=\"https:\/\/www.ufmg.br\/dedd\/wp-content\/uploads\/2025\/06\/SEI_4312054_Aviso_de_Retificacao.pdf\" target=\"_blank\" rel=\"noopener\">Retifica\u00e7\u00e3o Edital N\u00ba 1565\/2025 Prestador de Servi\u00e7o &#8211; Arquivista <\/a>(publicada em 18\/06\/2025)<\/span><\/p>\n<p><span style=\"font-family: verdana, geneva, sans-serif;\"><a href=\"https:\/\/gpi.caed.ufmg.br\/index.php\/789833?lang=pt-BR\" target=\"_blank\" rel=\"noopener\">Formul\u00e1rio de inscri\u00e7\u00e3o<\/a> (dispon\u00edvel no per\u00edodo de 13\/06\/2025 at\u00e9 as 17h do dia 17\/06\/2025)<\/span><\/p>\n<p><span style=\"font-family: verdana, geneva, sans-serif;\"><a href=\"https:\/\/www.ufmg.br\/dedd\/wp-content\/uploads\/2025\/06\/Edital_1565-Arquivista-Bibliotecario.pdf\" target=\"_blank\" rel=\"noopener\">Edital N\u00ba 1565\/2025 &#8211; Prestador de Servi\u00e7o &#8211; Arquivista <\/a>(publicado em 10\/06\/2025)<\/span><\/p>\n","protected":false},"excerpt":{"rendered":"<p>Resultado Final Edital 1565\/2025 (publicado em 01\/07\/2025) Resultado Preliminar Edital [&hellip;]<\/p>\n","protected":false},"author":11,"featured_media":0,"parent":0,"menu_order":0,"comment_status":"closed","ping_status":"closed","template":"","meta":[],"categories":[],"tags":[],"acf":[],"_links":{"self":[{"href":"https:\/\/www.ufmg.br\/dedd\/wp-json\/wp\/v2\/pages\/13584"}],"collection":[{"href":"https:\/\/www.ufmg.br\/dedd\/wp-json\/wp\/v2\/pages"}],"about":[{"href":"https:\/\/www.ufmg.br\/dedd\/wp-json\/wp\/v2\/types\/page"}],"author":[{"embeddable":true,"href":"https:\/\/www.ufmg.br\/dedd\/wp-json\/wp\/v2\/users\/11"}],"replies":[{"embeddable":true,"href":"https:\/\/www.ufmg.br\/dedd\/wp-json\/wp\/v2\/comments?post=13584"}],"version-history":[{"count":13,"href":"https:\/\/www.ufmg.br\/dedd\/wp-json\/wp\/v2\/pages\/13584\/revisions"}],"predecessor-version":[{"id":13673,"href":"https:\/\/www.ufmg.br\/dedd\/wp-json\/wp\/v2\/pages\/13584\/revisions\/13673"}],"wp:attachment":[{"href":"https:\/\/www.ufmg.br\/dedd\/wp-json\/wp\/v2\/media?parent=13584"}],"wp:term":[{"taxonomy":"category","embeddable":true,"href":"https:\/\/www.ufmg.br\/dedd\/wp-json\/wp\/v2\/categories?post=13584"},{"taxonomy":"post_tag","embeddable":true,"href":"https:\/\/www.ufmg.br\/dedd\/wp-json\/wp\/v2\/tags?post=13584"}],"curies":[{"name":"wp","href":"https:\/\/api.w.org\/{rel}","templated":true}]}}