{"id":13599,"date":"2025-06-12T14:35:17","date_gmt":"2025-06-12T17:35:17","guid":{"rendered":"https:\/\/www.ufmg.br\/dedd\/?page_id=13599"},"modified":"2026-04-13T16:34:08","modified_gmt":"2026-04-13T19:34:08","slug":"edital-1582-2025","status":"publish","type":"page","link":"https:\/\/www.ufmg.br\/dedd\/edital-1582-2025\/","title":{"rendered":"EDITAL N\u00ba 1582\/2025 &#8211; PROFESSOR FORMADOR &#8211;  ALFABETIZA\u00c7\u00c3O E LETRAMENTO"},"content":{"rendered":"<p><span style=\"font-family: verdana, geneva, sans-serif;\"><a href=\"https:\/\/www.ufmg.br\/dedd\/wp-content\/uploads\/2026\/04\/SEI_5101558_Ato_46.pdf\">Ato N\u00ba 46\/2026 &#8211; Convoca\u00e7\u00e3o de candidatos<\/a> (publicado em 13\/04\/2026)<\/span><\/p>\n<p><span style=\"font-family: verdana, geneva, sans-serif;\"><a href=\"https:\/\/www.ufmg.br\/dedd\/wp-content\/uploads\/2025\/10\/SEI_4615239_Ato_320-CONVOCACAO-professor-ALFALETRA.pdf\" target=\"_blank\" rel=\"noopener\">Ato N\u00ba 320\/2025 &#8211; Convoca\u00e7\u00e3o de candidatos<\/a> (publicado em 03\/10\/2025)<\/span><\/p>\n<p><span style=\"font-family: verdana, geneva, sans-serif;\"><a href=\"https:\/\/www.ufmg.br\/dedd\/wp-content\/uploads\/2025\/09\/Edital-1582-2025-Resultado-final-e-respostas-a-recursos.pdf\">Resultado final e respostas aos recursos ao resultado preliminar<\/a> (publicado em 04\/09\/2025)\u00a0<\/span><\/p>\n<p><span style=\"font-family: verdana, geneva, sans-serif;\"><a href=\"https:\/\/www.ufmg.br\/dedd\/wp-content\/uploads\/2025\/08\/SEI_4496455_Ato_247-4.pdf\" target=\"_blank\" rel=\"noopener\">Resultado Preliminar Das Etapas I e II<\/a> (publicado em 26\/08\/2025)<\/span><\/p>\n<p><span style=\"font-family: verdana, geneva, sans-serif;\"><a href=\"https:\/\/www.ufmg.br\/dedd\/wp-content\/uploads\/2025\/08\/Edital-1582-2025-2a-Retificacao.pdf\">Ato n.\u00ba 244\/2025 &#8212; 2\u00aa Retifica\u00e7\u00e3o ao edital de sele\u00e7\u00e3o<\/a>: altera valores de pontua\u00e7\u00e3o atribu\u00edda a candidatos com t\u00edtulo de doutor e o cronograma do processo seletivo (publicada em 21\/08\/2025)<\/span><\/p>\n<p><span style=\"font-family: verdana, geneva, sans-serif;\"><a href=\"https:\/\/www.ufmg.br\/dedd\/wp-content\/uploads\/2025\/08\/Edital-1582-2025-1a-Retificacao-ao-edital.pdf\">Ato n.\u00ba 225\/2025 &#8212; 1\u00aa Retifica\u00e7\u00e3o ao edital de sele\u00e7\u00e3o<\/a> (publicada em 05\/08\/2025)<\/span><\/p>\n<p><span style=\"font-family: verdana, geneva, sans-serif;\"><a href=\"https:\/\/www.ufmg.br\/dedd\/wp-content\/uploads\/2025\/08\/Edital-1582-2025-Resultado-Impugnacao-ao-Edital.pdf\">Resultado de impugna\u00e7\u00e3o ao edital de sele\u00e7\u00e3o<\/a> (publicado em 01\/08\/2025)<\/span><\/p>\n<p><span style=\"font-family: verdana, geneva, sans-serif;\"><a href=\"https:\/\/www.ufmg.br\/dedd\/wp-content\/uploads\/2025\/07\/Edital-1582-2025-Portaria-de-Comissao-de-Selecao.pdf\">Portaria n.\u00ba 7468\/2025 &#8212; Designa membros para a comiss\u00e3o de sele\u00e7\u00e3o<\/a> (publicada em 31\/07\/2025)<\/span><\/p>\n<p><span style=\"font-family: verdana, geneva, sans-serif;\"><a href=\"https:\/\/gpi.caed.ufmg.br\/index.php\/797494?lang=pt-BR\" target=\"_blank\" rel=\"noopener\">Formul\u00e1rio para recursos ao resultado preliminar<\/a> (dispon\u00edvel no per\u00edodo de 27\/08\/2025 at\u00e9 as 12h do dia 31\/08\/2025)\u00a0<\/span><\/p>\n<p><span style=\"font-family: verdana, geneva, sans-serif;\"><a href=\"https:\/\/gpi.caed.ufmg.br\/index.php\/112328?lang=pt-BR\" target=\"_blank\" rel=\"noopener\">Formul\u00e1rio de inscri\u00e7\u00e3o<\/a> (dispon\u00edvel at\u00e9 as 23h59 do dia 16\/08\/2025)<\/span><\/p>\n<p><span style=\"font-family: verdana, geneva, sans-serif;\"><a href=\"https:\/\/gpi.caed.ufmg.br\/index.php\/798484?lang=pt-BR\" target=\"_blank\" rel=\"noopener\">Formul\u00e1rio para impugna\u00e7\u00e3o de Edital<\/a> (Dispon\u00edvel entre 30 e 31\/07\/2025)<\/span><\/p>\n<p><span style=\"font-family: verdana, geneva, sans-serif;\"><a href=\"https:\/\/www.ufmg.br\/dedd\/wp-content\/uploads\/2025\/07\/SEI_4295976_Edital_1582-4.pdf\" target=\"_blank\" rel=\"noopener\">EDITAL N\u00ba 1582\/2025 &#8211; SELE\u00c7\u00c3O PARA BOLSISTA DO PROGRAMA UNIVERSIDADE ABERTA DO BRASIL (UAB), NA FUN\u00c7\u00c3O DE PROFESSOR FORMADOR &#8211; DISCIPLINA CONVENCIONAL PARA ATUAR NO CURSO DE ESPECIALIZA\u00c7\u00c3O EM ALFABETIZA\u00c7\u00c3O E LETRAMENTO<\/a> (Publicado 25\/07\/2025)<\/span><\/p>\n<p>&nbsp;<\/p>\n<p>&nbsp;<\/p>\n<p>&nbsp;<\/p>\n<p>&nbsp;<\/p>\n<p>&nbsp;<\/p>\n<p>&nbsp;<\/p>\n<p>&nbsp;<\/p>\n","protected":false},"excerpt":{"rendered":"<p>Ato N\u00ba 46\/2026 &#8211; Convoca\u00e7\u00e3o de candidatos (publicado em 13\/04\/2026) [&hellip;]<\/p>\n","protected":false},"author":11,"featured_media":0,"parent":0,"menu_order":0,"comment_status":"closed","ping_status":"closed","template":"","meta":[],"categories":[],"tags":[],"acf":[],"_links":{"self":[{"href":"https:\/\/www.ufmg.br\/dedd\/wp-json\/wp\/v2\/pages\/13599"}],"collection":[{"href":"https:\/\/www.ufmg.br\/dedd\/wp-json\/wp\/v2\/pages"}],"about":[{"href":"https:\/\/www.ufmg.br\/dedd\/wp-json\/wp\/v2\/types\/page"}],"author":[{"embeddable":true,"href":"https:\/\/www.ufmg.br\/dedd\/wp-json\/wp\/v2\/users\/11"}],"replies":[{"embeddable":true,"href":"https:\/\/www.ufmg.br\/dedd\/wp-json\/wp\/v2\/comments?post=13599"}],"version-history":[{"count":22,"href":"https:\/\/www.ufmg.br\/dedd\/wp-json\/wp\/v2\/pages\/13599\/revisions"}],"predecessor-version":[{"id":14976,"href":"https:\/\/www.ufmg.br\/dedd\/wp-json\/wp\/v2\/pages\/13599\/revisions\/14976"}],"wp:attachment":[{"href":"https:\/\/www.ufmg.br\/dedd\/wp-json\/wp\/v2\/media?parent=13599"}],"wp:term":[{"taxonomy":"category","embeddable":true,"href":"https:\/\/www.ufmg.br\/dedd\/wp-json\/wp\/v2\/categories?post=13599"},{"taxonomy":"post_tag","embeddable":true,"href":"https:\/\/www.ufmg.br\/dedd\/wp-json\/wp\/v2\/tags?post=13599"}],"curies":[{"name":"wp","href":"https:\/\/api.w.org\/{rel}","templated":true}]}}