{"id":13705,"date":"2025-07-03T12:16:23","date_gmt":"2025-07-03T15:16:23","guid":{"rendered":"https:\/\/www.ufmg.br\/dedd\/?page_id=13705"},"modified":"2025-08-01T11:19:59","modified_gmt":"2025-08-01T14:19:59","slug":"cursos-de-inverno-do-laboratorio-dedd-formacao-de-professores-para-a-educacao-digital","status":"publish","type":"page","link":"https:\/\/www.ufmg.br\/dedd\/cursos-de-inverno-do-laboratorio-dedd-formacao-de-professores-para-a-educacao-digital\/","title":{"rendered":"Cursos de Inverno do Laborat\u00f3rio DEDD: Forma\u00e7\u00e3o de Professores para a Educa\u00e7\u00e3o Digital"},"content":{"rendered":"<p>A Diretoria de Educa\u00e7\u00e3o a Dist\u00e2ncia e Educa\u00e7\u00e3o Digital (DEDD\/UFMG) promover\u00e1, nos meses de julho e de agosto de 2025,\u00a0 o projeto <em>Cursos de Inverno Laborat\u00f3rio DEDD<\/em>, uma iniciativa inovadora que busca capacitar professores da UFMG no uso de tecnologias digitais avan\u00e7adas. O projeto responde \u00e0 crescente demanda por compet\u00eancias digitais na educa\u00e7\u00e3o superior, alinhando-se \u00e0\u00a0<a href=\"https:\/\/www.planalto.gov.br\/ccivil_03\/_ato2023-2026\/2023\/lei\/l14533.htm\" target=\"_blank\" rel=\"external noopener\">Pol\u00edtica Nacional de Educa\u00e7\u00e3o Digital<\/a>\u00a0(PNED).<\/p>\n<p>O objetivo central \u00e9 formar professores capazes de integrar o letramento digital, a aprendizagem baseada em tecnologias e o pensamento computacional em suas pr\u00e1ticas docentes. Por meio da oferta de quatro cursos pr\u00e1ticos de curta dura\u00e7\u00e3o, buscamos aprimorar o desempenho docente e, consequentemente, impactar positivamente os estudantes.<\/p>\n<p>Os cursos oferecidos promovem a inova\u00e7\u00e3o, a pesquisa e o desenvolvimento de solu\u00e7\u00f5es inclusivas no campo das Tecnologias da Informa\u00e7\u00e3o e Comunica\u00e7\u00e3o (TICs), consolidando a UFMG como refer\u00eancia em educa\u00e7\u00e3o digital.<\/p>\n<p><strong>Estrutura do projeto<\/strong><\/p>\n<p>Os cursos s\u00e3o independentes, cada um com carga hor\u00e1ria total de 15 horas, divididas entre encontros presenciais e atividades ass\u00edncronas. Cada forma\u00e7\u00e3o oferece oito vagas, garantindo uma experi\u00eancia mais personalizada e produtiva para os participantes. Os professores podem optar por se inscrever em todos os m\u00f3dulos ou apenas naqueles que melhor atendam \u00e0s suas necessidades e interesses. Ao concluir cada m\u00f3dulo, o participante recebe um certificado tem\u00e1tico, destacando sua compet\u00eancia no tema abordado.<\/p>\n<p><strong>Compet\u00eancias desenvolvidas<\/strong><\/p>\n<p>Os participantes ter\u00e3o a oportunidade de:<\/p>\n<ul>\n<li>atualizar compet\u00eancias compet\u00eancias essenciais no uso de recurso digitais<\/li>\n<li>inovar suas pr\u00e1ticas pedag\u00f3gicas<\/li>\n<li>atuar como protagonistas na transforma\u00e7\u00e3o da educa\u00e7\u00e3o digital na UFMG<\/li>\n<li><\/li>\n<\/ul>\n<p><strong>Inscri\u00e7\u00f5es\u00a0<\/strong><\/p>\n<p>As inscri\u00e7\u00f5es ser\u00e3o realizadas do dia 7 a a\u00a0 11 de julho, por<a href=\"https:\/\/forms.gle\/78BEXmXocRz3DWvL9\"> formul\u00e1rio eletr\u00f4nico ativo exclusivamente<\/a> durante o per\u00edodo. As vagas ser\u00e3o preenchidas por ordem de inscri\u00e7\u00e3o.<\/p>\n<p><strong>Os interessados poder\u00e3o se inscrever em mais de um m\u00f3dulo<\/strong>.<\/p>\n<p><strong>Conhe\u00e7a os m\u00f3dulos ofertados pelo projeto.<\/strong><\/p>\n<style>#sp-ea-13706 .spcollapsing { height: 0; overflow: hidden; transition-property: height;transition-duration: 300ms;}#sp-ea-13706.sp-easy-accordion>.sp-ea-single {border: 1px solid #e2e2e2; }#sp-ea-13706.sp-easy-accordion>.sp-ea-single>.ea-header a {color: #444;}#sp-ea-13706.sp-easy-accordion>.sp-ea-single>.sp-collapse>.ea-body {background: #fff; color: #444;}#sp-ea-13706.sp-easy-accordion>.sp-ea-single {background: #eee;}#sp-ea-13706.sp-easy-accordion>.sp-ea-single>.ea-header a .ea-expand-icon.fa { float: left; color: #444;font-size: 16px;}<\/style><div id=\"sp-ea-13706\" class=\"sp-ea-one sp-easy-accordion\" data-ex-icon=\"fa-minus\" data-col-icon=\"fa-plus\"  data-ea-active=\"ea-click\"  data-ea-mode=\"vertical\" data-preloader=\"\" data-scroll-active-item=\"\" data-offset-to-scroll=\"0\"><div class=\"ea-card ea-expand sp-ea-single\"><h3 class=\"ea-header\"><a class=\"collapsed\" data-sptoggle=\"spcollapse\" data-sptarget=#collapse137060 href=\"javascript:void(0)\"  aria-expanded=\"true\"><i class=\"ea-expand-icon fa fa-minus\"><\/i> Monte sua disciplina: Configura\u00e7\u00f5es B\u00e1sicas no Moodle <\/a><\/h3><div class=\"sp-collapse spcollapse collapsed show\" id=\"collapse137060\" data-parent=#sp-ea-13706><div class=\"ea-body\"><p><strong>Professoras: <\/strong>Cristina Souza e M\u00e1rcia Duarte (DEDD\/UFMG)<\/p>\n<p><strong>Carga hor\u00e1ria<\/strong>: 15 horas (4 encontros presenciais + atividades ass\u00edncronas)<\/p>\n<p><strong>Per\u00edodo:\u00a0<\/strong>14 a 17 de julho<\/p>\n<p><strong>Hor\u00e1rio: <\/strong>10:00 \u00e0s 12:00<\/p>\n<\/div><\/div><\/div><div class=\"ea-card  sp-ea-single\"><h3 class=\"ea-header\"><a class=\"collapsed\" data-sptoggle=\"spcollapse\" data-sptarget=#collapse137061 href=\"javascript:void(0)\"  aria-expanded=\"false\"><i class=\"ea-expand-icon fa fa-plus\"><\/i> Fotografia e Divulga\u00e7\u00e3o Cient\u00edfica<\/a><\/h3><div class=\"sp-collapse spcollapse \" id=\"collapse137061\" data-parent=#sp-ea-13706><div class=\"ea-body\"><p><strong>Professora: <\/strong>Adriana Lemos, (FACE\/UFMG)<\/p>\n<p><strong>Carga hor\u00e1ria<\/strong>: 15 horas (4 encontros presenciais + atividades ass\u00edncronas)<\/p>\n<p><strong>Per\u00edodo:\u00a0<\/strong>21 a 24 de julho<\/p>\n<p><strong>Hor\u00e1rio: <\/strong>15:00 \u00e0s 17:00<\/p>\n<\/div><\/div><\/div><div class=\"ea-card  sp-ea-single\"><h3 class=\"ea-header\"><a class=\"collapsed\" data-sptoggle=\"spcollapse\" data-sptarget=#collapse137062 href=\"javascript:void(0)\"  aria-expanded=\"false\"><i class=\"ea-expand-icon fa fa-plus\"><\/i> Capta\u00e7\u00e3o de \u00e1udio para produ\u00e7\u00e3o de v\u00eddeos educacionais<\/a><\/h3><div class=\"sp-collapse spcollapse \" id=\"collapse137062\" data-parent=#sp-ea-13706><div class=\"ea-body\"><p><strong>Professor: <\/strong>Ernane Oliveira (DEDD\/UFMG)<\/p>\n<p><strong>Carga hor\u00e1ria<\/strong>: 15 horas (4 encontros presenciais + atividades ass\u00edncronas)<\/p>\n<p><strong>Per\u00edodo:\u00a0<\/strong>28 a 31 de julho<\/p>\n<p><strong>Hor\u00e1rio: <\/strong>14:00 \u00e0s 16:00<\/p>\n<\/div><\/div><\/div><div class=\"ea-card  sp-ea-single\"><h3 class=\"ea-header\"><a class=\"collapsed\" data-sptoggle=\"spcollapse\" data-sptarget=#collapse137063 href=\"javascript:void(0)\"  aria-expanded=\"false\"><i class=\"ea-expand-icon fa fa-plus\"><\/i> Intelig\u00eancia Artificial na Educa\u00e7\u00e3o: Ferramentas e Estrat\u00e9gias para Professores <\/a><\/h3><div class=\"sp-collapse spcollapse \" id=\"collapse137063\" data-parent=#sp-ea-13706><div class=\"ea-body\"><p><strong>Professor: <\/strong>Felipe Moreira (LCC\/UFMG)<\/p>\n<p><strong>Carga hor\u00e1ria<\/strong>: 10 horas (5 encontros presenciais + atividades ass\u00edncronas)<\/p>\n<p><strong>Per\u00edodo: <\/strong>4 a 8 de agosto<\/p>\n<p><strong>Hor\u00e1rio: <\/strong>10:00 \u00e0s 12:00h<\/p>\n<\/div><\/div><\/div><\/div>\n","protected":false},"excerpt":{"rendered":"<p>A Diretoria de Educa\u00e7\u00e3o a Dist\u00e2ncia e Educa\u00e7\u00e3o Digital (DEDD\/UFMG) [&hellip;]<\/p>\n","protected":false},"author":5,"featured_media":0,"parent":0,"menu_order":0,"comment_status":"closed","ping_status":"closed","template":"","meta":[],"categories":[],"tags":[],"acf":[],"_links":{"self":[{"href":"https:\/\/www.ufmg.br\/dedd\/wp-json\/wp\/v2\/pages\/13705"}],"collection":[{"href":"https:\/\/www.ufmg.br\/dedd\/wp-json\/wp\/v2\/pages"}],"about":[{"href":"https:\/\/www.ufmg.br\/dedd\/wp-json\/wp\/v2\/types\/page"}],"author":[{"embeddable":true,"href":"https:\/\/www.ufmg.br\/dedd\/wp-json\/wp\/v2\/users\/5"}],"replies":[{"embeddable":true,"href":"https:\/\/www.ufmg.br\/dedd\/wp-json\/wp\/v2\/comments?post=13705"}],"version-history":[{"count":8,"href":"https:\/\/www.ufmg.br\/dedd\/wp-json\/wp\/v2\/pages\/13705\/revisions"}],"predecessor-version":[{"id":13924,"href":"https:\/\/www.ufmg.br\/dedd\/wp-json\/wp\/v2\/pages\/13705\/revisions\/13924"}],"wp:attachment":[{"href":"https:\/\/www.ufmg.br\/dedd\/wp-json\/wp\/v2\/media?parent=13705"}],"wp:term":[{"taxonomy":"category","embeddable":true,"href":"https:\/\/www.ufmg.br\/dedd\/wp-json\/wp\/v2\/categories?post=13705"},{"taxonomy":"post_tag","embeddable":true,"href":"https:\/\/www.ufmg.br\/dedd\/wp-json\/wp\/v2\/tags?post=13705"}],"curies":[{"name":"wp","href":"https:\/\/api.w.org\/{rel}","templated":true}]}}