{"id":13729,"date":"2025-07-03T17:25:52","date_gmt":"2025-07-03T20:25:52","guid":{"rendered":"https:\/\/www.ufmg.br\/dedd\/?page_id=13729"},"modified":"2025-10-10T16:34:02","modified_gmt":"2025-10-10T19:34:02","slug":"edital-1736-2025","status":"publish","type":"page","link":"https:\/\/www.ufmg.br\/dedd\/edital-1736-2025\/","title":{"rendered":"Edital n\u00ba1736\/2025 &#8211; Sele\u00e7\u00e3o de Bolsistas &#8211; Assistente Pedag\u00f3gico"},"content":{"rendered":"<p><span style=\"font-family: verdana, geneva, sans-serif;\"><a href=\"https:\/\/www.ufmg.br\/dedd\/wp-content\/uploads\/2025\/10\/SEI_4640103_Ato_332.pdf\">Ato 332\/2025 &#8212; Convoca\u00e7\u00e3o dos candidatos para apresenta\u00e7\u00e3o da documenta\u00e7\u00e3o<\/a> (publicado em 10\/10\/2025)\u00a0<\/span><\/p>\n<p><span style=\"font-family: verdana, geneva, sans-serif;\"><a href=\"https:\/\/www.ufmg.br\/dedd\/wp-content\/uploads\/2025\/10\/Edital-1736-2025-Convocacao-0710.pdf\">Ato 326\/2025 &#8212; Convoca\u00e7\u00e3o dos candidatos para apresenta\u00e7\u00e3o da documenta\u00e7\u00e3o<\/a> (publicado em 07\/10\/2025)\u00a0<\/span><\/p>\n<p><span style=\"font-family: verdana, geneva, sans-serif;\"><a href=\"https:\/\/www.ufmg.br\/dedd\/wp-content\/uploads\/2025\/09\/SEI_4586083_Ato_292-1.pdf\" target=\"_blank\" rel=\"noopener\">Ato 292 &#8211; Convoca\u00e7\u00e3o dos candidatos para apresenta\u00e7\u00e3o da documenta\u00e7\u00e3o<\/a> (publicado em 24\/09\/2025)<\/span><\/p>\n<p><span style=\"font-family: verdana, geneva, sans-serif;\"><a href=\"https:\/\/www.ufmg.br\/dedd\/wp-content\/uploads\/2025\/08\/SEI_4503855_Ato_251.pdf\">Ato 251 &#8211; Convoca\u00e7\u00e3o dos candidatos para apresenta\u00e7\u00e3o da documenta\u00e7\u00e3o<\/a> (publicado em 28\/08\/2025)<\/span><\/p>\n<p><span style=\"font-family: verdana, geneva, sans-serif;\"><a href=\"https:\/\/www.ufmg.br\/dedd\/wp-content\/uploads\/2025\/08\/SEI_4502272_Ato_250.pdf\" target=\"_blank\" rel=\"noopener\">Ato 250 &#8211; Convoca\u00e7\u00e3o dos candidatos para apresenta\u00e7\u00e3o da documenta\u00e7\u00e3o<\/a> (publicado em 28\/08\/2025)<\/span><\/p>\n<p><span style=\"font-family: verdana, geneva, sans-serif;\"><a href=\"https:\/\/www.ufmg.br\/dedd\/wp-content\/uploads\/2025\/08\/SEI_4499338_Ato_249-Resultado-Final.pdf\">Resultado Final<\/a> (publicado em 27\/08\/2025)<\/span><\/p>\n<p><a href=\"https:\/\/www.ufmg.br\/dedd\/wp-content\/uploads\/2025\/07\/SEI_4365387_Ato_200.pdf\"><span style=\"font-family: verdana, geneva, sans-serif;\">Resposta \u00e0 Impugna\u00e7\u00e3o do edital<\/span><\/a> <span style=\"font-family: verdana, geneva, sans-serif;\">(publicado em 03\/07\/2025)<\/span><\/p>\n<p><a href=\"https:\/\/www.ufmg.br\/dedd\/wp-content\/uploads\/2025\/07\/SEI_4345831_Edital_1736-5-2.pdf\" target=\"_blank\" rel=\"noopener\">\u200b<span style=\"font-family: verdana, geneva, sans-serif;\">Edital n\u00ba1736\/2025 &#8211; Sele\u00e7\u00e3o de Bolsistas &#8211; Assistente Pedag\u00f3gico<\/span><\/a><span style=\"font-family: verdana, geneva, sans-serif;\"> (publicado em 03\/07\/2025)<\/span><\/p>\n<p><span style=\"font-family: verdana, geneva, sans-serif;\"><a href=\"https:\/\/www.ufmg.br\/dedd\/wp-content\/uploads\/2025\/07\/SEI_4350967_Portaria_6590-1.pdf\" target=\"_blank\" rel=\"noopener\">Portaria n\u00ba 6590, de 03 de Julho de 2025<\/a> (publicada em 03\/07\/2025)<\/span><\/p>\n<p><span style=\"font-family: verdana, geneva, sans-serif;\"><a href=\"https:\/\/gpi.caed.ufmg.br\/index.php\/244369?lang=pt-BR\" target=\"_blank\" rel=\"noopener\">Impugna\u00e7\u00e3o do edital<\/a> (dispon\u00edvel no per\u00edodo de 04\/07\/2025 a 05\/07\/2025)<\/span><\/p>\n<p><span style=\"font-family: verdana, geneva, sans-serif;\"><a href=\"https:\/\/gpi.caed.ufmg.br\/index.php\/324613?lang=pt-BR\" target=\"_blank\" rel=\"noopener\">Formul\u00e1rio de inscri\u00e7\u00e3o<\/a> (dispon\u00edvel no per\u00edodo de 08\/07\/2025 a 22\/07\/2025)<\/span><\/p>\n<p><span style=\"font-family: verdana, geneva, sans-serif;\"><a href=\"https:\/\/gpi.caed.ufmg.br\/index.php\/664936?lang=pt-BR\" target=\"_blank\" rel=\"noopener\">Formul\u00e1rio para recursos ao resultado preliminar<\/a> (dispon\u00edvel no per\u00edodo de 05\/08\/2025 at\u00e9 as 14h do dia 09\/08\/2025)\u00a0<\/span><\/p>\n<p><span style=\"font-family: verdana, geneva, sans-serif;\"><a href=\"https:\/\/www.ufmg.br\/dedd\/wp-content\/uploads\/2025\/07\/SEI_4376509_Ato_205-retificacao.pdf\" target=\"_blank\" rel=\"noopener\">Ato de Retifica\u00e7\u00e3o N\u00ba 205, de 11 De Julho de 2025<\/a> (publicada em 16\/07\/2025)<\/span><\/p>\n<p><span style=\"font-family: verdana, geneva, sans-serif;\"><a href=\"https:\/\/www.ufmg.br\/dedd\/wp-content\/uploads\/2025\/08\/SEI_4429377_Ato_224.pdf\" target=\"_blank\" rel=\"noopener\">Resultado Preliminar da Etapa I<\/a> (publicado em 04\/08\/2025)<\/span><\/p>\n<p><span style=\"font-family: verdana, geneva, sans-serif;\"><a href=\"https:\/\/www.ufmg.br\/dedd\/wp-content\/uploads\/2025\/08\/Ato_233-Respostas-aos-Recursos.pdf\" target=\"_blank\" rel=\"noopener\">Respostas aos recursos referentes ao resultado preliminar<\/a> (publicado em 14\/08\/2025)<\/span><\/p>\n<p><span style=\"font-family: verdana, geneva, sans-serif;\"><a href=\"https:\/\/www.ufmg.br\/dedd\/wp-content\/uploads\/2025\/08\/Ato_234-Resultado-e-Entrevistas.pdf\" target=\"_blank\" rel=\"noopener\">Resultado final da Etapa I e a convoca\u00e7\u00e3o para as entrevistas<\/a> (publicado em 14\/08\/2025)<\/span><\/p>\n","protected":false},"excerpt":{"rendered":"<p>Ato 332\/2025 &#8212; Convoca\u00e7\u00e3o dos candidatos para apresenta\u00e7\u00e3o da documenta\u00e7\u00e3o [&hellip;]<\/p>\n","protected":false},"author":3,"featured_media":0,"parent":0,"menu_order":0,"comment_status":"closed","ping_status":"closed","template":"","meta":[],"categories":[],"tags":[],"acf":[],"_links":{"self":[{"href":"https:\/\/www.ufmg.br\/dedd\/wp-json\/wp\/v2\/pages\/13729"}],"collection":[{"href":"https:\/\/www.ufmg.br\/dedd\/wp-json\/wp\/v2\/pages"}],"about":[{"href":"https:\/\/www.ufmg.br\/dedd\/wp-json\/wp\/v2\/types\/page"}],"author":[{"embeddable":true,"href":"https:\/\/www.ufmg.br\/dedd\/wp-json\/wp\/v2\/users\/3"}],"replies":[{"embeddable":true,"href":"https:\/\/www.ufmg.br\/dedd\/wp-json\/wp\/v2\/comments?post=13729"}],"version-history":[{"count":22,"href":"https:\/\/www.ufmg.br\/dedd\/wp-json\/wp\/v2\/pages\/13729\/revisions"}],"predecessor-version":[{"id":14285,"href":"https:\/\/www.ufmg.br\/dedd\/wp-json\/wp\/v2\/pages\/13729\/revisions\/14285"}],"wp:attachment":[{"href":"https:\/\/www.ufmg.br\/dedd\/wp-json\/wp\/v2\/media?parent=13729"}],"wp:term":[{"taxonomy":"category","embeddable":true,"href":"https:\/\/www.ufmg.br\/dedd\/wp-json\/wp\/v2\/categories?post=13729"},{"taxonomy":"post_tag","embeddable":true,"href":"https:\/\/www.ufmg.br\/dedd\/wp-json\/wp\/v2\/tags?post=13729"}],"curies":[{"name":"wp","href":"https:\/\/api.w.org\/{rel}","templated":true}]}}