{"id":13773,"date":"2025-07-09T13:14:28","date_gmt":"2025-07-09T16:14:28","guid":{"rendered":"https:\/\/www.ufmg.br\/dedd\/?page_id=13773"},"modified":"2025-10-15T13:54:56","modified_gmt":"2025-10-15T16:54:56","slug":"edital-1807-2025","status":"publish","type":"page","link":"https:\/\/www.ufmg.br\/dedd\/edital-1807-2025\/","title":{"rendered":"EDITAL N\u00ba 1807\/2025 &#8211; TUTOR &#8211; GEST\u00c3O ESCOLAR"},"content":{"rendered":"<p><span style=\"font-family: verdana, geneva, sans-serif;\"><a href=\"https:\/\/www.ufmg.br\/dedd\/wp-content\/uploads\/2025\/10\/SEI_4640574_Ato_333.pdf\" target=\"_blank\" rel=\"noopener\">Ato N\u00ba 333 &#8211; Convoca\u00e7\u00e3o de candidatos<\/a> (publicado em 14\/10\/2025)<\/span><\/p>\n<p><span style=\"font-family: verdana, geneva, sans-serif;\"><a href=\"https:\/\/www.ufmg.br\/dedd\/wp-content\/uploads\/2025\/10\/Edital-1807-2025-Convocacao-0710.pdf\">Ato N\u00ba 328 &#8211; Convoca\u00e7\u00e3o de candidatos<\/a> (publicado em 07\/10\/2025)<\/span><\/p>\n<p><span style=\"font-family: verdana, geneva, sans-serif;\"><a href=\"https:\/\/www.ufmg.br\/dedd\/wp-content\/uploads\/2025\/10\/SEI_4618298_Ato_323-convocacao-Tutor-Gestao-Escolar.pdf\" target=\"_blank\" rel=\"noopener\">Ato N\u00ba 323 &#8211; Convoca\u00e7\u00e3o de candidatos<\/a> (publicado em 03\/10\/2025)<\/span><\/p>\n<p><span style=\"font-family: verdana, geneva, sans-serif;\"><a href=\"https:\/\/www.ufmg.br\/dedd\/wp-content\/uploads\/2025\/09\/SEI_4598537_Ato_302.pdf\" target=\"_blank\" rel=\"noopener\">Ato N\u00ba 302 &#8211; Respostas aos Recursos e o Resultado Final<\/a> (publicado em 29\/09\/2025)<\/span><\/p>\n<p><span style=\"font-family: verdana, geneva, sans-serif;\"><a href=\"https:\/\/www.ufmg.br\/dedd\/wp-content\/uploads\/2025\/09\/SEI_4581646_Ato_287.pdf\" target=\"_blank\" rel=\"noopener\">Ato n\u00ba 287\/2025 &#8211; 5\u00aa Retifica\u00e7\u00e3o ao edital de sele\u00e7\u00e3o<\/a> &#8211; <strong>Altera cronograma do processo seletivo <\/strong>(publicado em 23\/09\/2025)<\/span><\/p>\n<p><span style=\"font-family: verdana, geneva, sans-serif;\"><a href=\"https:\/\/www.ufmg.br\/dedd\/wp-content\/uploads\/2025\/09\/SEI_UFMG-4549672-Ato.pdf\" target=\"_blank\" rel=\"noopener\">Ato n\u00ba 273\/2025 &#8212; Resultado preliminar<\/a> (publicado em 12\/09\/2025)<\/span><\/p>\n<p><span style=\"font-family: verdana, geneva, sans-serif;\"><a href=\"https:\/\/www.ufmg.br\/dedd\/wp-content\/uploads\/2025\/09\/Edital-1807-2025-4o-Retificacao-ao-edital.pdf\">Ato n\u00ba 261\/2025 &#8212; 4\u00aa Retifica\u00e7\u00e3o ao edital de sele\u00e7\u00e3o<\/a> &#8212; <strong>Altera cronograma do processo seletivo <\/strong>(publica\u00e7\u00e3o em 05\/09\/2025)<\/span><\/p>\n<p><span style=\"font-family: verdana, geneva, sans-serif;\"><a href=\"https:\/\/www.ufmg.br\/dedd\/wp-content\/uploads\/2025\/09\/Edital-1807-2025-Cancelamento-de-resultado-preliminar.pdf\">Termo de cancelamento do resultado preliminar<\/a> (publicado em 05\/09\/2025)\u00a0<\/span><\/p>\n<p><span style=\"font-family: verdana, geneva, sans-serif;\"><a href=\"https:\/\/gpi.caed.ufmg.br\/index.php\/478993?lang=pt-BR\" target=\"_blank\" rel=\"noopener\">Formul\u00e1rio para recursos ao resultado preliminar<\/a> (dispon\u00edvel no per\u00edodo de 12\/09\/2025 at\u00e9 as 14h do dia 16\/09\/2025)\u00a0<\/span><\/p>\n<p><span style=\"font-family: verdana, geneva, sans-serif;\"><a href=\"https:\/\/www.ufmg.br\/dedd\/wp-content\/uploads\/2025\/09\/SEI_UFMG-4523746-Ato.pdf\">Resultado Preliminar<\/a>\u00a0(publicado em 03\/09\/2025)\u00a0<\/span><\/p>\n<p><span style=\"font-family: verdana, geneva, sans-serif;\"><a href=\"https:\/\/www.ufmg.br\/dedd\/wp-content\/uploads\/2025\/08\/Edital-1807-2025-3a-Retificacao.pdf\">Ato de Retifica\u00e7\u00e3o n\u00ba 238\/2025 &#8212; 3\u00aa retifica\u00e7\u00e3o ao edital de sele\u00e7\u00e3o<\/a>. <strong>Altera cronograma do processo seletivo<\/strong>. (publicado em 19\/08\/2025)\u00a0<\/span><\/p>\n<p><span style=\"font-family: verdana, geneva, sans-serif;\"><a href=\"https:\/\/www.ufmg.br\/dedd\/wp-content\/uploads\/2025\/07\/SEI_4368136_Edital_1807-1.pdf\" target=\"_blank\" rel=\"noopener\">Edital N\u00ba 1.807\/2025 &#8211; Edital Gest\u00e3o Escolar &#8211; Tutor <\/a>(publicado em 11\/07\/2025)<\/span><\/p>\n<p><span style=\"font-family: verdana, geneva, sans-serif;\"><a href=\"https:\/\/gpi.caed.ufmg.br\/index.php\/574649?lang=pt-BR\" target=\"_blank\" rel=\"noopener\">Impugna\u00e7\u00e3o do edital<\/a> (dispon\u00edvel no per\u00edodo de 16\/07\/2025 a 17\/07\/2025)<\/span><\/p>\n<p><span style=\"font-family: verdana, geneva, sans-serif;\"><a href=\"https:\/\/gpi.caed.ufmg.br\/index.php\/221914?lang=pt-BR\" target=\"_blank\" rel=\"noopener\">Formul\u00e1rio de inscri\u00e7\u00e3o<\/a> (dispon\u00edvel no per\u00edodo de 21\/07\/2025 a 04\/08\/2025)<\/span><\/p>\n<p><span style=\"font-family: verdana, geneva, sans-serif;\"><a href=\"https:\/\/www.ufmg.br\/dedd\/wp-content\/uploads\/2025\/07\/SEI_4384025_Portaria_6933-GESTAO-ESCOLAR.pdf\" target=\"_blank\" rel=\"noopener\">Portaria N\u00ba 6933, de 15 de Julho de 2025<\/a> (publicada em 16\/07\/2025)<\/span><\/p>\n<p><span style=\"font-family: verdana, geneva, sans-serif;\"><a href=\"https:\/\/www.ufmg.br\/dedd\/wp-content\/uploads\/2025\/07\/SEI_4385865_Ato_207-retificacao-edital-no-1807.2025-gestao-escolar.pdf\" target=\"_blank\" rel=\"noopener\">Ato de Retifica\u00e7\u00e3o N\u00ba 207, de 15 de Julho de 2025<\/a> &#8211; <strong>Altera polos de atua\u00e7\u00e3o previstos pelo edital<\/strong> (publicado em 16\/07\/2025)<\/span><\/p>\n<p><span style=\"font-family: verdana, geneva, sans-serif;\"><a href=\"https:\/\/www.ufmg.br\/dedd\/wp-content\/uploads\/2025\/07\/SEI_4401872_Ato_214-2.pdf\">Ato de Retifica\u00e7\u00e3o N\u00ba 214, de 15 de Julho de 2025<\/a> (publicada em 23\/07\/2025)<\/span><\/p>\n<p>&nbsp;<\/p>\n<p>&nbsp;<\/p>\n","protected":false},"excerpt":{"rendered":"<p>Ato N\u00ba 333 &#8211; Convoca\u00e7\u00e3o de candidatos (publicado em 14\/10\/2025) [&hellip;]<\/p>\n","protected":false},"author":11,"featured_media":0,"parent":0,"menu_order":0,"comment_status":"closed","ping_status":"closed","template":"","meta":[],"categories":[],"tags":[],"acf":[],"_links":{"self":[{"href":"https:\/\/www.ufmg.br\/dedd\/wp-json\/wp\/v2\/pages\/13773"}],"collection":[{"href":"https:\/\/www.ufmg.br\/dedd\/wp-json\/wp\/v2\/pages"}],"about":[{"href":"https:\/\/www.ufmg.br\/dedd\/wp-json\/wp\/v2\/types\/page"}],"author":[{"embeddable":true,"href":"https:\/\/www.ufmg.br\/dedd\/wp-json\/wp\/v2\/users\/11"}],"replies":[{"embeddable":true,"href":"https:\/\/www.ufmg.br\/dedd\/wp-json\/wp\/v2\/comments?post=13773"}],"version-history":[{"count":39,"href":"https:\/\/www.ufmg.br\/dedd\/wp-json\/wp\/v2\/pages\/13773\/revisions"}],"predecessor-version":[{"id":14293,"href":"https:\/\/www.ufmg.br\/dedd\/wp-json\/wp\/v2\/pages\/13773\/revisions\/14293"}],"wp:attachment":[{"href":"https:\/\/www.ufmg.br\/dedd\/wp-json\/wp\/v2\/media?parent=13773"}],"wp:term":[{"taxonomy":"category","embeddable":true,"href":"https:\/\/www.ufmg.br\/dedd\/wp-json\/wp\/v2\/categories?post=13773"},{"taxonomy":"post_tag","embeddable":true,"href":"https:\/\/www.ufmg.br\/dedd\/wp-json\/wp\/v2\/tags?post=13773"}],"curies":[{"name":"wp","href":"https:\/\/api.w.org\/{rel}","templated":true}]}}