{"id":13775,"date":"2025-07-09T13:15:51","date_gmt":"2025-07-09T16:15:51","guid":{"rendered":"https:\/\/www.ufmg.br\/dedd\/?page_id=13775"},"modified":"2025-09-29T08:45:03","modified_gmt":"2025-09-29T11:45:03","slug":"edital-1808-2025","status":"publish","type":"page","link":"https:\/\/www.ufmg.br\/dedd\/edital-1808-2025\/","title":{"rendered":"EDITAL N\u00ba 1808\/2025 &#8211; TUTOR &#8211; EDUCA\u00c7\u00c3O ESPECIAL"},"content":{"rendered":"<p><span style=\"font-family: verdana, geneva, sans-serif;\"><a href=\"https:\/\/www.ufmg.br\/dedd\/wp-content\/uploads\/2025\/09\/Edital-1808-2025-Ato-de-conovocacao-2909.pdf\">Ato n\u00ba 295 &#8212; Convoca\u00e7\u00e3o de candidatos para apresenta\u00e7\u00e3o de documentos<\/a> (publicada em 29\/09\/2025)\u00a0<\/span><\/p>\n<p><span style=\"font-family: verdana, geneva, sans-serif;\"><a href=\"https:\/\/www.ufmg.br\/dedd\/wp-content\/uploads\/2025\/09\/SEI_4551332_Ato_277.pdf\" target=\"_blank\" rel=\"noopener\">4\u00ba Ato de Retifica\u00e7\u00e3o ao Resultado Final<\/a> (publicado em 12\/09\/2025)<\/span><\/p>\n<p><span style=\"font-family: verdana, geneva, sans-serif;\"><a href=\"https:\/\/www.ufmg.br\/dedd\/wp-content\/uploads\/2025\/09\/Edital-1808-2025-Retificacao-ao-resultado-final.pdf\">Ato n\u00ba 271\/2025 &#8212; Retifica\u00e7\u00e3o ao resultado final: altera\u00e7\u00e3o na classifica\u00e7\u00e3o da coloca\u00e7\u00e3o de candidatos \u00e0 vagas reservadas<\/a> (publicada 11\/09\/2025)<\/span><\/p>\n<p><span style=\"font-family: verdana, geneva, sans-serif;\"><a href=\"https:\/\/www.ufmg.br\/dedd\/wp-content\/uploads\/2025\/09\/SEI_4536080_Ato_269.pdf\" target=\"_blank\" rel=\"noopener\">Complemento das Respostas aos Recursos<\/a> (publicado em 08\/09\/2025)<\/span><\/p>\n<p><span style=\"font-family: verdana, geneva, sans-serif;\"><a href=\"https:\/\/www.ufmg.br\/dedd\/wp-content\/uploads\/2025\/09\/Edital-1808-2025-Resultado-final-e-respostas-aos-recursos.pdf\">Ato n\u00ba 268\/2025 &#8212; Resultado final e respostas aos recursos (<\/a>publicado em 08\/09\/2025)<\/span><\/p>\n<p><span style=\"font-family: verdana, geneva, sans-serif;\"><a href=\"https:\/\/www.ufmg.br\/dedd\/wp-content\/uploads\/2025\/08\/Edital-1808-2025-Resultado-preliminar.pdf\">Ato n\u00ba 243\/2025 &#8212; Resultado preliminar<\/a> (publicado em 22\/08\/2025)<\/span><\/p>\n<p><span style=\"font-family: verdana, geneva, sans-serif;\"><a href=\"https:\/\/www.ufmg.br\/dedd\/wp-content\/uploads\/2025\/08\/Edital-1808-2025-3a-Retificacao.pdf\">Ato n\u00ba 240\/2025 &#8212; 3\u00aa Retifica\u00e7\u00e3o ao edital de sele\u00e7\u00e3o<\/a> &#8211; Altera cronograma do processo seletivo. (publicada em 19\/08\/2025)<\/span><\/p>\n<p><span style=\"font-family: verdana, geneva, sans-serif;\"><a href=\"https:\/\/www.ufmg.br\/dedd\/wp-content\/uploads\/2025\/07\/Edital-1808-2025-Retificacao.pdf\">Ato n\u00ba 215 &#8211; Retifica\u00e7\u00e3o ao edital de sele\u00e7\u00e3o<\/a> (publicada em 23\/07\/2025)<\/span><\/p>\n<p><span style=\"font-family: verdana, geneva, sans-serif;\"><a href=\"https:\/\/www.ufmg.br\/dedd\/wp-content\/uploads\/2025\/07\/SEI_4368144_Edital_1808.pdf\" target=\"_blank\" rel=\"noopener\">Edital N\u00ba 1.808\/2025 &#8211; Educa\u00e7\u00e3o Especial &#8211; Tutor<\/a> (publicado em 11\/07\/2025)<\/span><\/p>\n<p><span style=\"font-family: verdana, geneva, sans-serif;\"><a href=\"https:\/\/gpi.caed.ufmg.br\/index.php\/948555?lang=pt-BR\" target=\"_blank\" rel=\"noopener\">Impugna\u00e7\u00e3o do edital<\/a> (dispon\u00edvel no per\u00edodo de 16\/07\/2025 a 17\/07\/2025)<\/span><\/p>\n<p><span style=\"font-family: verdana, geneva, sans-serif;\"><a href=\"https:\/\/gpi.caed.ufmg.br\/index.php\/927711?lang=pt-BR\" target=\"_blank\" rel=\"noopener\">Formul\u00e1rio de inscri\u00e7\u00e3o<\/a> (dispon\u00edvel no per\u00edodo de 21\/07\/2025 a 04\/08\/2025)<\/span><\/p>\n<p><span style=\"font-family: verdana, geneva, sans-serif;\"><a href=\"https:\/\/gpi.caed.ufmg.br\/index.php\/335187?lang=pt-BR\" target=\"_blank\" rel=\"noopener\">Formul\u00e1rio para recursos ao resultado preliminar<\/a> (dispon\u00edvel no per\u00edodo de 25\/08\/2025 at\u00e9 as 14h do dia 29\/08\/2025)\u00a0<\/span><\/p>\n<p><span style=\"font-family: verdana, geneva, sans-serif;\"><a href=\"https:\/\/www.ufmg.br\/dedd\/wp-content\/uploads\/2025\/07\/SEI_4385633_Portaria_6965-EDUCACAO-ESPECIAL.pdf\" target=\"_blank\" rel=\"noopener\">Portaria N\u00ba 6965, de 15 de julho de 2025<\/a> (publicada em 16\/07\/2025)<\/span><\/p>\n<p><span style=\"font-family: verdana, geneva, sans-serif;\"><a href=\"https:\/\/www.ufmg.br\/dedd\/wp-content\/uploads\/2025\/07\/SEI_4395769_Ato_212-RESULTADO-IMPUGNACAO-1808.2025-EDUCACAO-ESPECIAL.pdf\" target=\"_blank\" rel=\"noopener\">Resultado Impugna\u00e7\u00e3o do Edital N\u00ba 1808\/2025<\/a> (publicado em 18\/07\/2025)<\/span><\/p>\n","protected":false},"excerpt":{"rendered":"<p>Ato n\u00ba 295 &#8212; Convoca\u00e7\u00e3o de candidatos para apresenta\u00e7\u00e3o de [&hellip;]<\/p>\n","protected":false},"author":11,"featured_media":0,"parent":0,"menu_order":0,"comment_status":"closed","ping_status":"closed","template":"","meta":[],"categories":[],"tags":[],"acf":[],"_links":{"self":[{"href":"https:\/\/www.ufmg.br\/dedd\/wp-json\/wp\/v2\/pages\/13775"}],"collection":[{"href":"https:\/\/www.ufmg.br\/dedd\/wp-json\/wp\/v2\/pages"}],"about":[{"href":"https:\/\/www.ufmg.br\/dedd\/wp-json\/wp\/v2\/types\/page"}],"author":[{"embeddable":true,"href":"https:\/\/www.ufmg.br\/dedd\/wp-json\/wp\/v2\/users\/11"}],"replies":[{"embeddable":true,"href":"https:\/\/www.ufmg.br\/dedd\/wp-json\/wp\/v2\/comments?post=13775"}],"version-history":[{"count":20,"href":"https:\/\/www.ufmg.br\/dedd\/wp-json\/wp\/v2\/pages\/13775\/revisions"}],"predecessor-version":[{"id":14201,"href":"https:\/\/www.ufmg.br\/dedd\/wp-json\/wp\/v2\/pages\/13775\/revisions\/14201"}],"wp:attachment":[{"href":"https:\/\/www.ufmg.br\/dedd\/wp-json\/wp\/v2\/media?parent=13775"}],"wp:term":[{"taxonomy":"category","embeddable":true,"href":"https:\/\/www.ufmg.br\/dedd\/wp-json\/wp\/v2\/categories?post=13775"},{"taxonomy":"post_tag","embeddable":true,"href":"https:\/\/www.ufmg.br\/dedd\/wp-json\/wp\/v2\/tags?post=13775"}],"curies":[{"name":"wp","href":"https:\/\/api.w.org\/{rel}","templated":true}]}}