{"id":13793,"date":"2025-07-11T15:30:00","date_gmt":"2025-07-11T18:30:00","guid":{"rendered":"https:\/\/www.ufmg.br\/dedd\/?page_id=13793"},"modified":"2026-04-13T16:31:01","modified_gmt":"2026-04-13T19:31:01","slug":"edital-1835-2025","status":"publish","type":"page","link":"https:\/\/www.ufmg.br\/dedd\/edital-1835-2025\/","title":{"rendered":"EDITAL N\u00ba 1835\/2025 &#8211; Sele\u00e7\u00e3o de professor formador &#8212; especializa\u00e7\u00e3o em Educa\u00e7\u00e3o Especial"},"content":{"rendered":"<p><span style=\"font-family: verdana, geneva, sans-serif;\"><a href=\"https:\/\/www.ufmg.br\/dedd\/wp-content\/uploads\/2026\/04\/SEI_5101564_Ato_47.pdf\">Ato n\u00ba 47\/2026 &#8211; Convoca\u00e7\u00e3o de candidatos<\/a> (publicado em 13\/04\/2026)\u00a0<\/span><\/p>\n<p><span style=\"font-family: verdana, geneva, sans-serif;\"><a href=\"https:\/\/www.ufmg.br\/dedd\/wp-content\/uploads\/2025\/10\/Edital-1835-2025-Convocacao-0310.pdf\">Ato n\u00ba 322\/2025 &#8211; Convoca\u00e7\u00e3o de candidatos para apresenta\u00e7\u00e3o de documentos<\/a> (publicado em 03\/10\/2025)\u00a0<\/span><\/p>\n<p><span style=\"font-family: verdana, geneva, sans-serif;\"><a href=\"https:\/\/www.ufmg.br\/dedd\/wp-content\/uploads\/2025\/09\/Edital-1835-2025-Resultado-final.pdf\">Resultado final<\/a> (publicado em 19\/09\/2025)<\/span><\/p>\n<p><span style=\"font-family: verdana, geneva, sans-serif;\"><a href=\"https:\/\/www.ufmg.br\/dedd\/wp-content\/uploads\/2025\/09\/Edital-1835-2025-Convocacao-para-entrevistas.pdf\">Convoca\u00e7\u00e3o para entrevistas: hor\u00e1rios e link para acesso \u00e0 sala<\/a> (publicada em 12\/09\/2025)<\/span><\/p>\n<p><span style=\"font-family: verdana, geneva, sans-serif;\"><a href=\"https:\/\/www.ufmg.br\/dedd\/wp-content\/uploads\/2025\/09\/Edital-1835-2025-Resultado-da-primeira-etapa.pdf\">Resultado final da primeira etapa<\/a> (publicado em 12\/09\/2025)\u00a0<\/span><\/p>\n<p><span style=\"font-family: verdana, geneva, sans-serif;\"><a href=\"https:\/\/www.ufmg.br\/dedd\/wp-content\/uploads\/2025\/09\/SEI_4528646_Ato_262.pdf\" target=\"_blank\" rel=\"noopener\">Resultado Preliminar da Etapa I<\/a> (publicado em 05\/09\/2025)\u00a0<\/span><\/p>\n<p><span style=\"font-family: verdana, geneva, sans-serif;\"><a href=\"https:\/\/www.ufmg.br\/dedd\/wp-content\/uploads\/2025\/09\/SEI_4520056_Ato_257.pdf\" target=\"_blank\" rel=\"noopener\">Ato n\u00ba 257 &#8211; 2\u00aa Retifica\u00e7\u00e3o ao edital de sele\u00e7\u00e3o: altera cronograma do processo seletivo<\/a> (publicada em 03\/09\/2025)\u00a0<\/span><\/p>\n<p><span style=\"font-family: verdana, geneva, sans-serif;\"><a href=\"https:\/\/www.ufmg.br\/dedd\/wp-content\/uploads\/2025\/08\/Edital-1835-2025-1a-Retificacao-ao-Edital.pdf\" target=\"_blank\" rel=\"noopener\">Ato n\u00ba 242 &#8211; 1\u00aa Retifica\u00e7\u00e3o ao edital de sele\u00e7\u00e3o: altera cronograma do processo seletivo<\/a> (publicada em 21\/08\/2025)\u00a0<\/span><\/p>\n<p><span style=\"font-family: verdana, geneva, sans-serif;\"><a href=\"https:\/\/www.ufmg.br\/dedd\/wp-content\/uploads\/2025\/07\/SEI_4376842_Edital_1835-1.pdf\" target=\"_blank\" rel=\"noopener\">Edital n\u00ba 1835\/2025 -Sele\u00e7\u00e3o para professor formador para a especializa\u00e7\u00e3o em Educa\u00e7\u00e3o Especial<\/a> (publicado em 23\/07\/2025)<\/span><\/p>\n<p><span style=\"font-family: verdana, geneva, sans-serif;\"><a href=\"https:\/\/gpi.caed.ufmg.br\/index.php\/785949?lang=pt-BR\" target=\"_blank\" rel=\"noopener\">Formul\u00e1rio para impugna\u00e7\u00e3o de Edital<\/a> (Dispon\u00edvel em 28 e 29\/07\/2025)\u00a0<\/span><\/p>\n<p><span style=\"font-family: verdana, geneva, sans-serif;\"><a href=\"https:\/\/www.ufmg.br\/dedd\/wp-content\/uploads\/2025\/07\/Edital-1835-2025-Comissao-de-selecao.pdf\">Portaria n\u00ba 7401\/2025 &#8212; Designa membros para a comiss\u00e3o respons\u00e1vel pelo processo seletivo<\/a> (publicada em 29\/07\/2025)<\/span><\/p>\n<p><span style=\"font-family: verdana, geneva, sans-serif;\"><a href=\"https:\/\/gpi.caed.ufmg.br\/index.php\/826174?lang=pt-BR\" target=\"_blank\" rel=\"noopener\">Formul\u00e1rio de inscri\u00e7\u00e3o<\/a> (dispon\u00edvel at\u00e9 as 23h59 do dia 16\/08\/2025)\u00a0<\/span><\/p>\n<p><span style=\"font-family: verdana, geneva, sans-serif;\"><a href=\"https:\/\/gpi.caed.ufmg.br\/index.php\/656458?lang=pt-BR\" target=\"_blank\" rel=\"noopener\">Formul\u00e1rio para recursos ao resultado prelimina<\/a>r (dispon\u00edvel no per\u00edodo de 05\/09\/2025 at\u00e9 as 12h do dia 09\/09\/2025)\u00a0<\/span><\/p>\n<p>&nbsp;<\/p>\n","protected":false},"excerpt":{"rendered":"<p>Ato n\u00ba 47\/2026 &#8211; Convoca\u00e7\u00e3o de candidatos (publicado em 13\/04\/2026)\u00a0 [&hellip;]<\/p>\n","protected":false},"author":11,"featured_media":0,"parent":0,"menu_order":0,"comment_status":"closed","ping_status":"closed","template":"","meta":[],"categories":[],"tags":[],"acf":[],"_links":{"self":[{"href":"https:\/\/www.ufmg.br\/dedd\/wp-json\/wp\/v2\/pages\/13793"}],"collection":[{"href":"https:\/\/www.ufmg.br\/dedd\/wp-json\/wp\/v2\/pages"}],"about":[{"href":"https:\/\/www.ufmg.br\/dedd\/wp-json\/wp\/v2\/types\/page"}],"author":[{"embeddable":true,"href":"https:\/\/www.ufmg.br\/dedd\/wp-json\/wp\/v2\/users\/11"}],"replies":[{"embeddable":true,"href":"https:\/\/www.ufmg.br\/dedd\/wp-json\/wp\/v2\/comments?post=13793"}],"version-history":[{"count":24,"href":"https:\/\/www.ufmg.br\/dedd\/wp-json\/wp\/v2\/pages\/13793\/revisions"}],"predecessor-version":[{"id":14974,"href":"https:\/\/www.ufmg.br\/dedd\/wp-json\/wp\/v2\/pages\/13793\/revisions\/14974"}],"wp:attachment":[{"href":"https:\/\/www.ufmg.br\/dedd\/wp-json\/wp\/v2\/media?parent=13793"}],"wp:term":[{"taxonomy":"category","embeddable":true,"href":"https:\/\/www.ufmg.br\/dedd\/wp-json\/wp\/v2\/categories?post=13793"},{"taxonomy":"post_tag","embeddable":true,"href":"https:\/\/www.ufmg.br\/dedd\/wp-json\/wp\/v2\/tags?post=13793"}],"curies":[{"name":"wp","href":"https:\/\/api.w.org\/{rel}","templated":true}]}}