{"id":13822,"date":"2025-07-18T08:00:28","date_gmt":"2025-07-18T11:00:28","guid":{"rendered":"https:\/\/www.ufmg.br\/dedd\/?page_id=13822"},"modified":"2025-10-03T12:32:36","modified_gmt":"2025-10-03T15:32:36","slug":"edital-1880-2025","status":"publish","type":"page","link":"https:\/\/www.ufmg.br\/dedd\/edital-1880-2025\/","title":{"rendered":"EDITAL N\u00ba 1880\/2025 &#8211; GEST\u00c3O ESCOLAR &#8211; PROFESSOR FORMADOR \/DISCIPLINA CONVENCIONAL"},"content":{"rendered":"<p><span style=\"font-family: verdana, geneva, sans-serif;\"><a href=\"https:\/\/www.ufmg.br\/dedd\/wp-content\/uploads\/2025\/10\/Edital-1880-2025-Resultado-da-etapa-I-e-resultado-final.pdf\">Ato n\u00ba 319\/2025 &#8212; Resultado da segunda etapa e resultado final<\/a> (publicado em 03\/10\/2025)\u00a0<\/span><\/p>\n<p><span style=\"font-family: verdana, geneva, sans-serif;\"><a href=\"https:\/\/www.ufmg.br\/dedd\/wp-content\/uploads\/2025\/09\/SEI_4594370_Ato_301-convocacao-entrevistas-corrigido.pdf\" target=\"_blank\" rel=\"noopener\">Ato n\u00ba 301 &#8211; Convoca\u00e7\u00e3o para as Entrevistas<\/a>\u00a0(publicado em 26\/09\/2025)<\/span><\/p>\n<p><span style=\"font-family: verdana, geneva, sans-serif;\"><a href=\"https:\/\/www.ufmg.br\/dedd\/wp-content\/uploads\/2025\/09\/SEI_4594247_Ato_300-respostas-aos-recursos-e-resultado-etapa-I.pdf\" target=\"_blank\" rel=\"noopener\">Ato n\u00ba 300 &#8211; Respostas aos Recursos e Resultado da Etapa I<\/a> (publicado em 26\/09\/2025)<\/span><\/p>\n<p><span style=\"font-family: verdana, geneva, sans-serif;\"><a href=\"https:\/\/www.ufmg.br\/dedd\/wp-content\/uploads\/2025\/09\/Edital-1880-2025-2a-Retificacao.pdf\">Ato n\u00ba 284\u00a0 &#8212; 2\u00aa retifica\u00e7\u00e3o ao edital: altera o cronograma do processo seletivo<\/a> (publicado em 18\/09\/2025)<\/span><\/p>\n<p><span style=\"font-family: verdana, geneva, sans-serif;\"><a href=\"https:\/\/www.ufmg.br\/dedd\/wp-content\/uploads\/2025\/09\/Edital-1880-Resultado-preliminar-1aetapa.pdf\">Ato n\u00ba 283 &#8212; Resultado preliminar da primeira etapa<\/a> (publicado em 18\/09\/2025)<\/span><\/p>\n<p><span style=\"font-family: verdana, geneva, sans-serif;\"><a href=\"https:\/\/www.ufmg.br\/dedd\/wp-content\/uploads\/2025\/09\/Edital-1880-2025-1a-Retificacao-ao-edital-1.pdf\" target=\"_blank\" rel=\"noopener\">Ato n\u00ba 266\/2025 &#8212; 1\u00aa retifica\u00e7\u00e3o ao edital<\/a>: altera cronograma do processo seletivo\u00a0(publicado em 08\/09\/2025)\u00a0<\/span><\/p>\n<p><span style=\"font-family: verdana, geneva, sans-serif;\"><a href=\"https:\/\/www.ufmg.br\/dedd\/wp-content\/uploads\/2025\/08\/SEI_4451272_Portaria_7789.pdf\" target=\"_blank\" rel=\"noopener\">Portaria de comiss\u00e3o de sele\u00e7\u00e3o<\/a> (publicado em 11\/08\/2025)<\/span><\/p>\n<p><span style=\"font-family: verdana, geneva, sans-serif;\"><a href=\"https:\/\/gpi.caed.ufmg.br\/index.php\/245571?lang=pt-BR\" target=\"_blank\" rel=\"noopener\">Formul\u00e1rio para recursos ao resultado preliminar<\/a> (dispon\u00edvel no per\u00edodo de 19\/09\/2025 at\u00e9 as 12h do dia 23\/09\/2025)\u00a0<\/span><\/p>\n<p><span style=\"font-family: verdana, geneva, sans-serif;\"><a href=\"https:\/\/gpi.caed.ufmg.br\/index.php\/425167?lang=pt-BR\" target=\"_blank\" rel=\"noopener\">Formul\u00e1rio de inscri\u00e7\u00e3o<\/a> (dispon\u00edvel at\u00e9 as 23h59 do dia 29\/08\/2025)<\/span><\/p>\n<p><span style=\"font-family: verdana, geneva, sans-serif;\"><a href=\"https:\/\/gpi.caed.ufmg.br\/index.php\/547369?lang=pt-BR\" target=\"_blank\" rel=\"noopener\">Formul\u00e1rio para impugna\u00e7\u00e3o de Edital<\/a> (Dispon\u00edvel entre 12 e 13\/08\/2025)<\/span><\/p>\n<p><span style=\"font-family: verdana, geneva, sans-serif;\"><a href=\"https:\/\/www.ufmg.br\/dedd\/wp-content\/uploads\/2025\/08\/SEI_4393822_Edital_1880.pdf\" target=\"_blank\" rel=\"noopener\">Edital N.\u00ba 1880\/2025 \u2014 Sele\u00e7\u00e3o de Professor Formador \u2013 Gest\u00e3o Escolar<\/a> (publicado em 08\/08\/2025)<\/span><\/p>\n","protected":false},"excerpt":{"rendered":"<p>Ato n\u00ba 319\/2025 &#8212; Resultado da segunda etapa e resultado [&hellip;]<\/p>\n","protected":false},"author":11,"featured_media":0,"parent":0,"menu_order":0,"comment_status":"closed","ping_status":"closed","template":"","meta":[],"categories":[],"tags":[],"acf":[],"_links":{"self":[{"href":"https:\/\/www.ufmg.br\/dedd\/wp-json\/wp\/v2\/pages\/13822"}],"collection":[{"href":"https:\/\/www.ufmg.br\/dedd\/wp-json\/wp\/v2\/pages"}],"about":[{"href":"https:\/\/www.ufmg.br\/dedd\/wp-json\/wp\/v2\/types\/page"}],"author":[{"embeddable":true,"href":"https:\/\/www.ufmg.br\/dedd\/wp-json\/wp\/v2\/users\/11"}],"replies":[{"embeddable":true,"href":"https:\/\/www.ufmg.br\/dedd\/wp-json\/wp\/v2\/comments?post=13822"}],"version-history":[{"count":21,"href":"https:\/\/www.ufmg.br\/dedd\/wp-json\/wp\/v2\/pages\/13822\/revisions"}],"predecessor-version":[{"id":14239,"href":"https:\/\/www.ufmg.br\/dedd\/wp-json\/wp\/v2\/pages\/13822\/revisions\/14239"}],"wp:attachment":[{"href":"https:\/\/www.ufmg.br\/dedd\/wp-json\/wp\/v2\/media?parent=13822"}],"wp:term":[{"taxonomy":"category","embeddable":true,"href":"https:\/\/www.ufmg.br\/dedd\/wp-json\/wp\/v2\/categories?post=13822"},{"taxonomy":"post_tag","embeddable":true,"href":"https:\/\/www.ufmg.br\/dedd\/wp-json\/wp\/v2\/tags?post=13822"}],"curies":[{"name":"wp","href":"https:\/\/api.w.org\/{rel}","templated":true}]}}