{"id":13929,"date":"2025-08-04T08:50:03","date_gmt":"2025-08-04T11:50:03","guid":{"rendered":"https:\/\/www.ufmg.br\/dedd\/?page_id=13929"},"modified":"2025-08-22T14:13:50","modified_gmt":"2025-08-22T17:13:50","slug":"edital-1964-2025","status":"publish","type":"page","link":"https:\/\/www.ufmg.br\/dedd\/edital-1964-2025\/","title":{"rendered":"EDITAL N\u00ba 1964\/2025 &#8211; Estagi\u00e1rio CECI"},"content":{"rendered":"<p><span style=\"font-family: verdana, geneva, sans-serif;\"><a href=\"https:\/\/www.ufmg.br\/dedd\/wp-content\/uploads\/2025\/08\/Edital-1964-2025-Selecao-estagiario-Ceci.pdf\" target=\"_blank\" rel=\"noopener\">Edital N.\u00ba 1964\/2025 &#8212; Sele\u00e7\u00e3o de estagi\u00e1rio para a especializa\u00e7\u00e3o em Especializa\u00e7\u00e3o em Educa\u00e7\u00e3o em Ci\u00eancias<\/a> (CECI) (publicado em 04\/08\/2025)<\/span><\/p>\n<p><span style=\"font-family: verdana, geneva, sans-serif;\"><a href=\"https:\/\/gpi.caed.ufmg.br\/index.php\/598941?lang=pt-BR\" target=\"_blank\" rel=\"noopener\">Formul\u00e1rio de inscri\u00e7\u00e3o<\/a> (dispon\u00edvel no per\u00edodo de 07\/08\/2025 at\u00e9 as 17h do dia 13\/08\/2025)<\/span><\/p>\n<p><span style=\"font-family: verdana, geneva, sans-serif;\"><a href=\"https:\/\/gpi.caed.ufmg.br\/index.php\/974636?lang=pt-BR\" target=\"_blank\" rel=\"noopener\">Formul\u00e1rio para recursos ao resultado preliminar<\/a> (dispon\u00edvel no per\u00edodo de 20\/08\/2025 a 21\/08\/2025)\u00a0<\/span><\/p>\n<p><span style=\"font-family: verdana, geneva, sans-serif;\"><a href=\"https:\/\/www.ufmg.br\/dedd\/wp-content\/uploads\/2025\/08\/SEI_4464351_Comunicado_5.pdf\" target=\"_blank\" rel=\"noopener\">Resultado da Etapa I<\/a> (publicado em 14\/08\/2025)<\/span><\/p>\n<p><span style=\"font-family: verdana, geneva, sans-serif;\"><a href=\"https:\/\/www.ufmg.br\/dedd\/wp-content\/uploads\/2025\/08\/SEI_4474383_Comunicado_6.pdf\" target=\"_blank\" rel=\"noopener\">Resultado Preliminar<\/a> (publicado em 20\/08\/2025)<\/span><\/p>\n<p><span style=\"font-family: verdana, geneva, sans-serif;\"><a href=\"https:\/\/www.ufmg.br\/dedd\/wp-content\/uploads\/2025\/08\/SEI_4485917_Comunicado_7.pdf\" target=\"_blank\" rel=\"noopener\">Resultado Final<\/a>\u00a0(publicado em 22\/08\/2025)<\/span><\/p>\n","protected":false},"excerpt":{"rendered":"<p>Edital N.\u00ba 1964\/2025 &#8212; Sele\u00e7\u00e3o de estagi\u00e1rio para a especializa\u00e7\u00e3o [&hellip;]<\/p>\n","protected":false},"author":11,"featured_media":0,"parent":0,"menu_order":0,"comment_status":"closed","ping_status":"closed","template":"","meta":[],"categories":[],"tags":[],"acf":[],"_links":{"self":[{"href":"https:\/\/www.ufmg.br\/dedd\/wp-json\/wp\/v2\/pages\/13929"}],"collection":[{"href":"https:\/\/www.ufmg.br\/dedd\/wp-json\/wp\/v2\/pages"}],"about":[{"href":"https:\/\/www.ufmg.br\/dedd\/wp-json\/wp\/v2\/types\/page"}],"author":[{"embeddable":true,"href":"https:\/\/www.ufmg.br\/dedd\/wp-json\/wp\/v2\/users\/11"}],"replies":[{"embeddable":true,"href":"https:\/\/www.ufmg.br\/dedd\/wp-json\/wp\/v2\/comments?post=13929"}],"version-history":[{"count":9,"href":"https:\/\/www.ufmg.br\/dedd\/wp-json\/wp\/v2\/pages\/13929\/revisions"}],"predecessor-version":[{"id":14029,"href":"https:\/\/www.ufmg.br\/dedd\/wp-json\/wp\/v2\/pages\/13929\/revisions\/14029"}],"wp:attachment":[{"href":"https:\/\/www.ufmg.br\/dedd\/wp-json\/wp\/v2\/media?parent=13929"}],"wp:term":[{"taxonomy":"category","embeddable":true,"href":"https:\/\/www.ufmg.br\/dedd\/wp-json\/wp\/v2\/categories?post=13929"},{"taxonomy":"post_tag","embeddable":true,"href":"https:\/\/www.ufmg.br\/dedd\/wp-json\/wp\/v2\/tags?post=13929"}],"curies":[{"name":"wp","href":"https:\/\/api.w.org\/{rel}","templated":true}]}}