{"id":14049,"date":"2025-09-02T15:44:43","date_gmt":"2025-09-02T18:44:43","guid":{"rendered":"https:\/\/www.ufmg.br\/dedd\/?page_id=14049"},"modified":"2025-10-07T11:15:01","modified_gmt":"2025-10-07T14:15:01","slug":"edital-2316-2025","status":"publish","type":"page","link":"https:\/\/www.ufmg.br\/dedd\/edital-2316-2025\/","title":{"rendered":"EDITAL N\u00ba 2316\/2025 &#8211; ASSISTENTE PEDAG\u00d3GICO &#8211; EQUIPE MULTIDISCIPLINAR UAB\/UFMG"},"content":{"rendered":"<p><span style=\"font-family: verdana, geneva, sans-serif;\"><a href=\"https:\/\/www.ufmg.br\/dedd\/wp-content\/uploads\/2025\/10\/Edital-2316-2025-Convocacao-0710.pdf\">Ato n\u00ba 327\/2025 &#8212; Convoca\u00e7\u00e3o de candidatos para apresenta\u00e7\u00e3o de documentos<\/a> (publicado em 07\/10\/2025)\u00a0<\/span><\/p>\n<p><span style=\"font-family: verdana, geneva, sans-serif;\"><a href=\"https:\/\/www.ufmg.br\/dedd\/wp-content\/uploads\/2025\/10\/SEI_UFMG-4622586-Ato.pdf\" target=\"_blank\" rel=\"noopener\">Resultado Final<\/a> (publicado em 06\/10\/2025)<\/span><\/p>\n<p><span style=\"font-family: verdana, geneva, sans-serif;\"><a href=\"https:\/\/www.ufmg.br\/dedd\/wp-content\/uploads\/2025\/09\/SEI_4603862_Ato_315.pdf\" target=\"_blank\" rel=\"noopener\">Resposta aos recursos e convoca\u00e7\u00e3o para entrevistas<\/a> (publicado em 30\/09\/2025)<\/span><\/p>\n<p><span style=\"font-family: verdana, geneva, sans-serif;\"><a href=\"https:\/\/www.ufmg.br\/dedd\/wp-content\/uploads\/2025\/09\/SEI_UFMG-4589987-Ato.pdf\" target=\"_blank\" rel=\"noopener\">Resultado Preliminar da Etapa 1<\/a> (publicado em 25\/09\/2025)<\/span><\/p>\n<p><span style=\"font-family: verdana, geneva, sans-serif;\"><a href=\"https:\/\/www.ufmg.br\/dedd\/wp-content\/uploads\/2025\/09\/SEI_4532669_Ato_265.pdf\" target=\"_blank\" rel=\"noopener\">Resposta a Impugna\u00e7\u00e3o<\/a> (publicada em 05\/09\/2025)<\/span><\/p>\n<p><span style=\"font-family: verdana, geneva, sans-serif;\"><a href=\"https:\/\/www.ufmg.br\/dedd\/wp-content\/uploads\/2025\/09\/SEI_4520216_Portaria_8833.pdf\" target=\"_blank\" rel=\"noopener\">Portaria da Comiss\u00e3o de Sele\u00e7\u00e3o<\/a> (publicada em 03\/09\/2025)<\/span><\/p>\n<p><span style=\"font-family: verdana, geneva, sans-serif;\"><a href=\"https:\/\/gpi.caed.ufmg.br\/index.php\/963783?lang=pt-BR\" target=\"_blank\" rel=\"noopener\">Formul\u00e1rio para recursos ao resultado preliminar<\/a> (dispon\u00edvel no per\u00edodo de 26\/09\/2025 at\u00e9 as 14h do dia 28\/09\/2025)\u00a0<\/span><\/p>\n<p><span style=\"font-family: verdana, geneva, sans-serif;\"><a href=\"https:\/\/gpi.caed.ufmg.br\/index.php\/945841?lang=pt-BR\" target=\"_blank\" rel=\"noopener\">Formul\u00e1rio de inscri\u00e7\u00e3o<\/a> (dispon\u00edvel at\u00e9 as 23h59 do dia 21\/09\/2025)<\/span><\/p>\n<p><span style=\"font-family: verdana, geneva, sans-serif;\"><a href=\"https:\/\/gpi.caed.ufmg.br\/index.php\/843696?lang=pt-BR\" target=\"_blank\" rel=\"noopener\">Formul\u00e1rio para impugna\u00e7\u00e3o<\/a> (dispon\u00edvel entre 3 e 4\/09\/2025)<\/span><\/p>\n<p><span style=\"font-family: verdana, geneva, sans-serif;\"><a href=\"https:\/\/www.ufmg.br\/dedd\/wp-content\/uploads\/2025\/09\/SEI_UFMG-4519758-Edital.pdf\" target=\"_blank\" rel=\"noopener\">Edital N\u00ba 2316\/2025 &#8211; Assistente Pedag\u00f3gico &#8211; Equipe Multidisciplinar UAB\/UFMG<\/a> (publicado em 03\/09\/2025)<\/span><\/p>\n","protected":false},"excerpt":{"rendered":"<p>Ato n\u00ba 327\/2025 &#8212; Convoca\u00e7\u00e3o de candidatos para apresenta\u00e7\u00e3o de [&hellip;]<\/p>\n","protected":false},"author":11,"featured_media":0,"parent":0,"menu_order":0,"comment_status":"closed","ping_status":"closed","template":"","meta":[],"categories":[],"tags":[],"acf":[],"_links":{"self":[{"href":"https:\/\/www.ufmg.br\/dedd\/wp-json\/wp\/v2\/pages\/14049"}],"collection":[{"href":"https:\/\/www.ufmg.br\/dedd\/wp-json\/wp\/v2\/pages"}],"about":[{"href":"https:\/\/www.ufmg.br\/dedd\/wp-json\/wp\/v2\/types\/page"}],"author":[{"embeddable":true,"href":"https:\/\/www.ufmg.br\/dedd\/wp-json\/wp\/v2\/users\/11"}],"replies":[{"embeddable":true,"href":"https:\/\/www.ufmg.br\/dedd\/wp-json\/wp\/v2\/comments?post=14049"}],"version-history":[{"count":13,"href":"https:\/\/www.ufmg.br\/dedd\/wp-json\/wp\/v2\/pages\/14049\/revisions"}],"predecessor-version":[{"id":14257,"href":"https:\/\/www.ufmg.br\/dedd\/wp-json\/wp\/v2\/pages\/14049\/revisions\/14257"}],"wp:attachment":[{"href":"https:\/\/www.ufmg.br\/dedd\/wp-json\/wp\/v2\/media?parent=14049"}],"wp:term":[{"taxonomy":"category","embeddable":true,"href":"https:\/\/www.ufmg.br\/dedd\/wp-json\/wp\/v2\/categories?post=14049"},{"taxonomy":"post_tag","embeddable":true,"href":"https:\/\/www.ufmg.br\/dedd\/wp-json\/wp\/v2\/tags?post=14049"}],"curies":[{"name":"wp","href":"https:\/\/api.w.org\/{rel}","templated":true}]}}