{"id":14146,"date":"2025-09-18T15:53:47","date_gmt":"2025-09-18T18:53:47","guid":{"rendered":"https:\/\/www.ufmg.br\/dedd\/?page_id=14146"},"modified":"2025-10-06T16:01:17","modified_gmt":"2025-10-06T19:01:17","slug":"edital-2527-2025","status":"publish","type":"page","link":"https:\/\/www.ufmg.br\/dedd\/edital-2527-2025\/","title":{"rendered":"EDITAL N\u00ba 2527\/2025 &#8211; ALUNOS &#8211; EXTENS\u00c3O DEDD\/UFMG"},"content":{"rendered":"<p><span style=\"font-family: verdana, geneva, sans-serif;\"><a href=\"https:\/\/www.ufmg.br\/dedd\/wp-content\/uploads\/2025\/10\/SEI_4623392_Lista_de_Classificacao_de_Processo_Seletivo.pdf\" target=\"_blank\" rel=\"noopener\">Resultado Final &#8211; Orienta\u00e7\u00f5es sobre o in\u00edcio dos cursos<\/a> (publicado em 06\/10\/2025)<\/span><\/p>\n<p><span style=\"font-family: verdana, geneva, sans-serif;\"><a href=\"https:\/\/www.ufmg.br\/dedd\/wp-content\/uploads\/2025\/10\/SEI_4623363_Lista_de_Classificacao_de_Processo_Seletivo.pdf\" target=\"_blank\" rel=\"noopener\">Resultado Final &#8211; Candidatos Excedentes<\/a> (publicado em 06\/10\/2025)<\/span><\/p>\n<p><span style=\"font-family: verdana, geneva, sans-serif;\"><a href=\"https:\/\/www.ufmg.br\/dedd\/wp-content\/uploads\/2025\/10\/SEI_4623350_Lista_de_Classificacao_de_Processo_Seletivo.pdf\" target=\"_blank\" rel=\"noopener\">Resultado Final &#8211; Candidatos Selecionados<\/a> (publicado em 06\/10\/2025)<\/span><\/p>\n<p><span style=\"font-family: verdana, geneva, sans-serif;\"><a href=\"https:\/\/www.ufmg.br\/dedd\/wp-content\/uploads\/2025\/10\/SEI_4623318_Analise_de_Recurso_de_Processo_Seletivo.pdf\" target=\"_blank\" rel=\"noopener\">Respostas aos recursos<\/a> (publicado em 06\/10\/2025)<\/span><\/p>\n<p><span style=\"font-family: verdana, geneva, sans-serif;\"><a href=\"https:\/\/www.ufmg.br\/dedd\/wp-content\/uploads\/2025\/09\/SEI_4602452_Lista_de_Classificacao_de_Processo_Seletivo.pdf\" target=\"_blank\" rel=\"noopener\">Resultado Provis\u00f3rio &#8211; Orienta\u00e7\u00f5es sobre o in\u00edcio dos cursos<\/a> (publicado em 30\/09\/2025)<\/span><\/p>\n<p><span style=\"font-family: verdana, geneva, sans-serif;\"><a href=\"https:\/\/www.ufmg.br\/dedd\/wp-content\/uploads\/2025\/09\/SEI_4602530_Lista_de_Classificacao_de_Processo_Seletivo.pdf\" target=\"_blank\" rel=\"noopener\">Resultado Provis\u00f3rio &#8211; Candidatos Excedentes<\/a> (publicado em 30\/09\/2025)<\/span><\/p>\n<p><span style=\"font-family: verdana, geneva, sans-serif;\"><a href=\"https:\/\/www.ufmg.br\/dedd\/wp-content\/uploads\/2025\/09\/SEI_4602575_Lista_de_Classificacao_de_Processo_Seletivo.pdf\" target=\"_blank\" rel=\"noopener\">Resultado Provis\u00f3rio &#8211; Candidatos Selecionados<\/a> (publicado em 30\/09\/2025)<\/span><\/p>\n<p><span style=\"font-family: verdana, geneva, sans-serif;\"><a href=\"https:\/\/gpi.caed.ufmg.br\/index.php\/922849?lang=pt-BR\" target=\"_blank\" rel=\"noopener\">Formul\u00e1rio para recursos ao resultado preliminar<\/a> (dispon\u00edvel no per\u00edodo de 01\/10\/2025 at\u00e9 as 23h59 do dia 03\/10\/2025)\u00a0<\/span><\/p>\n<p><span style=\"font-family: verdana, geneva, sans-serif;\"><a href=\"https:\/\/gpi.caed.ufmg.br\/index.php\/827848?lang=pt-BR\" target=\"_blank\" rel=\"noopener\">Formul\u00e1rio de inscri\u00e7\u00e3o<\/a> (dispon\u00edvel no per\u00edodo de 09h do dia 22\/09\/2025 at\u00e9 as 17h do dia 26\/09\/2025)<\/span><\/p>\n<p><span style=\"font-family: verdana, geneva, sans-serif;\"><a href=\"https:\/\/www.ufmg.br\/dedd\/wp-content\/uploads\/2025\/09\/SEI_4570123_Edital_2527_v2.pdf\" target=\"_blank\" rel=\"noopener\">Edital N\u00ba 2527\/2025 \u2013 Alunos \u2013 Extens\u00e3o DEDD\/UFMG<\/a> (publicado em 19\/09\/2025)<\/span><\/p>\n<p><span style=\"font-family: verdana, geneva, sans-serif;\"><a href=\"https:\/\/www.ufmg.br\/dedd\/extensao\/cursos-de-extensao-em-ead\/\">Informa\u00e7\u00f5es sobre os cursos: descri\u00e7\u00e3o, carga hor\u00e1ria e per\u00edodo para realiza\u00e7\u00e3o\u00a0<\/a><\/span><\/p>\n","protected":false},"excerpt":{"rendered":"<p>Resultado Final &#8211; Orienta\u00e7\u00f5es sobre o in\u00edcio dos cursos (publicado [&hellip;]<\/p>\n","protected":false},"author":11,"featured_media":0,"parent":0,"menu_order":0,"comment_status":"closed","ping_status":"closed","template":"","meta":[],"categories":[],"tags":[],"acf":[],"_links":{"self":[{"href":"https:\/\/www.ufmg.br\/dedd\/wp-json\/wp\/v2\/pages\/14146"}],"collection":[{"href":"https:\/\/www.ufmg.br\/dedd\/wp-json\/wp\/v2\/pages"}],"about":[{"href":"https:\/\/www.ufmg.br\/dedd\/wp-json\/wp\/v2\/types\/page"}],"author":[{"embeddable":true,"href":"https:\/\/www.ufmg.br\/dedd\/wp-json\/wp\/v2\/users\/11"}],"replies":[{"embeddable":true,"href":"https:\/\/www.ufmg.br\/dedd\/wp-json\/wp\/v2\/comments?post=14146"}],"version-history":[{"count":14,"href":"https:\/\/www.ufmg.br\/dedd\/wp-json\/wp\/v2\/pages\/14146\/revisions"}],"predecessor-version":[{"id":14253,"href":"https:\/\/www.ufmg.br\/dedd\/wp-json\/wp\/v2\/pages\/14146\/revisions\/14253"}],"wp:attachment":[{"href":"https:\/\/www.ufmg.br\/dedd\/wp-json\/wp\/v2\/media?parent=14146"}],"wp:term":[{"taxonomy":"category","embeddable":true,"href":"https:\/\/www.ufmg.br\/dedd\/wp-json\/wp\/v2\/categories?post=14146"},{"taxonomy":"post_tag","embeddable":true,"href":"https:\/\/www.ufmg.br\/dedd\/wp-json\/wp\/v2\/tags?post=14146"}],"curies":[{"name":"wp","href":"https:\/\/api.w.org\/{rel}","templated":true}]}}