{"id":14245,"date":"2025-10-06T14:32:08","date_gmt":"2025-10-06T17:32:08","guid":{"rendered":"https:\/\/www.ufmg.br\/dedd\/?page_id=14245"},"modified":"2026-04-14T09:07:28","modified_gmt":"2026-04-14T12:07:28","slug":"edital-2711-2025","status":"publish","type":"page","link":"https:\/\/www.ufmg.br\/dedd\/edital-2711-2025\/","title":{"rendered":"EDITAL N\u00ba 2711\/2025 &#8211; PROFESSOR FORMADOR &#8211; GEST\u00c3O ESCOLAR"},"content":{"rendered":"<p><span style=\"font-family: verdana, geneva, sans-serif;\"><a href=\"https:\/\/www.ufmg.br\/dedd\/wp-content\/uploads\/2026\/04\/Edital-2711-2025-Convocacao-1404.pdf\">Convoca\u00e7\u00e3o para apresenta\u00e7\u00e3o de documenta\u00e7\u00e3o<\/a> (publicada em 14\/04\/2026)<\/span><\/p>\n<p><span style=\"font-family: verdana, geneva, sans-serif;\"><a href=\"https:\/\/www.ufmg.br\/dedd\/wp-content\/uploads\/2026\/02\/SEI_4924338_Ato_6.pdf\" target=\"_blank\" rel=\"noopener\">Convoca\u00e7\u00e3o para apresenta\u00e7\u00e3o de documenta\u00e7\u00e3o<\/a> <span style=\"font-size: 12pt;\">(publicada em 03\/02\/2026)<\/span><\/span><\/p>\n<p><span style=\"font-family: verdana, geneva, sans-serif;\"><a href=\"https:\/\/www.ufmg.br\/dedd\/wp-content\/uploads\/2026\/01\/SEI_4881188_Ato_4.pdf\" target=\"_blank\" rel=\"noopener\"><span style=\"font-size: small;\"><span style=\"font-size: 12pt; font-family: verdana, geneva, sans-serif;\">EDITAL N\u00ba 2711\/2025 &#8211;\u00a0RESULTADO FINAL<\/span><\/span><\/a><span style=\"font-size: 12pt;\"> (publicado em 14\/01\/2026)<\/span><\/span><\/p>\n<p><span style=\"font-family: verdana, geneva, sans-serif; font-size: 12pt;\"><a href=\"https:\/\/www.ufmg.br\/dedd\/wp-content\/uploads\/2026\/01\/SEI_4859587_Ato_1.pdf\">CONVOCA\u00c7\u00c3O PARA AS ENTREVISTAS<\/a> (Publicado em 06\/01\/2026)<\/span><\/p>\n<p><span style=\"font-family: verdana, geneva, sans-serif; font-size: 12pt;\"><a href=\"https:\/\/www.ufmg.br\/dedd\/wp-content\/uploads\/2025\/12\/SEI_4810926_Ato_365.pdf\" target=\"_blank\" rel=\"noopener\"><b>Resultado Preliminar<\/b> &#8211; EDITAL N\u00ba 2711\/2025<\/a> (publicado em 11\/12\/2025)<\/span><\/p>\n<p><span style=\"font-family: verdana, geneva, sans-serif; font-size: 12pt;\"><a href=\"https:\/\/www.ufmg.br\/dedd\/wp-content\/uploads\/2025\/11\/SEI_4775548_Ato_362.pdf\" target=\"_blank\" rel=\"noopener\">Ato n\u00ba 362 &#8211; 3\u00aa retifica\u00e7\u00e3o ao edital: altera o cronograma do processo seletivo<\/a> (publicado em 28\/11\/2025)<\/span><\/p>\n<p><span style=\"font-size: 12pt; font-family: verdana, geneva, sans-serif;\"><a href=\"https:\/\/www.ufmg.br\/dedd\/wp-content\/uploads\/2025\/11\/Edital-2711-2025-Portaria-de-Comissao.pdf\" target=\"_blank\" rel=\"noopener\">Portaria n\u00ba 11596\/2025 &#8212; Portaria respons\u00e1vel pelo processo seletivo<\/a> (publicada em 18\/11\/2025)<\/span><\/p>\n<p><span style=\"font-family: verdana, geneva, sans-serif; font-size: 12pt;\"><a href=\"https:\/\/www.ufmg.br\/dedd\/wp-content\/uploads\/2025\/11\/Edital-2711-2025-2a-Retificacao.pdf\" target=\"_blank\" rel=\"noopener\">Ato n\u00ba 335 &#8211; 2\u00aa retifica\u00e7\u00e3o ao edital: altera o cronograma do processo seletivo<\/a> (publicado em 18\/11\/2025)<\/span><\/p>\n<p><span style=\"font-family: verdana, geneva, sans-serif; font-size: 12pt;\"><a href=\"https:\/\/www.ufmg.br\/dedd\/wp-content\/uploads\/2025\/10\/SEI_4682717_Ato_343.pdf\" target=\"_blank\" rel=\"noopener\">Ato n\u00ba 343 &#8211; 1\u00aa retifica\u00e7\u00e3o ao edital: altera o cronograma do processo seletivo<\/a> (publicado em 28\/10\/2025)<\/span><\/p>\n<p><span style=\"font-family: verdana, geneva, sans-serif; font-size: 12pt;\"><a href=\"https:\/\/gpi.caed.ufmg.br\/index.php\/133818?lang=pt-BR\" target=\"_blank\" rel=\"noopener\">Formul\u00e1rio para recursos ao resultado preliminar<\/a> (dispon\u00edvel no per\u00edodo de 12\/12\/2025 at\u00e9 as 12h do dia 16\/12\/2025)\u00a0<\/span><\/p>\n<p><span style=\"font-family: verdana, geneva, sans-serif; font-size: 12pt;\"><a href=\"https:\/\/gpi.caed.ufmg.br\/index.php\/432379?lang=pt-BR\" target=\"_blank\" rel=\"noopener\">Formul\u00e1rio de inscri\u00e7\u00e3o<\/a> (dispon\u00edvel at\u00e9 as 23h59 do dia 10\/11\/2025)<\/span><\/p>\n<p><span style=\"font-family: verdana, geneva, sans-serif; font-size: 12pt;\"><a href=\"https:\/\/gpi.caed.ufmg.br\/index.php\/868425?lang=pt-BR\" target=\"_blank\" rel=\"noopener\">Formul\u00e1rio para impugna\u00e7\u00e3o de Edital<\/a> (dispon\u00edvel entre 09 e 10\/10\/2025)<\/span><\/p>\n<p><span style=\"font-family: verdana, geneva, sans-serif; font-size: 12pt;\"><a href=\"https:\/\/www.ufmg.br\/dedd\/wp-content\/uploads\/2025\/10\/Edital-2711-2025.pdf\" target=\"_blank\" rel=\"noopener\">Edital n\u00ba 2711\/2025 &#8211; Professor Formador &#8211; Gest\u00e3o Escolar<\/a> (publicado em 07\/10\/2025)<\/span><\/p>\n","protected":false},"excerpt":{"rendered":"<p>Convoca\u00e7\u00e3o para apresenta\u00e7\u00e3o de documenta\u00e7\u00e3o (publicada em 14\/04\/2026) Convoca\u00e7\u00e3o para [&hellip;]<\/p>\n","protected":false},"author":11,"featured_media":0,"parent":0,"menu_order":0,"comment_status":"closed","ping_status":"closed","template":"","meta":[],"categories":[],"tags":[],"acf":[],"_links":{"self":[{"href":"https:\/\/www.ufmg.br\/dedd\/wp-json\/wp\/v2\/pages\/14245"}],"collection":[{"href":"https:\/\/www.ufmg.br\/dedd\/wp-json\/wp\/v2\/pages"}],"about":[{"href":"https:\/\/www.ufmg.br\/dedd\/wp-json\/wp\/v2\/types\/page"}],"author":[{"embeddable":true,"href":"https:\/\/www.ufmg.br\/dedd\/wp-json\/wp\/v2\/users\/11"}],"replies":[{"embeddable":true,"href":"https:\/\/www.ufmg.br\/dedd\/wp-json\/wp\/v2\/comments?post=14245"}],"version-history":[{"count":26,"href":"https:\/\/www.ufmg.br\/dedd\/wp-json\/wp\/v2\/pages\/14245\/revisions"}],"predecessor-version":[{"id":14985,"href":"https:\/\/www.ufmg.br\/dedd\/wp-json\/wp\/v2\/pages\/14245\/revisions\/14985"}],"wp:attachment":[{"href":"https:\/\/www.ufmg.br\/dedd\/wp-json\/wp\/v2\/media?parent=14245"}],"wp:term":[{"taxonomy":"category","embeddable":true,"href":"https:\/\/www.ufmg.br\/dedd\/wp-json\/wp\/v2\/categories?post=14245"},{"taxonomy":"post_tag","embeddable":true,"href":"https:\/\/www.ufmg.br\/dedd\/wp-json\/wp\/v2\/tags?post=14245"}],"curies":[{"name":"wp","href":"https:\/\/api.w.org\/{rel}","templated":true}]}}