{"id":14319,"date":"2025-10-29T15:40:47","date_gmt":"2025-10-29T18:40:47","guid":{"rendered":"https:\/\/www.ufmg.br\/dedd\/?page_id=14319"},"modified":"2026-04-15T12:37:42","modified_gmt":"2026-04-15T15:37:42","slug":"edital-2904-2025","status":"publish","type":"page","link":"https:\/\/www.ufmg.br\/dedd\/edital-2904-2025\/","title":{"rendered":"EDITAL N\u00ba 2904\/2025 &#8211; PROFESSOR FORMADOR &#8211; GEOPROCESSAMENTO"},"content":{"rendered":"<p><span style=\"font-family: verdana, geneva, sans-serif;\"><a href=\"https:\/\/www.ufmg.br\/dedd\/wp-content\/uploads\/2026\/04\/Edital-2904-2025-Convocacao.pdf\">Ato n\u00ba 49 &#8212; Convoca\u00e7\u00e3o para apresenta\u00e7\u00e3o de documentos<\/a> (publicada em 15\/04\/2026)\u00a0<\/span><\/p>\n<p><span style=\"font-family: verdana, geneva, sans-serif;\"><a href=\"https:\/\/www.ufmg.br\/dedd\/wp-content\/uploads\/2026\/03\/Edital-2904-2025-Resultado-final.pdf\">Resultado final<\/a> (publicado em 12\/03\/2026)\u00a0<\/span><\/p>\n<p><span style=\"font-family: verdana, geneva, sans-serif;\"><a href=\"https:\/\/www.ufmg.br\/dedd\/wp-content\/uploads\/2026\/02\/Edital-2904-2025-Resultado-Preliminar-Etapas-I-e-II.pdf\">Resultado preliminar das etapas I e II<\/a> (publicado em 24\/02\/2026)\u00a0<\/span><\/p>\n<p><span style=\"font-family: verdana, geneva, sans-serif;\"><a href=\"https:\/\/www.ufmg.br\/dedd\/wp-content\/uploads\/2025\/11\/Edital-2904-2025-Portaria-de-Comissao.pdf\">Portaria de Comiss\u00e3o de Sele\u00e7\u00e3o<\/a> (publicada em 25\/11\/2025)<\/span><\/p>\n<p><span style=\"font-family: verdana, geneva, sans-serif;\"><a href=\"https:\/\/www.ufmg.br\/dedd\/wp-content\/uploads\/2025\/11\/Edital-2904-2025-Resultado-Impugnacao.pdf\">Ato n\u00ba 358\/2025 &#8212; Resultado da impugna\u00e7\u00e3o ao edital de sele\u00e7\u00e3o<\/a> (publicado em 25\/11\/2025)<\/span><\/p>\n<p><span style=\"font-family: verdana, geneva, sans-serif;\"><a href=\"https:\/\/gpi.caed.ufmg.br\/index.php\/124418?lang=pt-BR\" target=\"_blank\" rel=\"noopener\">Formul\u00e1rio para recursos ao resultado preliminar<\/a> (dispon\u00edvel no per\u00edodo de 04\/03\/2026 at\u00e9 as 12h do dia 08\/03\/2026)\u00a0<\/span><\/p>\n<p><span style=\"font-family: verdana, geneva, sans-serif;\"><a href=\"https:\/\/gpi.caed.ufmg.br\/index.php\/346558?lang=pt-BR\" target=\"_blank\" rel=\"noopener\">Formul\u00e1rio de inscri\u00e7\u00e3o<\/a> (dispon\u00edvel no per\u00edodo de 26\/11\/2025 at\u00e9 as 23h59 do dia 21\/12\/2025)\u00a0<\/span><\/p>\n<p><span style=\"font-family: verdana, geneva, sans-serif;\"><a href=\"https:\/\/gpi.caed.ufmg.br\/index.php\/999272?lang=pt-BR\" target=\"_blank\" rel=\"noopener\">Formul\u00e1rio para impugna\u00e7\u00e3o do edital<\/a> (dispon\u00edvel entre 18 e 19\/11\/2025)<\/span><\/p>\n<p><span style=\"font-family: verdana, geneva, sans-serif;\"><a href=\"https:\/\/www.ufmg.br\/dedd\/wp-content\/uploads\/2025\/11\/SEI_4668990_Edital_2904-3.pdf\" target=\"_blank\" rel=\"noopener\">Edital N\u00ba 2904\/2025 &#8211; Professor Formador &#8211; Geoprocessamento (publicado em 03\/11\/2025)<\/a><\/span><\/p>\n","protected":false},"excerpt":{"rendered":"<p>Ato n\u00ba 49 &#8212; Convoca\u00e7\u00e3o para apresenta\u00e7\u00e3o de documentos (publicada [&hellip;]<\/p>\n","protected":false},"author":11,"featured_media":0,"parent":0,"menu_order":0,"comment_status":"closed","ping_status":"closed","template":"","meta":[],"categories":[],"tags":[],"acf":[],"_links":{"self":[{"href":"https:\/\/www.ufmg.br\/dedd\/wp-json\/wp\/v2\/pages\/14319"}],"collection":[{"href":"https:\/\/www.ufmg.br\/dedd\/wp-json\/wp\/v2\/pages"}],"about":[{"href":"https:\/\/www.ufmg.br\/dedd\/wp-json\/wp\/v2\/types\/page"}],"author":[{"embeddable":true,"href":"https:\/\/www.ufmg.br\/dedd\/wp-json\/wp\/v2\/users\/11"}],"replies":[{"embeddable":true,"href":"https:\/\/www.ufmg.br\/dedd\/wp-json\/wp\/v2\/comments?post=14319"}],"version-history":[{"count":12,"href":"https:\/\/www.ufmg.br\/dedd\/wp-json\/wp\/v2\/pages\/14319\/revisions"}],"predecessor-version":[{"id":14994,"href":"https:\/\/www.ufmg.br\/dedd\/wp-json\/wp\/v2\/pages\/14319\/revisions\/14994"}],"wp:attachment":[{"href":"https:\/\/www.ufmg.br\/dedd\/wp-json\/wp\/v2\/media?parent=14319"}],"wp:term":[{"taxonomy":"category","embeddable":true,"href":"https:\/\/www.ufmg.br\/dedd\/wp-json\/wp\/v2\/categories?post=14319"},{"taxonomy":"post_tag","embeddable":true,"href":"https:\/\/www.ufmg.br\/dedd\/wp-json\/wp\/v2\/tags?post=14319"}],"curies":[{"name":"wp","href":"https:\/\/api.w.org\/{rel}","templated":true}]}}