{"id":14326,"date":"2025-11-04T07:58:24","date_gmt":"2025-11-04T10:58:24","guid":{"rendered":"https:\/\/www.ufmg.br\/dedd\/?page_id=14326"},"modified":"2026-04-13T16:37:14","modified_gmt":"2026-04-13T19:37:14","slug":"edital-3030-2025","status":"publish","type":"page","link":"https:\/\/www.ufmg.br\/dedd\/edital-3030-2025\/","title":{"rendered":"EDITAL N\u00ba 3030\/2025 &#8211; PROFESSOR FORMADOR &#8211; EDUCA\u00c7\u00c3O ESPECIAL"},"content":{"rendered":"<p><span style=\"font-family: verdana, geneva, sans-serif;\"><a href=\"https:\/\/www.ufmg.br\/dedd\/wp-content\/uploads\/2026\/04\/SEI_5101581_Ato_48.pdf\">Ato n\u00ba 48\/2026 &#8211; Convoca\u00e7\u00e3o de candidatos<\/a> (publicado em 13\/04\/2026)<\/span><\/p>\n<p><span style=\"font-family: verdana, geneva, sans-serif;\"><a href=\"https:\/\/www.ufmg.br\/dedd\/wp-content\/uploads\/2026\/02\/SEI_4960103_Ato_13.pdf\" target=\"_blank\" rel=\"noopener\">Ato n\u00ba 13\/2026 &#8211; Resultado Final<\/a> (publicado em 19\/02\/2026)<\/span><\/p>\n<p><span style=\"font-family: verdana, geneva, sans-serif;\"><a href=\"https:\/\/www.ufmg.br\/dedd\/wp-content\/uploads\/2026\/02\/Edital-3030-2025-Convocacao-para-entrevistas.pdf\">Convoca\u00e7\u00e3o para entrevistas<\/a> (publicada em 11\/02\/2026)<\/span><\/p>\n<p><span style=\"font-family: verdana, geneva, sans-serif;\"><a href=\"https:\/\/www.ufmg.br\/dedd\/wp-content\/uploads\/2026\/02\/Edital-3030-2025-Resultado-final-etapa-I.pdf\">Resultado preliminar &#8211; etapa I<\/a> (publicado em 11\/02\/2026)<\/span><\/p>\n<p><span style=\"font-family: verdana, geneva, sans-serif;\"><a href=\"https:\/\/gpi.caed.ufmg.br\/index.php\/471871?lang=pt-BR\" target=\"_blank\" rel=\"noopener\">Formul\u00e1rio para recursos ao resultado preliminar<\/a> (dispon\u00edvel no per\u00edodo de 06\/02\/2026 at\u00e9 as 12h do dia 10\/02\/2026)\u00a0<\/span><\/p>\n<p><span style=\"font-family: verdana, geneva, sans-serif;\"><a href=\"https:\/\/www.ufmg.br\/dedd\/wp-content\/uploads\/2026\/02\/SEI_4940349_Ato_7.pdf\" target=\"_blank\" rel=\"noopener\">Ato n\u00ba 07\/2026 \u2014 Resultado Preliminar<\/a> (publicado em 06\/02\/2026)<\/span><\/p>\n<p><span style=\"font-family: verdana, geneva, sans-serif;\"><a href=\"https:\/\/www.ufmg.br\/dedd\/wp-content\/uploads\/2025\/11\/Edital-3030-2025-Resultado-Impugnacao.pdf\">Ato n\u00ba 359\/2025 \u2014 Resultado da impugna\u00e7\u00e3o ao edital de sele\u00e7\u00e3o<\/a> (publicado em 26\/11\/2025)<\/span><\/p>\n<p><span style=\"font-family: verdana, geneva, sans-serif;\"><a href=\"https:\/\/www.ufmg.br\/dedd\/wp-content\/uploads\/2025\/11\/Edital-3030-2025-Portaria-de-Comissao.pdf\">Portaria 11844\/2025 &#8212; Portaria de designa\u00e7\u00e3o de membros da comiss\u00e3o de sele\u00e7\u00e3o <\/a>(publicada em 26\/11\/2025)<\/span><\/p>\n<p><span style=\"font-family: verdana, geneva, sans-serif;\"><a href=\"https:\/\/gpi.caed.ufmg.br\/index.php\/521644?lang=pt-BR\" target=\"_blank\" rel=\"noopener\">Formul\u00e1rio de inscri\u00e7\u00e3o<\/a> (dispon\u00edvel no per\u00edodo de 26\/11\/2025 at\u00e9 as 23h59 do dia 30\/01\/2026)\u00a0<\/span><\/p>\n<p><span style=\"font-family: verdana, geneva, sans-serif;\"><a href=\"https:\/\/gpi.caed.ufmg.br\/index.php\/849916?lang=pt-BR\" target=\"_blank\" rel=\"noopener\">Formul\u00e1rio para impugna\u00e7\u00e3o do edital<\/a> (dispon\u00edvel entre 18 e 19\/11\/2025)<\/span><\/p>\n<p><span style=\"font-family: verdana, geneva, sans-serif;\"><a href=\"https:\/\/www.ufmg.br\/dedd\/wp-content\/uploads\/2025\/11\/SEI_4697132_Edital_3030.pdf\" target=\"_blank\" rel=\"noopener\">Edital N\u00ba 3030\/2025 \u2013 PROFESSOR FORMADOR &#8211; EDUCA\u00c7\u00c3O ESPECIAL<\/a> (publicado em 07\/11\/2025)<\/span><\/p>\n","protected":false},"excerpt":{"rendered":"<p>Ato n\u00ba 48\/2026 &#8211; Convoca\u00e7\u00e3o de candidatos (publicado em 13\/04\/2026) [&hellip;]<\/p>\n","protected":false},"author":11,"featured_media":0,"parent":0,"menu_order":0,"comment_status":"closed","ping_status":"closed","template":"","meta":[],"categories":[],"tags":[],"acf":[],"_links":{"self":[{"href":"https:\/\/www.ufmg.br\/dedd\/wp-json\/wp\/v2\/pages\/14326"}],"collection":[{"href":"https:\/\/www.ufmg.br\/dedd\/wp-json\/wp\/v2\/pages"}],"about":[{"href":"https:\/\/www.ufmg.br\/dedd\/wp-json\/wp\/v2\/types\/page"}],"author":[{"embeddable":true,"href":"https:\/\/www.ufmg.br\/dedd\/wp-json\/wp\/v2\/users\/11"}],"replies":[{"embeddable":true,"href":"https:\/\/www.ufmg.br\/dedd\/wp-json\/wp\/v2\/comments?post=14326"}],"version-history":[{"count":27,"href":"https:\/\/www.ufmg.br\/dedd\/wp-json\/wp\/v2\/pages\/14326\/revisions"}],"predecessor-version":[{"id":14978,"href":"https:\/\/www.ufmg.br\/dedd\/wp-json\/wp\/v2\/pages\/14326\/revisions\/14978"}],"wp:attachment":[{"href":"https:\/\/www.ufmg.br\/dedd\/wp-json\/wp\/v2\/media?parent=14326"}],"wp:term":[{"taxonomy":"category","embeddable":true,"href":"https:\/\/www.ufmg.br\/dedd\/wp-json\/wp\/v2\/categories?post=14326"},{"taxonomy":"post_tag","embeddable":true,"href":"https:\/\/www.ufmg.br\/dedd\/wp-json\/wp\/v2\/tags?post=14326"}],"curies":[{"name":"wp","href":"https:\/\/api.w.org\/{rel}","templated":true}]}}