{"id":14335,"date":"2025-11-06T13:53:38","date_gmt":"2025-11-06T16:53:38","guid":{"rendered":"https:\/\/www.ufmg.br\/dedd\/?page_id=14335"},"modified":"2025-12-10T14:26:35","modified_gmt":"2025-12-10T17:26:35","slug":"edital-3072-2025","status":"publish","type":"page","link":"https:\/\/www.ufmg.br\/dedd\/edital-3072-2025\/","title":{"rendered":"EDITAL N\u00ba 3072\/2025 &#8211; AFASTAMENTO &#8211; P\u00d3S-GRADUA\u00c7\u00c3O &#8211; PLAD\/DEDD"},"content":{"rendered":"<p><span style=\"font-family: verdana, geneva, sans-serif;\"><a href=\"https:\/\/www.ufmg.br\/dedd\/wp-content\/uploads\/2025\/12\/SEI_4810654_Comunicado_12.pdf\">Comunicado N\u00ba 12<\/a> (publicado em 10\/12\/2025)<\/span><\/p>\n<p><span style=\"font-family: verdana, geneva, sans-serif;\"><a href=\"https:\/\/www.ufmg.br\/dedd\/wp-content\/uploads\/2025\/12\/SEI_4801102_Comunicado_11.pdf\" target=\"_blank\" rel=\"noopener\">Comunicado N\u00ba 11<\/a> (publicado em 05\/12\/2025)<\/span><\/p>\n<p><span style=\"font-family: verdana, geneva, sans-serif;\"><a href=\"https:\/\/www.ufmg.br\/dedd\/wp-content\/uploads\/2025\/12\/SEI_4799610_Comunicado_10.pdf\" target=\"_blank\" rel=\"noopener\">Comunicado N\u00ba 10<\/a> (publicado em 05\/12\/2025)<\/span><\/p>\n<p><span style=\"font-family: verdana, geneva, sans-serif;\"><a href=\"https:\/\/www.ufmg.br\/dedd\/wp-content\/uploads\/2025\/11\/SEI_4765294_Comunicado_8.pdf\" target=\"_blank\" rel=\"noopener\">Comunicado N\u00ba 8<\/a> (publicado em 25\/11\/2025)<\/span><\/p>\n<p><span style=\"font-family: verdana, geneva, sans-serif;\"><a href=\"https:\/\/www.ufmg.br\/dedd\/wp-content\/uploads\/2025\/11\/ANEXO-AO-EDITAL-1.pdf\" target=\"_blank\" rel=\"noopener\">Modelo de Formul\u00e1rio de Inscri\u00e7\u00e3o<\/a> (publicado em 06\/11\/2025)<\/span><\/p>\n<p><span style=\"font-family: verdana, geneva, sans-serif;\"><a href=\"https:\/\/www.ufmg.br\/dedd\/wp-content\/uploads\/2025\/11\/SEI_4711595_Edital_3072.pdf\" target=\"_blank\" rel=\"noopener\">Edital N\u00ba 3072\/2025 &#8211; Afastamento &#8211; P\u00f3s-Gradua\u00e7\u00e3o &#8211; PLAD\/DEDD<\/a> (publicado em 06\/11\/2025)<\/span><\/p>\n<p><span style=\"font-family: verdana, geneva, sans-serif;\"><a href=\"https:\/\/www.ufmg.br\/dedd\/wp-content\/uploads\/2025\/11\/SEI_4711588_Portaria_11151.pdf\" target=\"_blank\" rel=\"noopener\">Portaria N\u00ba 11151, de 05 de novembro de 2025<\/a> (publicada em 06\/11\/2025)<\/span><\/p>\n<p><span style=\"font-family: verdana, geneva, sans-serif;\"><a href=\"https:\/\/www.ufmg.br\/dedd\/wp-content\/uploads\/2025\/11\/Resolucao-Complementar-no-01_2023-5.pdf\" target=\"_blank\" rel=\"noopener\">Resolu\u00e7\u00e3o Complementar N\u00ba 01\/2023, de 27 de abril de 2023<\/a> (publicada em 06\/11\/2025)<\/span><\/p>\n","protected":false},"excerpt":{"rendered":"<p>Comunicado N\u00ba 12 (publicado em 10\/12\/2025) Comunicado N\u00ba 11 (publicado [&hellip;]<\/p>\n","protected":false},"author":11,"featured_media":0,"parent":0,"menu_order":0,"comment_status":"closed","ping_status":"closed","template":"","meta":[],"categories":[],"tags":[],"acf":[],"_links":{"self":[{"href":"https:\/\/www.ufmg.br\/dedd\/wp-json\/wp\/v2\/pages\/14335"}],"collection":[{"href":"https:\/\/www.ufmg.br\/dedd\/wp-json\/wp\/v2\/pages"}],"about":[{"href":"https:\/\/www.ufmg.br\/dedd\/wp-json\/wp\/v2\/types\/page"}],"author":[{"embeddable":true,"href":"https:\/\/www.ufmg.br\/dedd\/wp-json\/wp\/v2\/users\/11"}],"replies":[{"embeddable":true,"href":"https:\/\/www.ufmg.br\/dedd\/wp-json\/wp\/v2\/comments?post=14335"}],"version-history":[{"count":10,"href":"https:\/\/www.ufmg.br\/dedd\/wp-json\/wp\/v2\/pages\/14335\/revisions"}],"predecessor-version":[{"id":14433,"href":"https:\/\/www.ufmg.br\/dedd\/wp-json\/wp\/v2\/pages\/14335\/revisions\/14433"}],"wp:attachment":[{"href":"https:\/\/www.ufmg.br\/dedd\/wp-json\/wp\/v2\/media?parent=14335"}],"wp:term":[{"taxonomy":"category","embeddable":true,"href":"https:\/\/www.ufmg.br\/dedd\/wp-json\/wp\/v2\/categories?post=14335"},{"taxonomy":"post_tag","embeddable":true,"href":"https:\/\/www.ufmg.br\/dedd\/wp-json\/wp\/v2\/tags?post=14335"}],"curies":[{"name":"wp","href":"https:\/\/api.w.org\/{rel}","templated":true}]}}