{"id":1446,"date":"2016-12-14T13:31:53","date_gmt":"2016-12-14T13:31:53","guid":{"rendered":"https:\/\/www.ufmg.br\/dedd\/?page_id=1446"},"modified":"2023-05-31T14:35:47","modified_gmt":"2023-05-31T17:35:47","slug":"espaco-de-producao-academica","status":"publish","type":"page","link":"https:\/\/www.ufmg.br\/dedd\/ensino\/ambientes-de-estudo\/espaco-de-producao-academica\/","title":{"rendered":"Espa\u00e7o de Produ\u00e7\u00e3o Acad\u00eamica"},"content":{"rendered":"<p style=\"text-align: justify;\"><a href=\"https:\/\/www.ufmg.br\/dedd\/wp-content\/uploads\/img-p-site_curso-1.png\"><img decoding=\"async\" loading=\"lazy\" class=\"aligncenter wp-image-1451\" src=\"https:\/\/www.ufmg.br\/dedd\/wp-content\/uploads\/img-p-site_curso-1.png\" alt=\"img-p-site_curso (1)\" width=\"667\" height=\"260\" \/><\/a><\/p>\n<p style=\"text-align: justify;\">O Espa\u00e7o Produ\u00e7\u00e3o Acad\u00eamica objetiva apresentar ao estudante textos que contemplem as habilidades necess\u00e1rias quanto \u00e0 leitura e \u00e0 produ\u00e7\u00e3o dos principais g\u00eaneros de textos acad\u00eamicos, de maneira a capacit\u00e1-los a produzir textos e a utilizar as regras de normaliza\u00e7\u00e3o de textos.<\/p>\n<p style=\"text-align: justify;\">Da mesma forma, pretende-se que o participante conhe\u00e7a as leis que regem os direitos autorais de autores consultados, de imagens, de \u00e1udios e de v\u00eddeos utilizados em suas produ\u00e7\u00f5es e que se conscientize dos riscos de cometer pl\u00e1gio autoral. E saiba tamb\u00e9m como proceder para publicar em peri\u00f3dicos e para apresentar trabalhos em eventos acad\u00eamicos. Este espa\u00e7o possui car\u00e1ter de reposit\u00f3rio, logo n\u00e3o haver\u00e1 tutoria ou certifica\u00e7\u00e3o pela participa\u00e7\u00e3o nele.<\/p>\n<p style=\"text-align: justify;\">Para ter acesso, basta solicitar a inscri\u00e7\u00e3o preenchendo o formul\u00e1rio dispon\u00edvel em <a href=\"https:\/\/www.ufmg.br\/dedd\/formulario\/EspacoProducaoAcademica\">https:\/\/www.ufmg.br\/dedd\/formulario\/EspacoProducaoAcademica<\/a>.<\/p>\n<p><strong>Informa\u00e7\u00f5es<\/strong>:\u00a0(31) 3409-4638 e\u00a0<strong><a href=\"http:\/\/ead@ufmg.br\/\">ead@ufmg.br<\/a><\/strong>.<\/p>\n","protected":false},"excerpt":{"rendered":"<p>O Espa\u00e7o Produ\u00e7\u00e3o Acad\u00eamica objetiva apresentar ao estudante textos que [&hellip;]<\/p>\n","protected":false},"author":5,"featured_media":0,"parent":9419,"menu_order":0,"comment_status":"closed","ping_status":"closed","template":"","meta":[],"categories":[],"tags":[],"acf":[],"_links":{"self":[{"href":"https:\/\/www.ufmg.br\/dedd\/wp-json\/wp\/v2\/pages\/1446"}],"collection":[{"href":"https:\/\/www.ufmg.br\/dedd\/wp-json\/wp\/v2\/pages"}],"about":[{"href":"https:\/\/www.ufmg.br\/dedd\/wp-json\/wp\/v2\/types\/page"}],"author":[{"embeddable":true,"href":"https:\/\/www.ufmg.br\/dedd\/wp-json\/wp\/v2\/users\/5"}],"replies":[{"embeddable":true,"href":"https:\/\/www.ufmg.br\/dedd\/wp-json\/wp\/v2\/comments?post=1446"}],"version-history":[{"count":1,"href":"https:\/\/www.ufmg.br\/dedd\/wp-json\/wp\/v2\/pages\/1446\/revisions"}],"predecessor-version":[{"id":9998,"href":"https:\/\/www.ufmg.br\/dedd\/wp-json\/wp\/v2\/pages\/1446\/revisions\/9998"}],"up":[{"embeddable":true,"href":"https:\/\/www.ufmg.br\/dedd\/wp-json\/wp\/v2\/pages\/9419"}],"wp:attachment":[{"href":"https:\/\/www.ufmg.br\/dedd\/wp-json\/wp\/v2\/media?parent=1446"}],"wp:term":[{"taxonomy":"category","embeddable":true,"href":"https:\/\/www.ufmg.br\/dedd\/wp-json\/wp\/v2\/categories?post=1446"},{"taxonomy":"post_tag","embeddable":true,"href":"https:\/\/www.ufmg.br\/dedd\/wp-json\/wp\/v2\/tags?post=1446"}],"curies":[{"name":"wp","href":"https:\/\/api.w.org\/{rel}","templated":true}]}}