{"id":14491,"date":"2026-01-08T08:01:51","date_gmt":"2026-01-08T11:01:51","guid":{"rendered":"https:\/\/www.ufmg.br\/dedd\/?page_id=14491"},"modified":"2026-02-25T11:08:37","modified_gmt":"2026-02-25T14:08:37","slug":"edital-041-2026","status":"publish","type":"page","link":"https:\/\/www.ufmg.br\/dedd\/edital-041-2026\/","title":{"rendered":"Edital 041\/2026 &#8211; Bolsista &#8211; Programa Aproxime-se"},"content":{"rendered":"<p><span style=\"font-family: verdana, geneva, sans-serif;\"><a href=\"https:\/\/www.ufmg.br\/dedd\/wp-content\/uploads\/2026\/02\/Edital-041-2026-Resultado-Final.pdf\">Resultado final<\/a> (publicado em 25\/02\/2026)\u00a0<\/span><\/p>\n<p><span style=\"font-family: verdana, geneva, sans-serif;\"><a href=\"https:\/\/www.ufmg.br\/dedd\/wp-content\/uploads\/2026\/02\/Edital-041-2026-Resultado-preliminar.pdf\">Resultado preliminar<\/a> (publicado em 10\/02\/2026)\u00a0<\/span><\/p>\n<p><span style=\"font-family: verdana, geneva, sans-serif;\"><a href=\"https:\/\/www.ufmg.br\/dedd\/wp-content\/uploads\/2026\/02\/Edital-041-2026-Resultado-prova-virtual-e-convocacao-para-entrevistas.pdf\">Resultado da prova virtual e convoca\u00e7\u00e3o para entrevistas<\/a> (publicado em 03\/02\/2026)\u00a0<\/span><\/p>\n<p><span style=\"font-family: verdana, geneva, sans-serif;\"><a href=\"https:\/\/www.ufmg.br\/dedd\/wp-content\/uploads\/2026\/01\/SEI_4910834_Ato_5.pdf\" target=\"_blank\" rel=\"noopener\">Lista de candidatos que apresentaram documenta\u00e7\u00e3o correta<\/a> (publicado em 28\/01\/2026)<\/span><\/p>\n<p><span style=\"font-family: verdana, geneva, sans-serif;\"><a href=\"https:\/\/gpi.caed.ufmg.br\/index.php\/845118?lang=pt-BR\" target=\"_blank\" rel=\"noopener\">Formul\u00e1rio de inscri\u00e7\u00e3o<\/a> &#8211; (Dispon\u00edvel de 14 a 23 de janeiro de 2026)<br \/>\n<\/span><\/p>\n<p><span style=\"font-family: verdana, geneva, sans-serif;\"><a href=\"https:\/\/www.ufmg.br\/dedd\/wp-content\/uploads\/2026\/01\/Edital-018-2026-Portaria-de-Comissao.pdf\">Portaria n\u00ba 219\/2026 &#8212; Designa membros para comiss\u00e3o respons\u00e1vel pelo processo seletivo<\/a> (publicada em 08\/01\/2026)\u00a0<\/span><\/p>\n<p><span style=\"font-family: verdana, geneva, sans-serif;\"><a href=\"https:\/\/www.ufmg.br\/dedd\/wp-content\/uploads\/2026\/01\/SEI_4868879_Edital_41.pdf\">Edital 41\/2026 &#8211; Bolsista &#8211; Programa Aproxime-se<\/a> (publicado em 08\/01\/2026)<\/span><\/p>\n","protected":false},"excerpt":{"rendered":"<p>Resultado final (publicado em 25\/02\/2026)\u00a0 Resultado preliminar (publicado em 10\/02\/2026)\u00a0 [&hellip;]<\/p>\n","protected":false},"author":5,"featured_media":0,"parent":0,"menu_order":0,"comment_status":"closed","ping_status":"closed","template":"","meta":[],"categories":[],"tags":[],"acf":[],"_links":{"self":[{"href":"https:\/\/www.ufmg.br\/dedd\/wp-json\/wp\/v2\/pages\/14491"}],"collection":[{"href":"https:\/\/www.ufmg.br\/dedd\/wp-json\/wp\/v2\/pages"}],"about":[{"href":"https:\/\/www.ufmg.br\/dedd\/wp-json\/wp\/v2\/types\/page"}],"author":[{"embeddable":true,"href":"https:\/\/www.ufmg.br\/dedd\/wp-json\/wp\/v2\/users\/5"}],"replies":[{"embeddable":true,"href":"https:\/\/www.ufmg.br\/dedd\/wp-json\/wp\/v2\/comments?post=14491"}],"version-history":[{"count":19,"href":"https:\/\/www.ufmg.br\/dedd\/wp-json\/wp\/v2\/pages\/14491\/revisions"}],"predecessor-version":[{"id":14712,"href":"https:\/\/www.ufmg.br\/dedd\/wp-json\/wp\/v2\/pages\/14491\/revisions\/14712"}],"wp:attachment":[{"href":"https:\/\/www.ufmg.br\/dedd\/wp-json\/wp\/v2\/media?parent=14491"}],"wp:term":[{"taxonomy":"category","embeddable":true,"href":"https:\/\/www.ufmg.br\/dedd\/wp-json\/wp\/v2\/categories?post=14491"},{"taxonomy":"post_tag","embeddable":true,"href":"https:\/\/www.ufmg.br\/dedd\/wp-json\/wp\/v2\/tags?post=14491"}],"curies":[{"name":"wp","href":"https:\/\/api.w.org\/{rel}","templated":true}]}}