{"id":14626,"date":"2026-02-04T07:54:33","date_gmt":"2026-02-04T10:54:33","guid":{"rendered":"https:\/\/www.ufmg.br\/dedd\/?page_id=14626"},"modified":"2026-04-07T15:37:42","modified_gmt":"2026-04-07T18:37:42","slug":"edital-206-2026","status":"publish","type":"page","link":"https:\/\/www.ufmg.br\/dedd\/edital-206-2026\/","title":{"rendered":"EDITAL 206\/2026 &#8211; COORDENADOR DE CURSO &#8211; GEOPROCESSAMENTO"},"content":{"rendered":"<p><span style=\"font-family: verdana, geneva, sans-serif;\"><a href=\"https:\/\/www.ufmg.br\/dedd\/wp-content\/uploads\/2026\/04\/SEI_5084623_Ato_36.pdf\">Ato n\u00ba 36 &#8211; Convoca\u00e7\u00e3o de Candidato<\/a> (publicado em 07\/04\/2026)<\/span><\/p>\n<p><span style=\"font-family: verdana, geneva, sans-serif;\"><a href=\"https:\/\/www.ufmg.br\/dedd\/wp-content\/uploads\/2026\/03\/Edital-206-2026-Resultado-definitivo.pdf\">Resultado definitivo<\/a> (publicado em 31\/03\/2026)\u00a0<\/span><\/p>\n<p><span style=\"font-family: verdana, geneva, sans-serif;\"><a href=\"https:\/\/gpi.caed.ufmg.br\/index.php\/454472?lang=pt-BR\" target=\"_blank\" rel=\"noopener\">Formul\u00e1rio para recursos ao resultado final<\/a> (dispon\u00edvel no per\u00edodo de 28\/03\/2026 at\u00e9 as 17:00h do dia 29\/03\/2026)\u00a0<\/span><\/p>\n<p><span style=\"font-family: verdana, geneva, sans-serif;\"><a href=\"https:\/\/www.ufmg.br\/dedd\/wp-content\/uploads\/2026\/03\/Edital-206-2026-Resultado-final-preliminar.pdf\">Ato n\u00ba 30 &#8211; Resultado final preliminar<\/a> (publicado em 27\/03\/2026)<\/span><\/p>\n<p><span style=\"font-family: verdana, geneva, sans-serif;\"><a href=\"https:\/\/gpi.caed.ufmg.br\/index.php\/816187?lang=pt-BR\" target=\"_blank\" rel=\"noopener\">Formul\u00e1rio para recursos ao resultado preliminar<\/a> (dispon\u00edvel no per\u00edodo de 21\/03\/2026 at\u00e9 as 17:00h do dia 23\/03\/2026)\u00a0<\/span><\/p>\n<p><span style=\"font-family: verdana, geneva, sans-serif;\"><a href=\"https:\/\/www.ufmg.br\/dedd\/wp-content\/uploads\/2026\/03\/Edital-206-2026-Resultado-preliminar.pdf\">Resultado preliminar<\/a> (publicado em 20\/03\/2026)<\/span><\/p>\n<p><span style=\"font-family: verdana, geneva, sans-serif;\"><a href=\"https:\/\/www.ufmg.br\/dedd\/wp-content\/uploads\/2026\/03\/SEI_5008144_Ato_21.pdf\" target=\"_blank\" rel=\"noopener\">Ato n\u00ba 21 &#8211; Retifica\u00e7\u00e3o do cronograma<\/a> (publicado em 06\/03\/2026)<\/span><\/p>\n<p><span style=\"font-family: verdana, geneva, sans-serif;\"><a href=\"https:\/\/gpi.caed.ufmg.br\/index.php\/842848?lang=pt-BR\" target=\"_blank\" rel=\"noopener\">Formul\u00e1rio de inscri\u00e7\u00e3o<\/a> (dispon\u00edvel no per\u00edodo de 20\/02\/2026 at\u00e9 as 23h59 do dia 09\/03\/2026)<\/span><\/p>\n<p><span style=\"font-family: verdana, geneva, sans-serif;\"><a href=\"https:\/\/gpi.caed.ufmg.br\/index.php\/698225?lang=pt-BR\" target=\"_blank\" rel=\"noopener\">Formul\u00e1rio para recursos de impugna\u00e7\u00e3o de edital<\/a> (dispon\u00edvel no per\u00edodo de 13\/02\/2026 at\u00e9 as 23:59h do dia 15\/02\/2026)\u00a0<\/span><\/p>\n<p><span style=\"font-family: verdana, geneva, sans-serif;\"><a href=\"https:\/\/www.ufmg.br\/dedd\/wp-content\/uploads\/2026\/02\/SEI_4954435_Portaria_1421.pdf\">Portaria 1421\/26 &#8211; <\/a><a href=\"https:\/\/www.ufmg.br\/dedd\/wp-content\/uploads\/2026\/01\/Edital-018-2026-Portaria-de-Comissao.pdf\" target=\"_blank\" rel=\"noopener\">Designa membros para comiss\u00e3o respons\u00e1vel pelo processo seletivo<\/a> &#8211; (publicado em 12\/02\/2026)<\/span><\/p>\n<p><span style=\"font-family: verdana, geneva, sans-serif;\"><a href=\"https:\/\/www.ufmg.br\/dedd\/wp-content\/uploads\/2026\/02\/SEI_4928575_Edital_206.pdf\" target=\"_blank\" rel=\"noopener\">Edital 206\/2026 &#8211; Coordenador de Curso &#8211; Geoprocessamento<\/a> (publicado em 12\/02\/2026)<\/span><\/p>\n<p>&nbsp;<\/p>\n","protected":false},"excerpt":{"rendered":"<p>Ato n\u00ba 36 &#8211; Convoca\u00e7\u00e3o de Candidato (publicado em 07\/04\/2026) [&hellip;]<\/p>\n","protected":false},"author":8,"featured_media":0,"parent":0,"menu_order":0,"comment_status":"closed","ping_status":"closed","template":"","meta":[],"categories":[],"tags":[],"acf":[],"_links":{"self":[{"href":"https:\/\/www.ufmg.br\/dedd\/wp-json\/wp\/v2\/pages\/14626"}],"collection":[{"href":"https:\/\/www.ufmg.br\/dedd\/wp-json\/wp\/v2\/pages"}],"about":[{"href":"https:\/\/www.ufmg.br\/dedd\/wp-json\/wp\/v2\/types\/page"}],"author":[{"embeddable":true,"href":"https:\/\/www.ufmg.br\/dedd\/wp-json\/wp\/v2\/users\/8"}],"replies":[{"embeddable":true,"href":"https:\/\/www.ufmg.br\/dedd\/wp-json\/wp\/v2\/comments?post=14626"}],"version-history":[{"count":25,"href":"https:\/\/www.ufmg.br\/dedd\/wp-json\/wp\/v2\/pages\/14626\/revisions"}],"predecessor-version":[{"id":14674,"href":"https:\/\/www.ufmg.br\/dedd\/wp-json\/wp\/v2\/pages\/14626\/revisions\/14674"}],"wp:attachment":[{"href":"https:\/\/www.ufmg.br\/dedd\/wp-json\/wp\/v2\/media?parent=14626"}],"wp:term":[{"taxonomy":"category","embeddable":true,"href":"https:\/\/www.ufmg.br\/dedd\/wp-json\/wp\/v2\/categories?post=14626"},{"taxonomy":"post_tag","embeddable":true,"href":"https:\/\/www.ufmg.br\/dedd\/wp-json\/wp\/v2\/tags?post=14626"}],"curies":[{"name":"wp","href":"https:\/\/api.w.org\/{rel}","templated":true}]}}