{"id":14919,"date":"2026-04-08T09:30:32","date_gmt":"2026-04-08T12:30:32","guid":{"rendered":"https:\/\/www.ufmg.br\/dedd\/?page_id=14919"},"modified":"2026-04-09T16:06:03","modified_gmt":"2026-04-09T19:06:03","slug":"edital-837-2026","status":"publish","type":"page","link":"https:\/\/www.ufmg.br\/dedd\/edital-837-2026\/","title":{"rendered":"EDITAL N\u00ba 837\/2026 &#8211; ASSISTENTE PEDAG\u00d3GICO &#8211; EQUIPE MULTIDISCIPLINAR UAB\/UFMG"},"content":{"rendered":"<p><span style=\"font-family: verdana, geneva, sans-serif;\"><span style=\"font-size: 12pt;\"><a href=\"https:\/\/www.ufmg.br\/dedd\/wp-content\/uploads\/2026\/04\/SEI_5093307_Portaria_3329.pdf\" target=\"_blank\" rel=\"noopener\">PORTARIA N\u00ba 3329<\/a><\/span>\u00a0(publicado em 09\/04\/2026)<\/span><\/p>\n<p><span style=\"font-family: verdana, geneva, sans-serif;\"><a href=\"https:\/\/gpi.caed.ufmg.br\/index.php\/877373?lang=pt-BR\" target=\"_blank\" rel=\"noopener\">Formul\u00e1rio para recursos ao resultado preliminar<\/a> (dispon\u00edvel no per\u00edodo de 30\/04\/2026 at\u00e9 as 14h do dia 01\/05\/2026)\u00a0<\/span><\/p>\n<p><span style=\"font-family: verdana, geneva, sans-serif;\"><a href=\"https:\/\/gpi.caed.ufmg.br\/index.php\/743493?lang=pt-BR\" target=\"_blank\" rel=\"noopener\">Formul\u00e1rio de inscri\u00e7\u00e3o<\/a> (dispon\u00edvel no per\u00edodo de 11\/04\/2026 at\u00e9 as 23:59h do dia 25\/04\/2026)<\/span><\/p>\n<p><span style=\"font-family: verdana, geneva, sans-serif;\"><a href=\"https:\/\/gpi.caed.ufmg.br\/index.php\/739964?lang=pt-BR\" target=\"_blank\" rel=\"noopener\">Formul\u00e1rio para impugna\u00e7\u00e3o<\/a> (dispon\u00edvel entre 08 e 09\/04\/2026)<\/span><\/p>\n<p><span style=\"font-family: verdana, geneva, sans-serif;\"><a href=\"https:\/\/www.ufmg.br\/dedd\/wp-content\/uploads\/2026\/04\/SEI_UFMG-5088751-Edital.pdf\" target=\"_blank\" rel=\"noopener\">Edital N\u00ba 837\/2026 \u2013 Assistente Pedag\u00f3gico \u2013 Equipe Multidisciplinar UAB\/UFMG<\/a> (publicado em 08\/04\/2026)<\/span><\/p>\n","protected":false},"excerpt":{"rendered":"<p>PORTARIA N\u00ba 3329\u00a0(publicado em 09\/04\/2026) Formul\u00e1rio para recursos ao resultado [&hellip;]<\/p>\n","protected":false},"author":11,"featured_media":0,"parent":0,"menu_order":0,"comment_status":"closed","ping_status":"closed","template":"","meta":[],"categories":[],"tags":[],"acf":[],"_links":{"self":[{"href":"https:\/\/www.ufmg.br\/dedd\/wp-json\/wp\/v2\/pages\/14919"}],"collection":[{"href":"https:\/\/www.ufmg.br\/dedd\/wp-json\/wp\/v2\/pages"}],"about":[{"href":"https:\/\/www.ufmg.br\/dedd\/wp-json\/wp\/v2\/types\/page"}],"author":[{"embeddable":true,"href":"https:\/\/www.ufmg.br\/dedd\/wp-json\/wp\/v2\/users\/11"}],"replies":[{"embeddable":true,"href":"https:\/\/www.ufmg.br\/dedd\/wp-json\/wp\/v2\/comments?post=14919"}],"version-history":[{"count":7,"href":"https:\/\/www.ufmg.br\/dedd\/wp-json\/wp\/v2\/pages\/14919\/revisions"}],"predecessor-version":[{"id":14925,"href":"https:\/\/www.ufmg.br\/dedd\/wp-json\/wp\/v2\/pages\/14919\/revisions\/14925"}],"wp:attachment":[{"href":"https:\/\/www.ufmg.br\/dedd\/wp-json\/wp\/v2\/media?parent=14919"}],"wp:term":[{"taxonomy":"category","embeddable":true,"href":"https:\/\/www.ufmg.br\/dedd\/wp-json\/wp\/v2\/categories?post=14919"},{"taxonomy":"post_tag","embeddable":true,"href":"https:\/\/www.ufmg.br\/dedd\/wp-json\/wp\/v2\/tags?post=14919"}],"curies":[{"name":"wp","href":"https:\/\/api.w.org\/{rel}","templated":true}]}}