{"id":14962,"date":"2026-04-13T14:52:32","date_gmt":"2026-04-13T17:52:32","guid":{"rendered":"https:\/\/www.ufmg.br\/dedd\/?page_id=14962"},"modified":"2026-04-14T09:28:07","modified_gmt":"2026-04-14T12:28:07","slug":"edital-892-2026","status":"publish","type":"page","link":"https:\/\/www.ufmg.br\/dedd\/edital-892-2026\/","title":{"rendered":"Edital N\u00ba 892\/2026 &#8211; EDITAL \u2013 PROCESSO DE SELE\u00c7\u00c3O DE BOLSISTA\/EST\u00c1GI\u00c1RIO &#8211; DESIGN &#8211; DEDD\/FCO"},"content":{"rendered":"<p><span style=\"font-family: verdana, geneva, sans-serif;\"><a href=\"https:\/\/www.ufmg.br\/dedd\/wp-content\/uploads\/2026\/04\/Edital-892-2026-Portaria-Comissao.pdf\">Portaria n.\u00ba 340\/2026 &#8212; Designa membros integrantes da comiss\u00e3o examinadora do processo seletivo<\/a> (publicada em 14\/04\/2026)\u00a0<\/span><\/p>\n<p><span style=\"font-family: verdana, geneva, sans-serif;\"><a href=\"https:\/\/gpi.caed.ufmg.br\/index.php\/834337?lang=pt-BR\" target=\"_blank\" rel=\"noopener\">Formul\u00e1rio para recursos ao resultado preliminar<\/a> (dispon\u00edvel no per\u00edodo de 30\/04\/2026 at\u00e9 as 23:59h do dia 03\/05\/2026)<\/span><\/p>\n<p><span style=\"font-family: verdana, geneva, sans-serif;\"><a href=\"https:\/\/gpi.caed.ufmg.br\/index.php\/279682?lang=pt-BR\" target=\"_blank\" rel=\"noopener\">Formul\u00e1rio para recursos ao resultado da primeira etapa<\/a> (dispon\u00edvel no per\u00edodo de 24\/04\/2026 at\u00e9 as 23:59h do dia 26\/04\/2026)<\/span><\/p>\n<p><span style=\"font-family: verdana, geneva, sans-serif;\"><a href=\"https:\/\/gpi.caed.ufmg.br\/index.php\/952386?lang=pt-BR\" target=\"_blank\" rel=\"noopener\">Formul\u00e1rio de inscri\u00e7\u00e3o<\/a> (dispon\u00edvel no per\u00edodo de 15\/04\/2026 at\u00e9 as 23:59h do dia 22\/04\/2026)<\/span><\/p>\n<p><span style=\"font-family: verdana, geneva, sans-serif;\"><a href=\"https:\/\/www.ufmg.br\/dedd\/wp-content\/uploads\/2026\/04\/SEI_5101494_Edital_892.pdf\">Edital N\u00ba 892\/2026 \u2013 Bolsista\/Estagi\u00e1rio Design &#8211; DEDD\/FCO\/UFMG<\/a> (publicado em 13\/04\/2026)<\/span><\/p>\n","protected":false},"excerpt":{"rendered":"<p>Portaria n.\u00ba 340\/2026 &#8212; Designa membros integrantes da comiss\u00e3o examinadora [&hellip;]<\/p>\n","protected":false},"author":8,"featured_media":0,"parent":0,"menu_order":0,"comment_status":"closed","ping_status":"closed","template":"","meta":[],"categories":[],"tags":[],"acf":[],"_links":{"self":[{"href":"https:\/\/www.ufmg.br\/dedd\/wp-json\/wp\/v2\/pages\/14962"}],"collection":[{"href":"https:\/\/www.ufmg.br\/dedd\/wp-json\/wp\/v2\/pages"}],"about":[{"href":"https:\/\/www.ufmg.br\/dedd\/wp-json\/wp\/v2\/types\/page"}],"author":[{"embeddable":true,"href":"https:\/\/www.ufmg.br\/dedd\/wp-json\/wp\/v2\/users\/8"}],"replies":[{"embeddable":true,"href":"https:\/\/www.ufmg.br\/dedd\/wp-json\/wp\/v2\/comments?post=14962"}],"version-history":[{"count":8,"href":"https:\/\/www.ufmg.br\/dedd\/wp-json\/wp\/v2\/pages\/14962\/revisions"}],"predecessor-version":[{"id":14988,"href":"https:\/\/www.ufmg.br\/dedd\/wp-json\/wp\/v2\/pages\/14962\/revisions\/14988"}],"wp:attachment":[{"href":"https:\/\/www.ufmg.br\/dedd\/wp-json\/wp\/v2\/media?parent=14962"}],"wp:term":[{"taxonomy":"category","embeddable":true,"href":"https:\/\/www.ufmg.br\/dedd\/wp-json\/wp\/v2\/categories?post=14962"},{"taxonomy":"post_tag","embeddable":true,"href":"https:\/\/www.ufmg.br\/dedd\/wp-json\/wp\/v2\/tags?post=14962"}],"curies":[{"name":"wp","href":"https:\/\/api.w.org\/{rel}","templated":true}]}}