{"id":2630,"date":"2017-09-15T12:50:37","date_gmt":"2017-09-15T12:50:37","guid":{"rendered":"https:\/\/www.ufmg.br\/dedd\/?page_id=2630"},"modified":"2026-02-10T13:30:25","modified_gmt":"2026-02-10T16:30:25","slug":"espaco-disciplinas-ead-no-ensino-presencial","status":"publish","type":"page","link":"https:\/\/www.ufmg.br\/dedd\/ensino\/ambientes-de-estudo\/espaco-disciplinas-ead-no-ensino-presencial\/","title":{"rendered":"Espa\u00e7o \u201cDisciplinas EaD no Ensino Presencial\u201d"},"content":{"rendered":"<p style=\"text-align: justify;\"><a href=\"https:\/\/www.ufmg.br\/dedd\/wp-content\/uploads\/ptespa\u00e7o-ead-capa.png\"><img decoding=\"async\" loading=\"lazy\" class=\" wp-image-2645 aligncenter\" src=\"https:\/\/www.ufmg.br\/dedd\/wp-content\/uploads\/ptespa\u00e7o-ead-capa.png\" alt=\"ptespa\u00e7o-ead-capa\" width=\"485\" height=\"159\" \/><\/a><\/p>\n<p style=\"text-align: justify;\">Recentemente, a legisla\u00e7\u00e3o permitiu que os cursos presenciais ofertassem at\u00e9 20% do seu conte\u00fado utilizando a Educa\u00e7\u00e3o a Dist\u00e2ncia, modalidade que permite a realiza\u00e7\u00e3o de situa\u00e7\u00f5es de aprendizagem em tempos e em lugares diversos e que pode contribuir para ampliar as possibilidades educacionais do ensino presencial.<\/p>\n<p style=\"text-align: justify;\">Na UFMG, essa possibilidade foi regulamentada pela <a href=\"https:\/\/www2.ufmg.br\/sods\/content\/download\/2139\/15033\/version\/3\/file\/06rescepe2016.pdf\">Resolu\u00e7\u00e3o 06\/2016<\/a>, emitida pelo Conselho de Ensino, Pesquisa e Extens\u00e3o (Cepe\/UFMG), em maio de 2016.<\/p>\n<p style=\"text-align: justify;\">Com o objetivo de auxiliar os professores a elaborarem conte\u00fados na modalidade EaD, a DEDD\/UFMG, com apoio da Prograd e da PRPG, elaborou o Espa\u00e7o &#8220;Disciplinas EaD no Ensino Presencial&#8221;.<\/p>\n<p style=\"text-align: justify;\">O espa\u00e7o objetiva ser um local de consulta no qual o professor vai encontrar informa\u00e7\u00f5es que o ajudar\u00e3o a planejar sua disciplina a dist\u00e2ncia e a desenvolver recursos multim\u00eddia para incrementar suas aulas.<\/p>\n<p style=\"text-align: justify;\">Para ter acesso, basta realizar a autoinscri\u00e7\u00e3o por meio do link\u00a0<a href=\"https:\/\/virtual.ufmg.br\/plataforma\/course\/view.php?id=174\">https:\/\/virtual.ufmg.br\/plataforma\/course\/view.php?id=174<\/a>, e a turma ficar\u00e1 vis\u00edvel no bloco Turmas Adicionais do MinhaUFMG. Em caso de d\u00favida, consulte o <a href=\"https:\/\/www.ufmg.br\/dedd\/wp-content\/uploads\/2023\/06\/tutorialautoinscricao.pdf\" target=\"_blank\" rel=\"noopener\">tutorial<\/a> com o passo a passo do procedimento e assista ao <a href=\"https:\/\/www.youtube.com\/watch?v=8RLluD9aOf8\" target=\"_blank\" rel=\"noopener\">webinar de apresenta\u00e7\u00e3o do Espa\u00e7o<\/a>.<\/p>\n<div style=\"text-align: justify;\">Quem n\u00e3o possui matr\u00edcula na UFMG e quiser acessar o espa\u00e7o, poder\u00e1 faz\u00ea-lo na vers\u00e3o disponibilizada no<a href=\"https:\/\/virtual.ufmg.br\/dedd\/\"> DEDD Virtual<\/a>. As inscri\u00e7\u00f5es pode ser feitas por meio do question\u00e1rio dispon\u00edvel em <a href=\"https:\/\/www.ufmg.br\/dedd\/formulario\/EspacoDisciplinasEAD\">https:\/\/www.ufmg.br\/dedd\/formulario\/EspacoDisciplinasEAD<\/a>.<\/div>\n<div><\/div>\n<div><strong>Informa\u00e7\u00f5es<\/strong>: www.ufmg.br\/dedd, (31) 3409-4638 e <a href=\"mailto:ead@ufmg.br\">ead@ufmg.br<\/a>.<\/div>\n","protected":false},"excerpt":{"rendered":"<p>Recentemente, a legisla\u00e7\u00e3o permitiu que os cursos presenciais ofertassem at\u00e9 [&hellip;]<\/p>\n","protected":false},"author":5,"featured_media":0,"parent":9419,"menu_order":0,"comment_status":"closed","ping_status":"closed","template":"","meta":[],"categories":[],"tags":[],"acf":[],"_links":{"self":[{"href":"https:\/\/www.ufmg.br\/dedd\/wp-json\/wp\/v2\/pages\/2630"}],"collection":[{"href":"https:\/\/www.ufmg.br\/dedd\/wp-json\/wp\/v2\/pages"}],"about":[{"href":"https:\/\/www.ufmg.br\/dedd\/wp-json\/wp\/v2\/types\/page"}],"author":[{"embeddable":true,"href":"https:\/\/www.ufmg.br\/dedd\/wp-json\/wp\/v2\/users\/5"}],"replies":[{"embeddable":true,"href":"https:\/\/www.ufmg.br\/dedd\/wp-json\/wp\/v2\/comments?post=2630"}],"version-history":[{"count":11,"href":"https:\/\/www.ufmg.br\/dedd\/wp-json\/wp\/v2\/pages\/2630\/revisions"}],"predecessor-version":[{"id":14650,"href":"https:\/\/www.ufmg.br\/dedd\/wp-json\/wp\/v2\/pages\/2630\/revisions\/14650"}],"up":[{"embeddable":true,"href":"https:\/\/www.ufmg.br\/dedd\/wp-json\/wp\/v2\/pages\/9419"}],"wp:attachment":[{"href":"https:\/\/www.ufmg.br\/dedd\/wp-json\/wp\/v2\/media?parent=2630"}],"wp:term":[{"taxonomy":"category","embeddable":true,"href":"https:\/\/www.ufmg.br\/dedd\/wp-json\/wp\/v2\/categories?post=2630"},{"taxonomy":"post_tag","embeddable":true,"href":"https:\/\/www.ufmg.br\/dedd\/wp-json\/wp\/v2\/tags?post=2630"}],"curies":[{"name":"wp","href":"https:\/\/api.w.org\/{rel}","templated":true}]}}