{"id":37,"date":"2020-06-08T10:18:34","date_gmt":"2020-06-08T13:18:34","guid":{"rendered":"https:\/\/www.ufmg.br\/dedd\/\/?page_id=37"},"modified":"2023-05-31T15:37:40","modified_gmt":"2023-05-31T18:37:40","slug":"acessibilidade","status":"publish","type":"page","link":"https:\/\/www.ufmg.br\/dedd\/acessibilidade\/","title":{"rendered":"Acessibilidade"},"content":{"rendered":"<p style=\"text-align: justify;\"><strong>O termo acessibilidade<\/strong>\u00a0significa incluir a pessoa com defici\u00eancia na participa\u00e7\u00e3o de atividades como o uso de produtos, servi\u00e7os e informa\u00e7\u00f5es. Alguns exemplos s\u00e3o os pr\u00e9dios com rampas de acesso para cadeira de rodas, banheiros adaptados para deficientes e pol\u00edticas espec\u00edficas que, na UFMG, s\u00e3o coordenadas pelo\u00a0<a href=\"https:\/\/www.ufmg.br\/nai\/\" target=\"_blank\" rel=\"external noopener\">N\u00facleo de Acessibilidade e Inclus\u00e3o\u00a0<\/a>(NAI) e constituem compromisso com o respeito ao acesso da informa\u00e7\u00e3o e \u00e0 diversidade.<\/p>\n<p style=\"text-align: justify;\">Na internet, acessibilidade se refere sobretudo \u00e0s recomenda\u00e7\u00f5es do World Content Accessibility Guide (WCAG) do W3C e, no caso do governo federal, ao e-MAG (<a class=\"file-to-download\" href=\"https:\/\/www.gov.br\/governodigital\/pt-br\/acessibilidade-digital\/modelo-de-acessibilidade\" target=\"_blank\" rel=\"external noopener\">Modelo de Acessibilidade em Governo Eletr\u00f4nico<\/a>). O e-MAG est\u00e1 alinhado \u00e0s recomenda\u00e7\u00f5es internacionais, mas estabelece padr\u00f5es de comportamento acess\u00edvel para sites da administra\u00e7\u00e3o p\u00fablica federal. Na barra superior do site o usu\u00e1rio encontra a op\u00e7\u00e3o para alterar o contraste e\u00a0 o mapa do site. Os recursos est\u00e3o dispon\u00edveis em todas as p\u00e1ginas do site.<\/p>\n<p style=\"text-align: justify;\">\n<p style=\"text-align: justify;\"><strong>Tecnologias assistivas<\/strong><\/p>\n<p style=\"text-align: justify;\">Parte dos testes de navega\u00e7\u00e3o no site foram realizados com o software leitor de tela NVDA.<\/p>\n<p style=\"text-align: justify;\">\n<p style=\"text-align: justify;\"><strong>Libras<\/strong><\/p>\n<p style=\"text-align: justify;\">A ferramenta VLibras \u00e9 indicada pelo governo federal para acessibilidade de seus sites. Obtenha informa\u00e7\u00f5es sobre o recurso e como adicion\u00e1-lo no navegador\u00a0<a href=\"http:\/\/www.vlibras.gov.br\/\" target=\"_blank\" rel=\"external noopener\">por meio deste link<\/a>.<\/p>\n<p style=\"text-align: justify;\">\n<p style=\"text-align: justify;\"><strong>Governo digital<\/strong><\/p>\n<p style=\"text-align: justify;\"><a href=\"https:\/\/www.gov.br\/governodigital\/pt-br\/acessibilidade-digital\" target=\"_blank\" rel=\"external noopener\">Acesse neste link<\/a>\u00a0arquivos do site governo eletr\u00f4nico sobre recomenda\u00e7\u00f5es em acessibilidade.<\/p>\n<div id=\"gtx-trans\" style=\"position: absolute; left: -6px; top: 584px;\">\n<div class=\"gtx-trans-icon\"><\/div>\n<\/div>\n","protected":false},"excerpt":{"rendered":"<p>O termo acessibilidade\u00a0significa incluir a pessoa com defici\u00eancia na participa\u00e7\u00e3o [&hellip;]<\/p>\n","protected":false},"author":1,"featured_media":0,"parent":0,"menu_order":0,"comment_status":"closed","ping_status":"closed","template":"","meta":[],"categories":[],"tags":[],"acf":[],"_links":{"self":[{"href":"https:\/\/www.ufmg.br\/dedd\/wp-json\/wp\/v2\/pages\/37"}],"collection":[{"href":"https:\/\/www.ufmg.br\/dedd\/wp-json\/wp\/v2\/pages"}],"about":[{"href":"https:\/\/www.ufmg.br\/dedd\/wp-json\/wp\/v2\/types\/page"}],"author":[{"embeddable":true,"href":"https:\/\/www.ufmg.br\/dedd\/wp-json\/wp\/v2\/users\/1"}],"replies":[{"embeddable":true,"href":"https:\/\/www.ufmg.br\/dedd\/wp-json\/wp\/v2\/comments?post=37"}],"version-history":[{"count":10,"href":"https:\/\/www.ufmg.br\/dedd\/wp-json\/wp\/v2\/pages\/37\/revisions"}],"predecessor-version":[{"id":9976,"href":"https:\/\/www.ufmg.br\/dedd\/wp-json\/wp\/v2\/pages\/37\/revisions\/9976"}],"wp:attachment":[{"href":"https:\/\/www.ufmg.br\/dedd\/wp-json\/wp\/v2\/media?parent=37"}],"wp:term":[{"taxonomy":"category","embeddable":true,"href":"https:\/\/www.ufmg.br\/dedd\/wp-json\/wp\/v2\/categories?post=37"},{"taxonomy":"post_tag","embeddable":true,"href":"https:\/\/www.ufmg.br\/dedd\/wp-json\/wp\/v2\/tags?post=37"}],"curies":[{"name":"wp","href":"https:\/\/api.w.org\/{rel}","templated":true}]}}