{"id":45,"date":"2020-06-10T13:14:03","date_gmt":"2020-06-10T16:14:03","guid":{"rendered":"https:\/\/www.ufmg.br\/dedd\/\/?page_id=45"},"modified":"2025-12-30T10:06:16","modified_gmt":"2025-12-30T13:06:16","slug":"apresentacao","status":"publish","type":"page","link":"https:\/\/www.ufmg.br\/dedd\/sobre-a-dedd\/apresentacao\/","title":{"rendered":"Apresenta\u00e7\u00e3o"},"content":{"rendered":"<p>A Diretoria de Educa\u00e7\u00e3o a Dist\u00e2ncia e Educa\u00e7\u00e3o Digital (DEDD\/UFMG) foi criada em abril de 2024, como \u00f3rg\u00e3o subordinado diretamente \u00e0 Reitoria, com as atribui\u00e7\u00f5es de elaborar, apoiar e promover pol\u00edticas e a\u00e7\u00f5es de educa\u00e7\u00e3o a dist\u00e2ncia e educa\u00e7\u00e3o digital no \u00e2mbito da UFMG.<\/p>\n<p>A DEDD substitui o Centro de Apoio \u00e0 Educa\u00e7\u00e3o a Dist\u00e2ncia (Caed), <span style=\"font-weight: 400;\">criado em 2003 como <\/span>\u00f3rg\u00e3o ent\u00e3o vinculado \u00e0 Pr\u00f3-Reitoria de Gradua\u00e7\u00e3o (Prograd), para\u00a0<span style=\"font-weight: 400;\">apoiar a oferta de cursos de gradua\u00e7\u00e3o e especializa\u00e7\u00e3o na modalidade a dist\u00e2ncia, com o fomento do programa Universidade Aberta do Brasil (UAB), promovido pela Capes.\u00a0<\/span><\/p>\n<p><span style=\"font-weight: 400;\">Desde ent\u00e3o, ainda sob o nome Caed, a unidade passou a ofertar, ainda, cursos de aperfei\u00e7oamento, mestrado e apoio ao desenvolvimento de outras atividades ministradas virtualmente como disciplinas, processos seletivos e capacita\u00e7\u00f5es, internas e externas \u00e0 UFMG.\u00a0\u00a0<\/span><\/p>\n<p>&nbsp;<\/p>\n<p>&nbsp;<\/p>\n","protected":false},"excerpt":{"rendered":"<p>A Diretoria de Educa\u00e7\u00e3o a Dist\u00e2ncia e Educa\u00e7\u00e3o Digital (DEDD\/UFMG) [&hellip;]<\/p>\n","protected":false},"author":1,"featured_media":0,"parent":49,"menu_order":0,"comment_status":"closed","ping_status":"closed","template":"","meta":[],"categories":[],"tags":[],"acf":[],"_links":{"self":[{"href":"https:\/\/www.ufmg.br\/dedd\/wp-json\/wp\/v2\/pages\/45"}],"collection":[{"href":"https:\/\/www.ufmg.br\/dedd\/wp-json\/wp\/v2\/pages"}],"about":[{"href":"https:\/\/www.ufmg.br\/dedd\/wp-json\/wp\/v2\/types\/page"}],"author":[{"embeddable":true,"href":"https:\/\/www.ufmg.br\/dedd\/wp-json\/wp\/v2\/users\/1"}],"replies":[{"embeddable":true,"href":"https:\/\/www.ufmg.br\/dedd\/wp-json\/wp\/v2\/comments?post=45"}],"version-history":[{"count":14,"href":"https:\/\/www.ufmg.br\/dedd\/wp-json\/wp\/v2\/pages\/45\/revisions"}],"predecessor-version":[{"id":14471,"href":"https:\/\/www.ufmg.br\/dedd\/wp-json\/wp\/v2\/pages\/45\/revisions\/14471"}],"up":[{"embeddable":true,"href":"https:\/\/www.ufmg.br\/dedd\/wp-json\/wp\/v2\/pages\/49"}],"wp:attachment":[{"href":"https:\/\/www.ufmg.br\/dedd\/wp-json\/wp\/v2\/media?parent=45"}],"wp:term":[{"taxonomy":"category","embeddable":true,"href":"https:\/\/www.ufmg.br\/dedd\/wp-json\/wp\/v2\/categories?post=45"},{"taxonomy":"post_tag","embeddable":true,"href":"https:\/\/www.ufmg.br\/dedd\/wp-json\/wp\/v2\/tags?post=45"}],"curies":[{"name":"wp","href":"https:\/\/api.w.org\/{rel}","templated":true}]}}