{"id":47,"date":"2020-06-10T13:20:46","date_gmt":"2020-06-10T16:20:46","guid":{"rendered":"https:\/\/www.ufmg.br\/dedd\/\/?page_id=47"},"modified":"2024-11-25T14:40:37","modified_gmt":"2024-11-25T16:40:37","slug":"apoios-e-setores","status":"publish","type":"page","link":"https:\/\/www.ufmg.br\/dedd\/sobre-a-dedd\/apoios-e-setores\/","title":{"rendered":"Apoios e setores"},"content":{"rendered":"\n<p>Atualmente, a Dedd conta com uma equipe de 22 profissionais, incluindo a Diretoria e motorista, respons\u00e1veis por prestar apoio administrativo, pedag\u00f3gico e tecnol\u00f3gico. <\/p>\n\n\n<style>#sp-ea-8023 .spcollapsing { height: 0; overflow: hidden; transition-property: height;transition-duration: 500ms;}#sp-ea-8023.sp-easy-accordion>.sp-ea-single {border: 1px solid #e2e2e2; }#sp-ea-8023.sp-easy-accordion>.sp-ea-single>.ea-header a {color: #444;}#sp-ea-8023.sp-easy-accordion>.sp-ea-single>.sp-collapse>.ea-body {background: #fff; color: #444;}#sp-ea-8023.sp-easy-accordion>.sp-ea-single {background: #eee;}#sp-ea-8023.sp-easy-accordion>.sp-ea-single>.ea-header a .ea-expand-icon.fa { float: left; color: #444;font-size: 16px;}<\/style><div id=\"sp-ea-8023\" class=\"sp-ea-one sp-easy-accordion\" data-ex-icon=\"fa-minus\" data-col-icon=\"fa-plus\"  data-ea-active=\"ea-click\"  data-ea-mode=\"vertical\" data-preloader=\"\" data-scroll-active-item=\"\" data-offset-to-scroll=\"0\"><div class=\"ea-card ea-expand sp-ea-single\"><h3 class=\"ea-header\"><a class=\"collapsed\" data-sptoggle=\"spcollapse\" data-sptarget=#collapse80230 href=\"javascript:void(0)\"  aria-expanded=\"true\"><i class=\"ea-expand-icon fa fa-minus\"><\/i> Diretoria de Educa\u00e7\u00e3o a Dist\u00e2ncia e Educa\u00e7\u00e3o Digital <\/a><\/h3><div class=\"sp-collapse spcollapse collapsed show\" id=\"collapse80230\" data-parent=#sp-ea-8023><div class=\"ea-body\"><p><strong>Atribui\u00e7\u00f5es<\/strong><\/p>\n<p style=\"text-align: justify;\"><span style=\"font-weight: 400;\">\u00c0 Diretoria da DEDD cabe gerenciar as atividades desenvolvidas no Centro, prestar informa\u00e7\u00f5es e interagir com a comunidade acad\u00eamica nos cursos na modalidade EaD e receber e avaliar os pedidos de parceria com o Centro. <\/span><\/p>\n<p><strong>Composi\u00e7\u00e3o\u00a0<\/strong><\/p>\n<p>Diretora: Patr\u00edcia Nascimento Silva<\/p>\n<p>Diretora adjunta: Ana Carolina Correia Almeida<\/p>\n<p>Contatos: (31) 3409-5530 e<span lang=\"EN-US\">\u00a0<\/span><a href=\"mailto:diretoria@caed.ufmg.br\" target=\"_blank\" rel=\"noopener noreferrer\"><span lang=\"EN-US\">diretoria@dedd.ufmg.br<\/span><\/a><\/p>\n<\/div><\/div><\/div><div class=\"ea-card  sp-ea-single\"><h3 class=\"ea-header\"><a class=\"collapsed\" data-sptoggle=\"spcollapse\" data-sptarget=#collapse80231 href=\"javascript:void(0)\"  aria-expanded=\"false\"><i class=\"ea-expand-icon fa fa-plus\"><\/i> Secretaria Geral e Educa\u00e7\u00e3o Digital <\/a><\/h3><div class=\"sp-collapse spcollapse \" id=\"collapse80231\" data-parent=#sp-ea-8023><div class=\"ea-body\"><table style=\"border-collapse: collapse; width: 100%; height: 72px;\">\n<tbody>\n<tr style=\"height: 24px;\">\n<td style=\"width: 25%; height: 24px; text-align: center;\"><strong>Setores\u00a0<\/strong><\/td>\n<td style=\"width: 25%; height: 24px; text-align: center;\"><strong>Atribui\u00e7\u00f5es\u00a0<\/strong><\/td>\n<td style=\"width: 25%; height: 24px; text-align: center;\"><strong>Equipes<\/strong><\/td>\n<\/tr>\n<tr style=\"height: 24px;\">\n<td style=\"width: 25%; height: 24px;\">Secretaria de EaD e Secretaria de Educa\u00e7\u00e3o Digital<\/p>\n<p>Transporte<\/td>\n<td style=\"width: 25%;\" width=\"634\"><\/td>\n<td style=\"width: 25%; height: 24px;\">Tayrone Ferreira<\/p>\n<p>Contatos: (31) 3409-5526<\/p>\n<p><a href=\"mailto:ead@dedd.ufmg.br\">ead@ufmg.br<\/a><\/p>\n<p>Fabr\u00edcio Duque Estrada (motorista)<\/p>\n<p>Contatos: (31) 3409-3942<\/p>\n<p><a href=\"mailto:ead@dedd.ufmg.br\">ead@ufmg.br<\/a><\/p>\n<p>&nbsp;<\/p>\n<p>&nbsp;<\/td>\n<\/tr>\n<tr>\n<td style=\"width: 25%;\">Secretaria de Programas e Projetos<\/td>\n<td style=\"width: 25%;\"><\/td>\n<td style=\"width: 25%;\">Mariana Camargos<\/p>\n<p>Paloma Gomes<\/p>\n<p>Contatos: (31) 3409-3918 e 3409-3223<\/p>\n<p><a href=\"mailto:programas@dedd.ufmg.br\">programas@dedd.ufmg.br<\/a><\/p>\n<p>&nbsp;<\/td>\n<\/tr>\n<\/tbody>\n<\/table>\n<\/div><\/div><\/div><div class=\"ea-card  sp-ea-single\"><h3 class=\"ea-header\"><a class=\"collapsed\" data-sptoggle=\"spcollapse\" data-sptarget=#collapse80232 href=\"javascript:void(0)\"  aria-expanded=\"false\"><i class=\"ea-expand-icon fa fa-plus\"><\/i> Coordena\u00e7\u00e3o do Programa Universidade Aberta do Brasil (UAB) na UFMG<\/a><\/h3><div class=\"sp-collapse spcollapse \" id=\"collapse80232\" data-parent=#sp-ea-8023><div class=\"ea-body\"><p>O Programa Universidade Aberta do Brasil (UAB) foi criado em 2006 pela Coordena\u00e7\u00e3o de Aperfei\u00e7oamento de Pessoal de N\u00edvel Superior (Capes\/MEC) respons\u00e1vel por fomentar cursos a dist\u00e2ncia ofertados por institui\u00e7\u00f5es p\u00fablicas de ensino superior, com foco, principalmente, na capacita\u00e7\u00e3o de professores e de gestores escolares e na interioriza\u00e7\u00e3o da oferta da forma\u00e7\u00e3o superior.<\/p>\n<p>Coordenadora geral: Luana Carla Martins Campos Akinruli<\/p>\n<p>Coordenador adjunto: Ronaldo Correa Gomes Junior<\/p>\n<p><strong>Contato<\/strong>: coordenacaouab@dedd.ufmg.br.<\/p>\n<p>&nbsp;<\/p>\n<\/div><\/div><\/div><div class=\"ea-card  sp-ea-single\"><h3 class=\"ea-header\"><a class=\"collapsed\" data-sptoggle=\"spcollapse\" data-sptarget=#collapse80233 href=\"javascript:void(0)\"  aria-expanded=\"false\"><i class=\"ea-expand-icon fa fa-plus\"><\/i> Administrativo<\/a><\/h3><div class=\"sp-collapse spcollapse \" id=\"collapse80233\" data-parent=#sp-ea-8023><div class=\"ea-body\"><table style=\"border-collapse: collapse; width: 100%; height: 534px;\">\n<tbody>\n<tr style=\"height: 24px;\">\n<td style=\"width: 25%; height: 24px; text-align: center;\"><strong>Setores\u00a0<\/strong><\/td>\n<td style=\"width: 25%; height: 24px; text-align: center;\"><strong>Atribui\u00e7\u00f5es\u00a0<\/strong><\/td>\n<td style=\"width: 25%; height: 24px; text-align: center;\"><strong>Equipes<\/strong><\/td>\n<\/tr>\n<tr style=\"height: 24px;\">\n<td style=\"width: 25%; height: 24px;\">Agente de Compras<\/td>\n<td style=\"width: 25%; height: 24px;\" width=\"634\">Gerir processos de compras de itens solicitados pela DEDD.<\/td>\n<td style=\"width: 25%; height: 24px;\">Gizelle Barbosa<\/p>\n<p>Contatos: (31) 3409-3208<\/p>\n<p><a href=\"mailto:compras@dedd.ufmg.br\">compras@dedd.ufmg.br\u00a0<\/a><\/td>\n<\/tr>\n<tr style=\"height: 24px;\">\n<td style=\"width: 25%; height: 24px;\">Assessoria de Comunica\u00e7\u00e3o<\/td>\n<td style=\"width: 25%; height: 24px;\" width=\"634\">Divulgar a\u00e7\u00f5es promovidas ou apoiadas pela DEDD e atualiza\u00e7\u00e3o dos canais de comunica\u00e7\u00e3o institucionais, como o site e perfis em m\u00eddias sociais.<\/td>\n<td style=\"width: 25%; height: 24px;\">Desir\u00e9e L. Ant\u00f4nio<\/p>\n<p>Contatos: (31) 3409-3224<\/p>\n<p><a href=\"mailto:comunicacao@dedd.ufmg.br\">comunicacao@dedd.ufmg.br<\/a><\/td>\n<\/tr>\n<tr style=\"height: 192px;\">\n<td style=\"width: 25%; height: 192px;\" width=\"634\">Financeiro<\/p>\n<p>&nbsp;<\/td>\n<td style=\"width: 25%; height: 192px;\">Gerenciar contabilmente os recursos destinados \u00e0 educa\u00e7\u00e3o a dist\u00e2ncia: formaliza\u00e7\u00e3o do processo de descentraliza\u00e7\u00e3o dos recursos junto \u00e0 Capes por meio de termo de execu\u00e7\u00e3o descentralizada (TED); formaliza\u00e7\u00e3o de contrato com a funda\u00e7\u00e3o de apoio respons\u00e1vel por gerir os recursos descentralizados via TED; elabora\u00e7\u00e3o de presta\u00e7\u00f5es de contas parciais e final dos projetos geridos pelas funda\u00e7\u00f5es de apoio; atendimento de dilig\u00eancias da Capes quanto a presta\u00e7\u00f5es de contas.<\/td>\n<td style=\"width: 25%; height: 192px;\">Marcelo Gomes<\/p>\n<p>Contatos: (31) 3409-3206 e 3409-3917<\/p>\n<p><a href=\"mailto:financeiro@caed.ufmg.br\" target=\"_blank\" rel=\"external noopener\">financeiro@dedd.ufmg.br<\/a><\/td>\n<\/tr>\n<tr style=\"height: 135px;\">\n<td style=\"width: 25%; height: 135px;\" width=\"634\">Patrim\u00f4nio e Almoxarifado<\/td>\n<td style=\"width: 25%; height: 135px;\" width=\"634\">Registro e guarda de todos os bens m\u00f3veis permanentes da DEDD e dos polos de apoio presencial e o controle do Almoxarifado; realizar os pedidos de adiantamento de di\u00e1rias e de passagens e controlar os pedidos de viagens e de presta\u00e7\u00e3o de contas via SCDP.<\/td>\n<td style=\"width: 25%; height: 135px;\">Cl\u00e1udio Gilberto da Silva<\/p>\n<p>Contatos: (31) 3409-3942, 3409-4699<\/p>\n<p><a href=\"mailto:patrimonio@caed.ufmg.br\" target=\"_blank\" rel=\"external noopener\">patrimonio@dedd.ufmg.br<\/a><\/td>\n<\/tr>\n<tr style=\"height: 135px;\">\n<td style=\"width: 25%; height: 135px;\" width=\"634\">Pessoal<\/td>\n<td style=\"width: 25%; height: 135px;\" width=\"634\">Acompanhamento funcional dos servidores e funcion\u00e1rios contratados que atuam na DEDD.<\/td>\n<td style=\"width: 25%; height: 135px;\">Nat\u00e1lia Niquini<\/p>\n<p>Contatos: (31) 3409-3209<\/p>\n<p><a href=\"mailto:pessoal@caed.ufmg.br\" target=\"_blank\" rel=\"external noopener\">pessoal@dedd.ufmg.br<\/a><\/td>\n<\/tr>\n<\/tbody>\n<\/table>\n<\/div><\/div><\/div><div class=\"ea-card  sp-ea-single\"><h3 class=\"ea-header\"><a class=\"collapsed\" data-sptoggle=\"spcollapse\" data-sptarget=#collapse80234 href=\"javascript:void(0)\"  aria-expanded=\"false\"><i class=\"ea-expand-icon fa fa-plus\"><\/i> Pedag\u00f3gico<\/a><\/h3><div class=\"sp-collapse spcollapse \" id=\"collapse80234\" data-parent=#sp-ea-8023><div class=\"ea-body\"><table style=\"border-collapse: collapse; width: 100%;\">\n<tbody>\n<tr style=\"height: 24px;\">\n<td style=\"width: 25%; height: 24px; text-align: center;\"><strong>Setores\u00a0<\/strong><\/td>\n<td style=\"width: 25%; height: 24px; text-align: center;\"><strong>Atribui\u00e7\u00f5es\u00a0<\/strong><\/td>\n<td style=\"width: 25%; height: 24px; text-align: center;\"><strong>Equipes<\/strong><\/td>\n<\/tr>\n<tr>\n<td style=\"width: 25%;\" width=\"634\">Assessoria Pedag\u00f3gica<\/td>\n<td style=\"width: 25%;\" width=\"634\">Produ\u00e7\u00e3o de recursos educacionais para a EaD, suporte pedag\u00f3gico aos cursos de gradua\u00e7\u00e3o, de p\u00f3s-gradua\u00e7\u00e3o e de extens\u00e3o, a projetos e aos agentes (coordenadores, docentes, tutores e t\u00e9cnicos) envolvidos com EaD na UFMG.<\/td>\n<td style=\"width: 25%;\">Adalgimar Gomes Gon\u00e7alves<\/p>\n<p>Bruna de Oliveira Gon\u00e7alves (em licen\u00e7a para capacita\u00e7\u00e3o)<\/p>\n<p>Cristina Gon\u00e7alves Ferreira de Souza<\/p>\n<p>L\u00facia de Salvo Oliveira<\/p>\n<p>M\u00e1rcia Mar\u00edlia Teixeira Alves de Souza Duarte<\/p>\n<p>Ramiro Barboza Oliveira<\/p>\n<p>Contatos: (31) 3409-3914, 3409-3205 e (31) 3409-3210 <a href=\"mailto:pedagogico@caed.ufmg.br\" target=\"_blank\" rel=\"external noopener\">pedagogico@dedd.ufmg.br<\/a><\/td>\n<\/tr>\n<tr>\n<td style=\"width: 25%;\">Revis\u00e3o de textos<\/td>\n<td style=\"width: 25%;\" width=\"634\">Assegurar a qualidade lingu\u00edstica e das normas de ABNT de manuais, guias, apostilas e materiais did\u00e1ticos produzidos pela assessoria pedag\u00f3gica a DEDD.<\/td>\n<td style=\"width: 25%;\">A definir<\/td>\n<\/tr>\n<\/tbody>\n<\/table>\n<\/div><\/div><\/div><div class=\"ea-card  sp-ea-single\"><h3 class=\"ea-header\"><a class=\"collapsed\" data-sptoggle=\"spcollapse\" data-sptarget=#collapse80235 href=\"javascript:void(0)\"  aria-expanded=\"false\"><i class=\"ea-expand-icon fa fa-plus\"><\/i> Tecnol\u00f3gico<\/a><\/h3><div class=\"sp-collapse spcollapse \" id=\"collapse80235\" data-parent=#sp-ea-8023><div class=\"ea-body\"><table style=\"border-collapse: collapse; width: 100%;\">\n<tbody>\n<tr style=\"height: 24px;\">\n<td style=\"width: 25%; height: 24px; text-align: center;\"><strong>Setores\u00a0<\/strong><\/td>\n<td style=\"width: 25%; height: 24px; text-align: center;\"><strong>Atribui\u00e7\u00f5es\u00a0<\/strong><\/td>\n<td style=\"width: 25%; height: 24px; text-align: center;\"><strong>Equipes<\/strong><\/td>\n<\/tr>\n<tr>\n<td style=\"width: 25%;\" width=\"634\">Tecnologia da Informa\u00e7\u00e3o<\/td>\n<td style=\"width: 25%;\" width=\"634\">Suporte a usu\u00e1rios, administra\u00e7\u00e3o de sistemas de dados e implementa\u00e7\u00e3o de instru\u00e7\u00f5es e de boas pr\u00e1ticas no uso de ferramentas de TICs.<\/td>\n<td style=\"width: 25%;\"><strong>Composi\u00e7\u00e3o\u00a0<\/strong><\/p>\n<p>Ernane Oliveira<\/p>\n<p>Leonardo Jaud<\/p>\n<p>Leonardo Nunes<\/p>\n<p>Thiago Belchior<\/p>\n<p>Viviane Barrozo (em licen\u00e7a para capacita\u00e7\u00e3o)<\/p>\n<p>Contatos: (31) 3409-3915 e (31) 3409-3207 <a href=\"mailto:audiovisual@caed.ufmg.br\" target=\"_blank\" rel=\"external noopener\">audiovisual@dedd.ufmg.br<\/a>\u00a0e\u00a0\u00a0<a href=\"mailto:tic@caed.ufmg.br\" target=\"_blank\" rel=\"external noopener\">ti@dedd.ufmg.br<\/a><\/td>\n<\/tr>\n<tr>\n<td style=\"width: 25%;\">Audiovisual<\/td>\n<td style=\"width: 25%;\" width=\"634\">Aux\u00edlio no planejamento, produ\u00e7\u00e3o, edi\u00e7\u00e3o e publica\u00e7\u00e3o de conte\u00fado audiovisual para disciplinas e cursos a dist\u00e2ncia ministrados ou apoiados pela DEDD.<\/td>\n<td style=\"width: 25%;\"><strong>Composi\u00e7\u00e3o\u00a0<\/strong><\/p>\n<p>Ernane Oliveira<\/p>\n<p>Contatos: (31) 3409-3915<\/p>\n<p><a href=\"mailto:audiovisual@caed.ufmg.br\" target=\"_blank\" rel=\"external noopener\">audiovisual@dedd.ufmg.br<\/a><\/td>\n<\/tr>\n<tr>\n<td style=\"width: 25%;\">Design Gr\u00e1fico<\/td>\n<td style=\"width: 25%;\" width=\"634\">Desenvolver identidades e programa\u00e7\u00f5es visuais para iniciativas promovidas ou apoiadas pela DEDD.<\/td>\n<td style=\"width: 25%;\">Carolina Vilhena<\/p>\n<p>Contatos:\u00a0 (31) 3409-5529<\/p>\n<p><a href=\"mailto:designer@caed.ufmg.br\" target=\"_blank\" rel=\"external noopener\">design@dedd.ufmg.br<\/a><\/td>\n<\/tr>\n<\/tbody>\n<\/table>\n<\/div><\/div><\/div><div class=\"ea-card  sp-ea-single\"><h3 class=\"ea-header\"><a class=\"collapsed\" data-sptoggle=\"spcollapse\" data-sptarget=#collapse80236 href=\"javascript:void(0)\"  aria-expanded=\"false\"><i class=\"ea-expand-icon fa fa-plus\"><\/i> Conselho Consultivo <\/a><\/h3><div class=\"sp-collapse spcollapse \" id=\"collapse80236\" data-parent=#sp-ea-8023><div class=\"ea-body\"><p>Ao Conselho Consultivo cabe, dentre outras atribui\u00e7\u00f5es, recomendar princ\u00edpios e diretrizes para as pol\u00edticas de educa\u00e7\u00e3o digital e educa\u00e7\u00e3o digital na UFMG e a cria\u00e7\u00e3o de novos cursos e atividades pedag\u00f3gicas na modalidade a dist\u00e2ncia, a partir do di\u00e1logo com Pr\u00f3-Reitorias e Unidades Acad\u00eamicas da Universidade.<\/p>\n<p><strong>Contatos<\/strong>: <a href=\"mailto:conselho@dedd.ufmg.br\">conselho@dedd.ufmg.br<\/a><\/p>\n<\/div><\/div><\/div><\/div>\n<h3>\u00a0<\/h3>","protected":false},"excerpt":{"rendered":"<p>Atualmente, a Dedd conta com uma equipe de 22 profissionais, [&hellip;]<\/p>\n","protected":false},"author":1,"featured_media":0,"parent":49,"menu_order":0,"comment_status":"closed","ping_status":"closed","template":"","meta":[],"categories":[],"tags":[],"acf":[],"_links":{"self":[{"href":"https:\/\/www.ufmg.br\/dedd\/wp-json\/wp\/v2\/pages\/47"}],"collection":[{"href":"https:\/\/www.ufmg.br\/dedd\/wp-json\/wp\/v2\/pages"}],"about":[{"href":"https:\/\/www.ufmg.br\/dedd\/wp-json\/wp\/v2\/types\/page"}],"author":[{"embeddable":true,"href":"https:\/\/www.ufmg.br\/dedd\/wp-json\/wp\/v2\/users\/1"}],"replies":[{"embeddable":true,"href":"https:\/\/www.ufmg.br\/dedd\/wp-json\/wp\/v2\/comments?post=47"}],"version-history":[{"count":14,"href":"https:\/\/www.ufmg.br\/dedd\/wp-json\/wp\/v2\/pages\/47\/revisions"}],"predecessor-version":[{"id":12543,"href":"https:\/\/www.ufmg.br\/dedd\/wp-json\/wp\/v2\/pages\/47\/revisions\/12543"}],"up":[{"embeddable":true,"href":"https:\/\/www.ufmg.br\/dedd\/wp-json\/wp\/v2\/pages\/49"}],"wp:attachment":[{"href":"https:\/\/www.ufmg.br\/dedd\/wp-json\/wp\/v2\/media?parent=47"}],"wp:term":[{"taxonomy":"category","embeddable":true,"href":"https:\/\/www.ufmg.br\/dedd\/wp-json\/wp\/v2\/categories?post=47"},{"taxonomy":"post_tag","embeddable":true,"href":"https:\/\/www.ufmg.br\/dedd\/wp-json\/wp\/v2\/tags?post=47"}],"curies":[{"name":"wp","href":"https:\/\/api.w.org\/{rel}","templated":true}]}}