{"id":49,"date":"2020-06-10T13:25:11","date_gmt":"2020-06-10T16:25:11","guid":{"rendered":"https:\/\/www.ufmg.br\/dedd\/\/?page_id=49"},"modified":"2025-07-23T10:31:25","modified_gmt":"2025-07-23T13:31:25","slug":"sobre-a-dedd","status":"publish","type":"page","link":"https:\/\/www.ufmg.br\/dedd\/sobre-a-dedd\/","title":{"rendered":"Sobre a DEDD"},"content":{"rendered":"<p>A UFMG oferece cursos de gradua\u00e7\u00e3o, especializa\u00e7\u00e3o, aperfei\u00e7oamento e atualiza\u00e7\u00e3o, por meio da Diretoria de Educa\u00e7\u00e3o a Dist\u00e2ncia e Educa\u00e7\u00e3o Digital (DEDD\/UFMG), criada em abril de 2024 e sediada na Unidade Administrativa III, no Campus Pampulha, em Belo Horizonte.<\/p>\n<p>Atividades desenvolvidas pela DEDD\/UFMG\/UFMG:<\/p>\n<ul>\n<li>\u00a0apoio e incentivo na elabora\u00e7\u00e3o de material did\u00e1tico para os cursos;<\/li>\n<li>\u00a0divulga\u00e7\u00e3o da Educa\u00e7\u00e3o a Dist\u00e2ncia (EaD) junto \u00e0 comunidade acad\u00eamica da UFMG;<\/li>\n<li>\u00a0implanta\u00e7\u00e3o de plataforma de educa\u00e7\u00e3o \u00e0 dist\u00e2ncia para auxiliar a oferta dos cursos;<\/li>\n<li>\u00a0elabora\u00e7\u00e3o de projetos para financiar a oferta de cursos e a implanta\u00e7\u00e3o de polos regionais de EaD;<\/li>\n<li>\u00a0gest\u00e3o dos recursos;<\/li>\n<li>\u00a0cria\u00e7\u00e3o de material did\u00e1tico;<\/li>\n<li>\u00a0fortalecimento do uso da webconfer\u00eancia nos cursos, por meio\u00a0de treinamento das equipes dos cursos e de apoio t\u00e9cnico para sua realiza\u00e7\u00e3o;<\/li>\n<li>\u00a0oferta de curso de capacita\u00e7\u00e3o de tutores;<\/li>\n<li>\u00a0organiza\u00e7\u00e3o de f\u00f3runs de forma\u00e7\u00e3o continuada de professores, coordenadores de curso e de polo;<\/li>\n<li>\u00a0desenvolvimento de pesquisas sobre EaD na UFMG;<\/li>\n<li>\u00a0incentivo e apoio na realiza\u00e7\u00e3o de eventos cient\u00edficos que utilizem as ferramentas da EaD.<\/li>\n<\/ul>\n<p>Diretora de Educa\u00e7\u00e3o a Dist\u00e2ncia e Educa\u00e7\u00e3o Digital : Vilma L\u00facia Macagnan Carvalho<\/p>\n<p>Diretora Adjunta de Educa\u00e7\u00e3o a Dist\u00e2ncia e Educa\u00e7\u00e3o Digital: Ana Carolina Almeida Correia Almeida<\/p>\n<p>Coordenador da UAB (Universidade Aberta do Brasil) na UFMG: Samuel de Oliveira Durso<\/p>\n<p>Contato: 3409-4638<\/p>\n<p>E-mail:\u00a0<a href=\"mailto:ead@ufmg.br\">ead@ufmg.br<\/a><\/p>\n","protected":false},"excerpt":{"rendered":"<p>A UFMG oferece cursos de gradua\u00e7\u00e3o, especializa\u00e7\u00e3o, aperfei\u00e7oamento e atualiza\u00e7\u00e3o, [&hellip;]<\/p>\n","protected":false},"author":1,"featured_media":0,"parent":0,"menu_order":0,"comment_status":"closed","ping_status":"closed","template":"","meta":[],"categories":[],"tags":[],"acf":[],"_links":{"self":[{"href":"https:\/\/www.ufmg.br\/dedd\/wp-json\/wp\/v2\/pages\/49"}],"collection":[{"href":"https:\/\/www.ufmg.br\/dedd\/wp-json\/wp\/v2\/pages"}],"about":[{"href":"https:\/\/www.ufmg.br\/dedd\/wp-json\/wp\/v2\/types\/page"}],"author":[{"embeddable":true,"href":"https:\/\/www.ufmg.br\/dedd\/wp-json\/wp\/v2\/users\/1"}],"replies":[{"embeddable":true,"href":"https:\/\/www.ufmg.br\/dedd\/wp-json\/wp\/v2\/comments?post=49"}],"version-history":[{"count":7,"href":"https:\/\/www.ufmg.br\/dedd\/wp-json\/wp\/v2\/pages\/49\/revisions"}],"predecessor-version":[{"id":13849,"href":"https:\/\/www.ufmg.br\/dedd\/wp-json\/wp\/v2\/pages\/49\/revisions\/13849"}],"wp:attachment":[{"href":"https:\/\/www.ufmg.br\/dedd\/wp-json\/wp\/v2\/media?parent=49"}],"wp:term":[{"taxonomy":"category","embeddable":true,"href":"https:\/\/www.ufmg.br\/dedd\/wp-json\/wp\/v2\/categories?post=49"},{"taxonomy":"post_tag","embeddable":true,"href":"https:\/\/www.ufmg.br\/dedd\/wp-json\/wp\/v2\/tags?post=49"}],"curies":[{"name":"wp","href":"https:\/\/api.w.org\/{rel}","templated":true}]}}