{"id":56,"date":"2020-06-10T13:27:34","date_gmt":"2020-06-10T16:27:34","guid":{"rendered":"https:\/\/www.ufmg.br\/dedd\/\/?page_id=56"},"modified":"2026-01-07T10:01:00","modified_gmt":"2026-01-07T13:01:00","slug":"normas","status":"publish","type":"page","link":"https:\/\/www.ufmg.br\/dedd\/documentos-e-normas\/normas\/","title":{"rendered":"Normas"},"content":{"rendered":"<p><a href=\"https:\/\/www.ufmg.br\/dedd\/wp-content\/uploads\/2025\/02\/Portaria-9161-2024-Designa-membros-para-composicao-do-Conselho-Consultivo-da-DEDD-UFMG.pdf\">Portaria 9161\/2024 &#8212; Designa membros para composi\u00e7\u00e3o do Conselho Consultivo da Dedd\/UFMG<\/a><\/p>\n<p><a href=\"https:\/\/www.ufmg.br\/dedd\/wp-content\/uploads\/2024\/06\/Resolucao_1-Conselho-Consultivo.pdf\">Resolu\u00e7\u00e3o 1\/2024 &#8212; Indica servidores t\u00e9cnicos em Educa\u00e7\u00e3o para composi\u00e7\u00e3o do Conselho Consultivo da DEDD\/UFMG\u00a0<\/a><\/p>\n<p><a href=\"https:\/\/www.ufmg.br\/dedd\/wp-content\/uploads\/2024\/06\/Portaria-4152-2024-Estabelece-a-estrutura-organizacional-e-competencias-da-DEDD.pdf\">Portaria 1452\/2024 \u2014 Estabelece a estrutura organizacional e as compet\u00eancias da Diretoria de Educa\u00e7\u00e3o a Dist\u00e2ncia e Educa\u00e7\u00e3o Digital (DEDD\/UFMG)<\/a><\/p>\n<p><a href=\"https:\/\/www.ufmg.br\/dedd\/wp-content\/uploads\/2024\/06\/Resolucao-Complementar-01-2024-Institui-a-DEDD.pdf\">Resolu\u00e7\u00e3o Complementar 01\/2024 \u2014 Institui a Diretoria de Educa\u00e7\u00e3o a Dist\u00e2ncia e Educa\u00e7\u00e3o Digital (DEDD) como \u00d3rg\u00e3o Auxiliar da Reitoria da Universidade Federal de Minas Gerais<\/a><\/p>\n<p><a href=\"https:\/\/www.ufmg.br\/dedd\/wp-content\/uploads\/2023\/05\/Portaria-115-Cria-Caed.pdf\">Portaria 115\/2010: Cria\u00e7\u00e3o e implanta\u00e7\u00e3o do Centro de Apoio \u00e0 Educa\u00e7\u00e3o a Dist\u00e2ncia<\/a> (Caed\/UFMG)<\/p>\n<p><a href=\"https:\/\/www.ufmg.br\/dedd\/wp-content\/uploads\/2022\/04\/Regulamento_CAED_2011.pdf\">Regulamento do Caed\/UFMG\u00a0<\/a><\/p>\n","protected":false},"excerpt":{"rendered":"<p>Portaria 9161\/2024 &#8212; Designa membros para composi\u00e7\u00e3o do Conselho Consultivo [&hellip;]<\/p>\n","protected":false},"author":1,"featured_media":0,"parent":54,"menu_order":0,"comment_status":"closed","ping_status":"closed","template":"","meta":[],"categories":[],"tags":[],"acf":[],"_links":{"self":[{"href":"https:\/\/www.ufmg.br\/dedd\/wp-json\/wp\/v2\/pages\/56"}],"collection":[{"href":"https:\/\/www.ufmg.br\/dedd\/wp-json\/wp\/v2\/pages"}],"about":[{"href":"https:\/\/www.ufmg.br\/dedd\/wp-json\/wp\/v2\/types\/page"}],"author":[{"embeddable":true,"href":"https:\/\/www.ufmg.br\/dedd\/wp-json\/wp\/v2\/users\/1"}],"replies":[{"embeddable":true,"href":"https:\/\/www.ufmg.br\/dedd\/wp-json\/wp\/v2\/comments?post=56"}],"version-history":[{"count":15,"href":"https:\/\/www.ufmg.br\/dedd\/wp-json\/wp\/v2\/pages\/56\/revisions"}],"predecessor-version":[{"id":14489,"href":"https:\/\/www.ufmg.br\/dedd\/wp-json\/wp\/v2\/pages\/56\/revisions\/14489"}],"up":[{"embeddable":true,"href":"https:\/\/www.ufmg.br\/dedd\/wp-json\/wp\/v2\/pages\/54"}],"wp:attachment":[{"href":"https:\/\/www.ufmg.br\/dedd\/wp-json\/wp\/v2\/media?parent=56"}],"wp:term":[{"taxonomy":"category","embeddable":true,"href":"https:\/\/www.ufmg.br\/dedd\/wp-json\/wp\/v2\/categories?post=56"},{"taxonomy":"post_tag","embeddable":true,"href":"https:\/\/www.ufmg.br\/dedd\/wp-json\/wp\/v2\/tags?post=56"}],"curies":[{"name":"wp","href":"https:\/\/api.w.org\/{rel}","templated":true}]}}