{"id":60,"date":"2020-06-10T13:28:10","date_gmt":"2020-06-10T16:28:10","guid":{"rendered":"https:\/\/www.ufmg.br\/dedd\/\/?page_id=60"},"modified":"2026-02-12T09:43:15","modified_gmt":"2026-02-12T12:43:15","slug":"legislacao","status":"publish","type":"page","link":"https:\/\/www.ufmg.br\/dedd\/documentos-e-normas\/legislacao\/","title":{"rendered":"Legisla\u00e7\u00e3o"},"content":{"rendered":"<style>#sp-ea-10149 .spcollapsing { height: 0; overflow: hidden; transition-property: height;transition-duration: 300ms;}#sp-ea-10149.sp-easy-accordion>.sp-ea-single {border: 1px solid #e2e2e2; }#sp-ea-10149.sp-easy-accordion>.sp-ea-single>.ea-header a {color: #444;}#sp-ea-10149.sp-easy-accordion>.sp-ea-single>.sp-collapse>.ea-body {background: #fff; color: #444;}#sp-ea-10149.sp-easy-accordion>.sp-ea-single {background: #eee;}#sp-ea-10149.sp-easy-accordion>.sp-ea-single>.ea-header a .ea-expand-icon.fa { float: left; color: #444;font-size: 16px;}<\/style><div id=\"sp-ea-10149\" class=\"sp-ea-one sp-easy-accordion\" data-ex-icon=\"fa-minus\" data-col-icon=\"fa-plus\"  data-ea-active=\"ea-click\"  data-ea-mode=\"vertical\" data-preloader=\"\" data-scroll-active-item=\"\" data-offset-to-scroll=\"0\"><div class=\"ea-card ea-expand sp-ea-single\"><h3 class=\"ea-header\"><a class=\"collapsed\" data-sptoggle=\"spcollapse\" data-sptarget=#collapse101490 href=\"javascript:void(0)\"  aria-expanded=\"true\"><i class=\"ea-expand-icon fa fa-minus\"><\/i> Legisla\u00e7\u00e3o e Referenciais de Qualidade <\/a><\/h3><div class=\"sp-collapse spcollapse collapsed show\" id=\"collapse101490\" data-parent=#sp-ea-10149><div class=\"ea-body\"><table style=\"width: 99.4207%; height: 1488px;\" border=\"1\" width=\"1250\" cellpadding=\"10\">\n<tbody>\n<tr style=\"height: 48px;\">\n<td style=\"width: 21.8874%; height: 48px;\"><a href=\"https:\/\/www.gov.br\/mec\/pt-br\/politica-regulacao-supervisao-educacao-superior\/ead\/documentos\/referenciais_qualidade.pdf\"><span style=\"color: #333333;\">Referenciais de Qualidade de Cursos de Gradua\u00e7\u00e3o a Dist\u00e2ncia<\/span><\/a><\/td>\n<td style=\"width: 77.4782%; height: 48px;\">Vers\u00e3o atualizada dos referenciais de qualidade de cursos de gradua\u00e7\u00e3o a dist\u00e2ncia estabelecidos pelo Minist\u00e9rio da Educa\u00e7\u00e3o, em conformidade com o Decreto n\u00ba 12.456\/2025.<\/td>\n<\/tr>\n<tr style=\"height: 120px;\">\n<td style=\"width: 21.8874%; height: 120px;\"><a href=\"https:\/\/www.planalto.gov.br\/ccivil_03\/_ato2023-2026\/2025\/decreto\/d12456.htm\"><span style=\"color: #333333;\">Decreto n\u00ba 12.456, de 19 de maio de 2025.<\/span><\/a><\/td>\n<td style=\"width: 77.4782%; height: 120px;\">Disp\u00f5e sobre a oferta de educa\u00e7\u00e3o a dist\u00e2ncia por institui\u00e7\u00f5es de educa\u00e7\u00e3o superior em cursos de gradua\u00e7\u00e3o e altera o Decreto n\u00ba 9.235, de 15 de dezembro de 2017, que disp\u00f5e sobre o exerc\u00edcio das fun\u00e7\u00f5es de regula\u00e7\u00e3o, supervis\u00e3o e avalia\u00e7\u00e3o das institui\u00e7\u00f5es de educa\u00e7\u00e3o superior e dos cursos superiores de gradua\u00e7\u00e3o e de p\u00f3s-gradua\u00e7\u00e3o no sistema federal de ensino.<\/p>\n<p>Confira <a href=\"https:\/\/www.gov.br\/mec\/pt-br\/centrais-de-conteudo\/apresentacoes\/nova-politica-de-educacao-a-distancia-ead\">a apresenta\u00e7\u00e3o elaborada pelo Minist\u00e9rio da Educa\u00e7\u00e3o<\/a> com os principais pontos da nova pol\u00edtica.<\/td>\n<\/tr>\n<tr style=\"height: 72px;\">\n<td style=\"height: 72px; width: 21.8874%;\"><a href=\"https:\/\/www.planalto.gov.br\/ccivil_03\/_ato2023-2026\/2023\/decreto\/D11691.htm\"><span style=\"color: #333333;\">Decreto n\u00ba 11.691, de 5 de setembro de 2023.<\/span><\/a><\/td>\n<td style=\"height: 72px; width: 77.4782%;\">Aprova a Estrutura Regimental e o Quadro Demonstrativo dos Cargos em Comiss\u00e3o e das Fun\u00e7\u00f5es de Confian\u00e7a do Minist\u00e9rio da Educa\u00e7\u00e3o, remaneja cargos em comiss\u00e3o e fun\u00e7\u00f5es de confian\u00e7a e transforma cargos em comiss\u00e3o do Grupo-Dire\u00e7\u00e3o e Assessoramento Superiores \u2013 DAS e Fun\u00e7\u00f5es Comissionadas do Poder Executivo \u2013 FCPE.<\/td>\n<\/tr>\n<tr style=\"height: 72px;\">\n<td style=\"height: 72px; width: 21.8874%;\"><a href=\"https:\/\/www.planalto.gov.br\/ccivil_03\/_ato2023-2026\/2023\/lei\/l14533.htm\"><span style=\"color: #333333;\">Lei n\u00ba 14.533, de 11 de janeiro de 2023.<\/span><\/a><\/td>\n<td style=\"height: 72px; width: 77.4782%;\">Institui a Pol\u00edtica Nacional de Educa\u00e7\u00e3o Digital<\/td>\n<\/tr>\n<tr style=\"height: 48px;\">\n<td style=\"height: 48px; width: 21.8874%;\"><a href=\"https:\/\/www.planalto.gov.br\/ccivil_03\/_ato2019-2022\/2022\/decreto\/D11238.htm\"><span style=\"color: #333333;\">Decreto n\u00ba 11.238, de 18 de outubro de 2022.<\/span><\/a><\/td>\n<td style=\"height: 48px; width: 77.4782%;\">Aprova o Estatuto e o Quadro Demonstrativo dos Cargos em Comiss\u00e3o e das Fun\u00e7\u00f5es de Confian\u00e7a da Coordena\u00e7\u00e3o de Aperfei\u00e7oamento de Pessoal de N\u00edvel Superior - Capes e remaneja e transforma cargos em comiss\u00e3o e fun\u00e7\u00f5es de confian\u00e7a.\u00a0Revogado pelo Decreto n\u00ba 12.802, 26 de dezembro de 2025.<\/td>\n<\/tr>\n<tr style=\"height: 48px;\">\n<td style=\"height: 48px; width: 21.8874%;\"><a href=\"https:\/\/cad.capes.gov.br\/ato-administrativo-detalhar?idAtoAdmElastic=5709\"><span style=\"color: #333333;\">Portaria Inep n\u00ba2, de 4 de janeiro de 2021.<\/span><\/a><\/td>\n<td style=\"height: 48px; width: 77.4782%;\">Regulamenta o art. 8\u00ba da Portaria CAPES n\u00ba 90, de 24 de abril de 2019, estabelecendo as diretrizes para autoriza\u00e7\u00e3o de funcionamento e para a Avalia\u00e7\u00e3o de perman\u00eancia de Polos de Educa\u00e7\u00e3o a Dist\u00e2ncia (polo EaD) para oferta de cursos de p\u00f3s-gradua\u00e7\u00e3o stricto sensu.<\/td>\n<\/tr>\n<tr style=\"height: 48px;\">\n<td style=\"height: 48px; width: 21.8874%;\"><a href=\"https:\/\/abmes.org.br\/legislacoes\/detalhe\/2994\/portaria-mec-n-96\"><span style=\"color: #333333;\">Portaria MEC n\u00ba96, de 22 de janeiro de 2020.<\/span><\/a><\/td>\n<td style=\"height: 48px; width: 77.4782%;\">Recria a Comiss\u00e3o T\u00e9cnica de Acompanhamento da Avalia\u00e7\u00e3o - CTAA do Sistema Nacional de Avalia\u00e7\u00e3o da Educa\u00e7\u00e3o Superior - Sinaes e do Sistema de Avalia\u00e7\u00e3o de Escolas de Governo - Saeg.\u00a0<strong>Revogada pela Poetaria MEC n\u00ba 488, de 08 de julho de 2021.<\/strong><\/td>\n<\/tr>\n<tr style=\"height: 24px;\">\n<td style=\"height: 24px; width: 21.8874%;\"><a href=\"https:\/\/abmes.org.br\/legislacoes\/detalhe\/2968\"><span style=\"color: #333333;\">Portaria n\u00ba 2.117, de 6 de dezembro de 2019<\/span><\/a><\/td>\n<td style=\"height: 24px; width: 77.4782%;\">Disp\u00f5e sobre a oferta de carga hor\u00e1ria na modalidade de Ensino a Dist\u00e2ncia - EaD em cursos de gradua\u00e7\u00e3o presenciais ofertados<br \/>\npor Institui\u00e7\u00f5es de Educa\u00e7\u00e3o Superior - IES pertencentes ao Sistema Federal de Ensino.<\/td>\n<\/tr>\n<tr style=\"height: 72px;\">\n<td style=\"height: 72px; width: 21.8874%;\"><a href=\"https:\/\/abmes.org.br\/legislacoes\/detalhe\/2669\/portaria-mec-n-1.428\">Portaria MEC n\u00ba 1.428, de 28 de dezembro de 2018.\u00a0<\/a><\/td>\n<td style=\"height: 72px; width: 77.4782%;\">Disp\u00f5e sobre a oferta, por Institui\u00e7\u00f5es de Educa\u00e7\u00e3o Superior (IES), de disciplinas na modalidade a dist\u00e2ncia em cursos de gradua\u00e7\u00e3o presencial.<strong> Revogada pela Portaria MEC n\u00ba 2.117, de 06 de dezembro de 2019.<\/strong><\/td>\n<\/tr>\n<tr style=\"height: 96px;\">\n<td style=\"width: 21.8874%; height: 96px;\"><span style=\"color: #333333;\"><a href=\"https:\/\/abmes.org.br\/arquivos\/legislacoes\/Instrucao-normativa-inep-002-2018-11-21.pdf\">Instru\u00e7\u00e3o Normativa n\u00ba 2, de 21 de novembro de 2018.<\/a><span style=\"color: #333333;\"><br \/>\n<\/span><\/span><\/td>\n<td style=\"width: 77.4782%; height: 96px;\">Regulamenta o Cap\u00edtulo II da Portaria Normativa n\u00ba 840, de 24 de agosto de 2018.\u00a0Revogada pela Portaria MEC n\u00ba 96, de 22 de janeiro de 2020.<\/p>\n<p>&nbsp;<\/td>\n<\/tr>\n<tr style=\"height: 48px;\">\n<td style=\"width: 21.8874%; height: 48px;\"><a href=\"https:\/\/abmes.org.br\/arquivos\/legislacoes\/Port-Normativa-840-2018-08-24.pdf\"><span style=\"color: #333333;\">Portaria n\u00ba 840, de 24 de agosto de 2018.<\/span><\/a><\/td>\n<td style=\"width: 77.4782%; height: 48px;\">Disp\u00f5e sobre os procedimentos de compet\u00eancia do Instituto Nacional de Estudos e Pesquisas Educacionais An\u00edsio Teixeira referentes \u00e0 avalia\u00e7\u00e3o de institui\u00e7\u00f5es de educa\u00e7\u00e3o superior, de cursos de gradua\u00e7\u00e3o e de desempenho acad\u00eamico de estudantes. <strong>Revogada pela Portaria MEC n\u00ba 96, de 22 de janeiro de 2020.<\/strong><\/td>\n<\/tr>\n<tr style=\"height: 48px;\">\n<td style=\"width: 21.8874%; height: 48px;\"><a href=\"https:\/\/abmes.org.br\/legislacoes\/detalhe\/2419\/portaria-mec-n-315\">Portaria MEC n\u00ba315, de 4 de abril de 2018.<\/a><\/td>\n<td style=\"width: 77.4782%; height: 48px;\">Disp\u00f5e sobre os procedimentos de supervis\u00e3o e monitoramento de institui\u00e7\u00f5es de educa\u00e7\u00e3o superior integrantes do sistema federal de ensino e de cursos superiores de gradua\u00e7\u00e3o e de p\u00f3s-gradua\u00e7\u00e3o lato sensu, nas modalidades presencial e a dist\u00e2ncia.<\/td>\n<\/tr>\n<tr style=\"height: 96px;\">\n<td style=\"width: 21.8874%; height: 96px;\"><a href=\"https:\/\/portal.mec.gov.br\/index.php?option=com_docman&amp;view=download&amp;alias=85501-pces146-18&amp;category_slug=abril-2018-pdf&amp;Itemid=30192\"><span style=\"color: #333333;\">Parecer C\u00e2mara de Educa\u00e7\u00e3o Superior do Conselho Nacional de Educa\u00e7\u00e3o (CNE\/CES) n\u00ba 146, de 8 de mar\u00e7o de 2018.<\/span><\/a><\/td>\n<td style=\"width: 77.4782%; height: 96px;\">Reexame do Parecer CNE\/CES n\u00ba 245\/2016, que trata das Diretrizes Nacionais dos Cursos de P\u00f3s-Gradua\u00e7\u00e3o Lato Sensu.<\/td>\n<\/tr>\n<tr style=\"height: 48px;\">\n<td style=\"width: 21.8874%; height: 48px;\"><a href=\"https:\/\/www.planalto.gov.br\/ccivil_03\/_ato2015-2018\/2017\/decreto\/d9235.htm\">Decreto n\u00ba 9.235, de 15 de dezembro de 2017.\u00a0<\/a><\/td>\n<td style=\"width: 77.4782%; height: 48px;\">Disp\u00f5e sobre o exerc\u00edcio das fun\u00e7\u00f5es de regula\u00e7\u00e3o, supervis\u00e3o e avalia\u00e7\u00e3o das institui\u00e7\u00f5es de educa\u00e7\u00e3o superior e dos cursos superiores de gradua\u00e7\u00e3o e de p\u00f3s-gradua\u00e7\u00e3o no sistema federal de ensino.<\/td>\n<\/tr>\n<tr style=\"height: 72px;\">\n<td style=\"width: 21.8874%; height: 72px;\"><a href=\"https:\/\/abmes.org.br\/arquivos\/legislacoes\/Port-MEC-1382-2017-10-31.pdf\">Portaria MEC n\u00ba 1.382, de 31 de outubro de 2017.<\/a><\/td>\n<td style=\"width: 77.4782%; height: 72px;\">Aprova, em extratos, os indicadores dos Instrumentos de Avalia\u00e7\u00e3o Institucional Externa para os atos de credenciamento, recredenciamento e transforma\u00e7\u00e3o de organiza\u00e7\u00e3o acad\u00eamica nas modalidades presencial e a dist\u00e2ncia do Sistema Nacional de Avalia\u00e7\u00e3o da Educa\u00e7\u00e3o Superior - Sinaes.<\/td>\n<\/tr>\n<tr style=\"height: 48px;\">\n<td style=\"width: 21.8874%; height: 48px;\"><a href=\"https:\/\/abmes.org.br\/legislacoes\/detalhe\/2178\/portaria-normativa-n-11\">Portaria Normativa n\u00ba 11, de 20 de junho de 2017.\u00a0<\/a><\/td>\n<td style=\"width: 77.4782%; height: 48px;\">Estabelece normas para o credenciamento de institui\u00e7\u00f5es e a oferta de cursos superiores a dist\u00e2ncia, em conformidade com o Decreto n\u00ba 9.057, de 25 de maio de 2017.<strong> Revogada pela Portaria MEC n\u00ba 381, de 20 de maio de 2025.<\/strong><\/td>\n<\/tr>\n<tr style=\"height: 48px;\">\n<td style=\"width: 21.8874%; height: 48px;\"><a href=\"https:\/\/www.planalto.gov.br\/ccivil_03\/_ato2015-2018\/2017\/decreto\/d9057.htm\">Decreto n\u00ba 9.057, de 25 de maio de 2017.<\/a><\/td>\n<td style=\"width: 77.4782%; height: 48px;\">Regulamenta o art. 80 da Lei n\u00ba 9.394, de 20 de dezembro de 1996, que estabelece as diretrizes e bases da educa\u00e7\u00e3o nacional.<br \/>\n<strong>Revogado pelo Decreto n\u00ba 12.456, de 2025<\/strong>.<\/td>\n<\/tr>\n<tr style=\"height: 96px;\">\n<td style=\"height: 96px; width: 21.8874%;\"><a href=\"https:\/\/abmes.org.br\/legislacoes\/detalhe\/244\/portaria-normativa-n-40\">Portaria Normativa MEC n\u00ba40, de 12 de dezembro de 2007.<\/a><\/td>\n<td style=\"height: 96px; width: 77.4782%;\">Institui o e-MEC, sistema eletr\u00f4nico de fluxo de trabalho e gerenciamento de informa\u00e7\u00f5es relativas aos processos de regula\u00e7\u00e3o, avalia\u00e7\u00e3o e supervis\u00e3o da educa\u00e7\u00e3o superior no sistema federal de educa\u00e7\u00e3o, e o Cadastro e-MEC de Institui\u00e7\u00f5es e Cursos Superiores e consolida disposi\u00e7\u00f5es sobre indicadores de qualidade, banco de avaliadores (Basis) e o Exame Nacional de Desempenho de Estudantes (ENADE) e outras disposi\u00e7\u00f5es.\u00a0<strong>Revogada pela Portaria MEC n\u00ba 315, de 04 de abril de 2018.\u00a0<\/strong><\/td>\n<\/tr>\n<tr style=\"height: 48px;\">\n<td style=\"height: 48px; width: 21.8874%;\" width=\"22%\"><a href=\"https:\/\/www.planalto.gov.br\/ccivil_03\/leis\/l9394.htm\">Lei n\u00b0 9.394, de 20 de dezembro de 1996.<\/a><\/td>\n<td style=\"height: 48px; width: 77.4782%;\">Artigo 80 da LDB \u2013 Lei de Diretrizes e Bases da Educa\u00e7\u00e3o.<\/td>\n<\/tr>\n<tr style=\"height: 48px;\">\n<td style=\"width: 21.8874%; height: 48px;\"><a href=\"https:\/\/www.gov.br\/mec\/pt-br\/composicao\/cne\/resolucoes-do-cne\"><span style=\"color: #333333;\">Resolu\u00e7\u00f5es da C\u00e2mara de Educa\u00e7\u00e3o Superior (CES)\u00a0<\/span><\/a><\/td>\n<td style=\"width: 77.4782%; height: 48px;\">Resolu\u00e7\u00f5es emitidas pelo \u00f3rg\u00e3o do Conselho Nacional de Educa\u00e7\u00e3o<\/td>\n<\/tr>\n<tr style=\"height: 48px;\">\n<td style=\"height: 48px; width: 21.8874%;\"><a href=\"http:\/\/portal.mec.gov.br\/politica-de-educacao-inclusiva?id=12265\"><span style=\"color: #333333;\">UAB (Universidade Aberta do Brasil)<\/span><\/a><\/td>\n<td style=\"height: 48px; width: 77.4782%;\">Decretos, leis, portarias e resolu\u00e7\u00f5es<\/td>\n<\/tr>\n<\/tbody>\n<\/table>\n<\/div><\/div><\/div><div class=\"ea-card  sp-ea-single\"><h3 class=\"ea-header\"><a class=\"collapsed\" data-sptoggle=\"spcollapse\" data-sptarget=#collapse101491 href=\"javascript:void(0)\"  aria-expanded=\"false\"><i class=\"ea-expand-icon fa fa-plus\"><\/i> Regula\u00e7\u00e3o, Supervis\u00e3o e  Avalia\u00e7\u00e3o: d\u00favidas frequentes e instrumentos do Inep <\/a><\/h3><div class=\"sp-collapse spcollapse \" id=\"collapse101491\" data-parent=#sp-ea-10149><div class=\"ea-body\"><p><a href=\"https:\/\/www.gov.br\/inep\/pt-br\/acesso-a-informacao\/perguntas-frequentes\/avaliacao-in-loco\">Perguntas frequentes: regula\u00e7\u00e3o, supervis\u00e3o e avalia\u00e7\u00e3o do ensino superior\u00a0<\/a><\/p>\n<p><a href=\"https:\/\/www.gov.br\/pt-br\/servicos\/solicitar-credenciamento-institucional-para-ead\">Procedimentos para credenciamento de institucional para oferta da modalidade de educa\u00e7\u00e3o a dist\u00e2ncia\u00a0<\/a><\/p>\n<p><a href=\"https:\/\/www.gov.br\/pt-br\/servicos\/informar-criacao-de-polo-ead\">Procedimentos para cria\u00e7\u00e3o de polo para educa\u00e7\u00e3o a dist\u00e2ncia\u00a0<\/a><\/p>\n<p><a href=\"https:\/\/emec.mec.gov.br\/emec\/nova\">Portal do Cadastro Nacional de Cursos e Institui\u00e7\u00f5es de Educa\u00e7\u00e3o Superior (Cadastro e-MEC)<\/a><\/p>\n<\/div><\/div><\/div><div class=\"ea-card  sp-ea-single\"><h3 class=\"ea-header\"><a class=\"collapsed\" data-sptoggle=\"spcollapse\" data-sptarget=#collapse101492 href=\"javascript:void(0)\"  aria-expanded=\"false\"><i class=\"ea-expand-icon fa fa-plus\"><\/i> Quem \u00e9 Quem <\/a><\/h3><div class=\"sp-collapse spcollapse \" id=\"collapse101492\" data-parent=#sp-ea-10149><div class=\"ea-body\"><table class=\"alignleft\" border=\"1\" cellpadding=\"10\" align=\"center\">\n<tbody>\n<tr>\n<td><a href=\"http:\/\/portal.mec.gov.br\/secretaria-de-educacao-basica\" target=\"_blank\" rel=\"external noopener\">SEB<\/a><\/td>\n<td>Secretaria de Educa\u00e7\u00e3o B\u00e1sica<\/td>\n<\/tr>\n<tr>\n<td><a href=\"http:\/\/portal.mec.gov.br\/setec-secretaria-de-educacao-profissional-e-tecnologica\" target=\"_blank\" rel=\"external noopener\">SETEC<\/a><\/td>\n<td>Secretaria de Educa\u00e7\u00e3o Profissional e Tecnol\u00f3gica<\/td>\n<\/tr>\n<tr>\n<td><a href=\"http:\/\/portal.mec.gov.br\/secretaria-de-regulacao-e-supervisao-da-educacao-superior-seres\" target=\"_blank\" rel=\"external noopener\">SERES<\/a><\/td>\n<td>Secretaria de Regula\u00e7\u00e3o e Supervis\u00e3o da Educa\u00e7\u00e3o Superior<\/td>\n<\/tr>\n<tr>\n<td><a href=\"https:\/\/www.gov.br\/capes\/pt-br\/composicao\/diretoria-de-educacao-a-distancia\" target=\"_blank\" rel=\"external noopener\">DED\/CAPES<\/a><\/td>\n<td>Diretoria de Educa\u00e7\u00e3o a Dist\u00e2ncia da CAPES<\/td>\n<\/tr>\n<\/tbody>\n<\/table>\n<p>&nbsp;<\/p>\n<\/div><\/div><\/div><\/div>\n<p>\u00daltima atualiza\u00e7\u00e3o: fevereiro\/2026<\/p>\n","protected":false},"excerpt":{"rendered":"<p>\u00daltima atualiza\u00e7\u00e3o: fevereiro\/2026<\/p>\n","protected":false},"author":1,"featured_media":0,"parent":54,"menu_order":0,"comment_status":"closed","ping_status":"closed","template":"","meta":[],"categories":[],"tags":[],"acf":[],"_links":{"self":[{"href":"https:\/\/www.ufmg.br\/dedd\/wp-json\/wp\/v2\/pages\/60"}],"collection":[{"href":"https:\/\/www.ufmg.br\/dedd\/wp-json\/wp\/v2\/pages"}],"about":[{"href":"https:\/\/www.ufmg.br\/dedd\/wp-json\/wp\/v2\/types\/page"}],"author":[{"embeddable":true,"href":"https:\/\/www.ufmg.br\/dedd\/wp-json\/wp\/v2\/users\/1"}],"replies":[{"embeddable":true,"href":"https:\/\/www.ufmg.br\/dedd\/wp-json\/wp\/v2\/comments?post=60"}],"version-history":[{"count":20,"href":"https:\/\/www.ufmg.br\/dedd\/wp-json\/wp\/v2\/pages\/60\/revisions"}],"predecessor-version":[{"id":14663,"href":"https:\/\/www.ufmg.br\/dedd\/wp-json\/wp\/v2\/pages\/60\/revisions\/14663"}],"up":[{"embeddable":true,"href":"https:\/\/www.ufmg.br\/dedd\/wp-json\/wp\/v2\/pages\/54"}],"wp:attachment":[{"href":"https:\/\/www.ufmg.br\/dedd\/wp-json\/wp\/v2\/media?parent=60"}],"wp:term":[{"taxonomy":"category","embeddable":true,"href":"https:\/\/www.ufmg.br\/dedd\/wp-json\/wp\/v2\/categories?post=60"},{"taxonomy":"post_tag","embeddable":true,"href":"https:\/\/www.ufmg.br\/dedd\/wp-json\/wp\/v2\/tags?post=60"}],"curies":[{"name":"wp","href":"https:\/\/api.w.org\/{rel}","templated":true}]}}