{"id":62,"date":"2020-06-10T13:29:15","date_gmt":"2020-06-10T16:29:15","guid":{"rendered":"https:\/\/www.ufmg.br\/dedd\/\/?page_id=62"},"modified":"2025-01-17T08:58:34","modified_gmt":"2025-01-17T11:58:34","slug":"transparencia","status":"publish","type":"page","link":"https:\/\/www.ufmg.br\/dedd\/transparencia\/","title":{"rendered":"Transpar\u00eancia"},"content":{"rendered":"<p style=\"text-align: justify;\">Nesta se\u00e7\u00e3o, ser\u00e3o divulgadas informa\u00e7\u00f5es sobre o emprego de recursos pela Diretoria de Educa\u00e7\u00e3o a Dist\u00e2ncia e Educa\u00e7\u00e3o Digital (DEDD\/UFMG), em observ\u00e2ncia ao princ\u00edpio da Publicidade (<a href=\"https:\/\/www.senado.leg.br\/atividade\/const\/con1988\/con1988_26.06.2019\/art_37_.asp\">Art.37, CR\/88<\/a>) e a outras normas que imp\u00f5e, aos \u00f3rg\u00e3os da Administra\u00e7\u00e3o P\u00fablica, o dever de publicizar dados de interesse p\u00fablico.<\/p>\n<p>Os documentos emitidos at\u00e9 maio de 2024 est\u00e3o emitidos em nome do Centro de Apoio \u00e0 Educa\u00e7\u00e3o a Dist\u00e2ncia (Caed\/UFMG), unidade que foi substitu\u00edda pela DEDD.<\/p>\n<p><a href=\"https:\/\/www.ufmg.br\/dedd\/relatorios-de-gestao\/\">Relat\u00f3rios de Gest\u00e3o<\/a><\/p>\n<p><strong><a href=\"https:\/\/www.ufmg.br\/dedd\/financeiro\/\" rel=\"noopener\">Financeiro<\/a><\/strong><\/p>\n<p><strong><a href=\"https:\/\/www.ufmg.br\/dedd\/compras\/\">Compras<\/a>\u00a0<\/strong><\/p>\n","protected":false},"excerpt":{"rendered":"<p>Nesta se\u00e7\u00e3o, ser\u00e3o divulgadas informa\u00e7\u00f5es sobre o emprego de recursos [&hellip;]<\/p>\n","protected":false},"author":1,"featured_media":0,"parent":0,"menu_order":0,"comment_status":"closed","ping_status":"closed","template":"","meta":[],"categories":[],"tags":[],"acf":[],"_links":{"self":[{"href":"https:\/\/www.ufmg.br\/dedd\/wp-json\/wp\/v2\/pages\/62"}],"collection":[{"href":"https:\/\/www.ufmg.br\/dedd\/wp-json\/wp\/v2\/pages"}],"about":[{"href":"https:\/\/www.ufmg.br\/dedd\/wp-json\/wp\/v2\/types\/page"}],"author":[{"embeddable":true,"href":"https:\/\/www.ufmg.br\/dedd\/wp-json\/wp\/v2\/users\/1"}],"replies":[{"embeddable":true,"href":"https:\/\/www.ufmg.br\/dedd\/wp-json\/wp\/v2\/comments?post=62"}],"version-history":[{"count":16,"href":"https:\/\/www.ufmg.br\/dedd\/wp-json\/wp\/v2\/pages\/62\/revisions"}],"predecessor-version":[{"id":12788,"href":"https:\/\/www.ufmg.br\/dedd\/wp-json\/wp\/v2\/pages\/62\/revisions\/12788"}],"wp:attachment":[{"href":"https:\/\/www.ufmg.br\/dedd\/wp-json\/wp\/v2\/media?parent=62"}],"wp:term":[{"taxonomy":"category","embeddable":true,"href":"https:\/\/www.ufmg.br\/dedd\/wp-json\/wp\/v2\/categories?post=62"},{"taxonomy":"post_tag","embeddable":true,"href":"https:\/\/www.ufmg.br\/dedd\/wp-json\/wp\/v2\/tags?post=62"}],"curies":[{"name":"wp","href":"https:\/\/api.w.org\/{rel}","templated":true}]}}