{"id":68,"date":"2020-06-10T13:30:02","date_gmt":"2020-06-10T16:30:02","guid":{"rendered":"https:\/\/www.ufmg.br\/dedd\/\/?page_id=68"},"modified":"2026-04-02T11:18:01","modified_gmt":"2026-04-02T14:18:01","slug":"contato","status":"publish","type":"page","link":"https:\/\/www.ufmg.br\/dedd\/contato\/","title":{"rendered":"Contato"},"content":{"rendered":"<p><a href=\"https:\/\/docs.google.com\/forms\/d\/14CSeWtYaBSX2tmXpJhSycc-_UwFb6_APTGfRJeMs7Wc\/viewform\" target=\"_blank\" rel=\"noopener\"><img decoding=\"async\" class=\"aligncenter\" src=\"https:\/\/www.ufmg.br\/dedd\/wp-content\/uploads\/2026\/04\/banner-reuniao.jpg\" alt=\"Solicitar atendimento DEDD UFMG\" \/><\/a><\/p>\n<p><span style=\"color: #1f1f1f; font-family: verdana, geneva, sans-serif; font-size: 12pt;\">A DEDD\/UFMG est\u00e1 \u00e0 disposi\u00e7\u00e3o de docentes, diretores de unidades acad\u00eamicas e administrativas, representantes de secretarias de educa\u00e7\u00e3o e coordenadores de polos de apoio presencial para apoiar a\u00e7\u00f5es relacionadas \u00e0 Educa\u00e7\u00e3o a Dist\u00e2ncia e \u00e0 Educa\u00e7\u00e3o Digital.<\/span><\/p>\n<p><span style=\"color: #1f1f1f; font-family: verdana, geneva, sans-serif; font-size: 12pt;\">Oferecemos suporte em produ\u00e7\u00e3o de conte\u00fados educacionais, orienta\u00e7\u00f5es pedag\u00f3gicas, uso de tecnologias educacionais, desenvolvimento de a\u00e7\u00f5es formativas e estrutura\u00e7\u00e3o de projetos e cursos na modalidade a dist\u00e2ncia e de educa\u00e7\u00e3o digital.<\/span><\/p>\n<p><span style=\"color: #1f1f1f; font-family: verdana, geneva, sans-serif; font-size: 12pt;\">Caso sua unidade ou institui\u00e7\u00e3o tenha alguma demanda, preencha as informa\u00e7\u00f5es o formul\u00e1rio de entrada de demandas, com o m\u00e1ximo de detalhes. Ap\u00f3s a an\u00e1lise da solicita\u00e7\u00e3o, nossa equipe entrar\u00e1 em contato para dar prosseguimento ao atendimento e agendamento da reuni\u00e3o.<\/span><\/p>\n<p><span style=\"font-family: verdana, geneva, sans-serif; font-size: 12pt;\">Clique no banner acima para ser redirecionado para acessar o formul\u00e1rio ou o acesse por <a href=\"https:\/\/docs.google.com\/forms\/d\/e\/1FAIpQLSdtlaZA_QpZHBYNeTV98x3T1X3JoTcdPYRCdTJwQetsm26s0g\/viewform\">este link<\/a>.\u00a0<\/span><\/p>\n<p><span style=\"font-family: verdana, geneva, sans-serif; font-size: 12pt;\">E-mail: <a href=\"mailto:ead@dedd.ufmg.br\" target=\"_blank\" rel=\"external noopener\">ead@ufmg.br<\/a><\/span><\/p>\n<p><span style=\"font-family: verdana, geneva, sans-serif; font-size: 12pt;\">Telefone: (31) 3409-5526<\/span><\/p>\n<p>&nbsp;<\/p>\n<p>&nbsp;<\/p>\n<p>&nbsp;<\/p>\n","protected":false},"excerpt":{"rendered":"<p>A DEDD\/UFMG est\u00e1 \u00e0 disposi\u00e7\u00e3o de docentes, diretores de unidades [&hellip;]<\/p>\n","protected":false},"author":1,"featured_media":0,"parent":0,"menu_order":0,"comment_status":"closed","ping_status":"closed","template":"","meta":[],"categories":[],"tags":[],"acf":[],"_links":{"self":[{"href":"https:\/\/www.ufmg.br\/dedd\/wp-json\/wp\/v2\/pages\/68"}],"collection":[{"href":"https:\/\/www.ufmg.br\/dedd\/wp-json\/wp\/v2\/pages"}],"about":[{"href":"https:\/\/www.ufmg.br\/dedd\/wp-json\/wp\/v2\/types\/page"}],"author":[{"embeddable":true,"href":"https:\/\/www.ufmg.br\/dedd\/wp-json\/wp\/v2\/users\/1"}],"replies":[{"embeddable":true,"href":"https:\/\/www.ufmg.br\/dedd\/wp-json\/wp\/v2\/comments?post=68"}],"version-history":[{"count":17,"href":"https:\/\/www.ufmg.br\/dedd\/wp-json\/wp\/v2\/pages\/68\/revisions"}],"predecessor-version":[{"id":14910,"href":"https:\/\/www.ufmg.br\/dedd\/wp-json\/wp\/v2\/pages\/68\/revisions\/14910"}],"wp:attachment":[{"href":"https:\/\/www.ufmg.br\/dedd\/wp-json\/wp\/v2\/media?parent=68"}],"wp:term":[{"taxonomy":"category","embeddable":true,"href":"https:\/\/www.ufmg.br\/dedd\/wp-json\/wp\/v2\/categories?post=68"},{"taxonomy":"post_tag","embeddable":true,"href":"https:\/\/www.ufmg.br\/dedd\/wp-json\/wp\/v2\/tags?post=68"}],"curies":[{"name":"wp","href":"https:\/\/api.w.org\/{rel}","templated":true}]}}