{"id":8009,"date":"2022-03-15T13:39:52","date_gmt":"2022-03-15T16:39:52","guid":{"rendered":"https:\/\/www.ufmg.br\/dedd\/?page_id=8009"},"modified":"2024-06-12T13:48:40","modified_gmt":"2024-06-12T16:48:40","slug":"repositorio-acervo","status":"publish","type":"page","link":"https:\/\/www.ufmg.br\/dedd\/pesquisa\/repositorio-acervo\/","title":{"rendered":"Recursos did\u00e1ticos"},"content":{"rendered":"<p style=\"text-align: justify;\">Neste espa\u00e7o, ser\u00e1 disponibilizada a produ\u00e7\u00e3o da DEDD\/UFMG, incluindo v\u00eddeos, trabalhos acad\u00eamicos, publica\u00e7\u00f5es e e-books.<\/p>\n<p style=\"text-align: justify;\"><strong>E-books\u00a0\u00a0<\/strong><\/p>\n<p style=\"text-align: justify;\"><a href=\"https:\/\/www.ufmg.br\/dedd\/epubs\/\">Neste site<\/a>, est\u00e3o os livros eletr\u00f4nicos publicados pela DEDD\/UFMG, em suas maioria, vers\u00f5es de guias adotados em disciplinas ofertadas pela unidade.<\/p>\n<p style=\"text-align: justify;\"><strong>Webinars e semin\u00e1rios do programa Integra\u00e7\u00e3o Docente\u00a0<\/strong><\/p>\n<p style=\"text-align: justify;\">Em junho de 2020, durante a pandemia de Covid-19, a UFMG lan\u00e7ou o programa Integra\u00e7\u00e3o Docente, iniciativa voltada \u00e0 capacita\u00e7\u00e3o de docentes para o uso de recursos tecnol\u00f3gicos durante a ado\u00e7\u00e3o do Ensino Remoto Emergencial e Ensino H\u00edbrido Emergencial.<\/p>\n<p style=\"text-align: justify;\">Na p\u00e1gina do programa, <a href=\"https:\/\/www.ufmg.br\/integracaodocente\/videos\/\">est\u00e3o dispon\u00edveis os webinars e os semin\u00e1rios sobre temas ligados \u00e0 utiliza\u00e7\u00e3o de ferramentas tecnol\u00f3gicas<\/a> e desafios da doc\u00eancia no contexto de distanciamento social, dentre eles media\u00e7\u00e3o, avalia\u00e7\u00e3o e experi\u00eancias de professores e alunos de diferentes \u00e1reas do conhecimento na UFMG.<\/p>\n<p style=\"text-align: justify;\"><strong>Webinars sobre a plataforma Moodle\u00a0<\/strong><\/p>\n<p style=\"text-align: justify;\">Desde 2015, a DEDD\/UFMG oferece li\u00e7\u00f5es acerca do Moodle, ambiente virtual de aprendizagem adotado pela Universidade e pela unidade, por meio de webinars tem\u00e1ticos. Ministrados por membros da equipe da DEDD\/UFMG, os encontros abordaram, a cada edi\u00e7\u00e3o, temas espec\u00edficos sobre a plataforma, com dura\u00e7\u00e3o de cerca de 30 minutos cada, incluindo a apresenta\u00e7\u00e3o da ferramenta e o <em>chat<\/em> com os participantes. Os webinars s\u00e3o, principalmente, voltados aos professores da Universidade, mas s\u00e3o abertos a todos os interessados.<\/p>\n<p style=\"text-align: justify;\"><a href=\"https:\/\/www.ufmg.br\/dedd\/webinars-sobre-a-plataforma-moodle\/\">Nesta p\u00e1gina<\/a>, est\u00e3o listados os registros dos webinars realizados em 2016.<\/p>\n<p style=\"text-align: justify;\"><strong>Webinars sobre softwares para webconfer\u00eancias na EaD\u00a0<\/strong><\/p>\n<p style=\"text-align: justify;\">Outra a\u00e7\u00e3o promovida pela DEDD\/UFMG para a capacita\u00e7\u00e3o de professores foi a s\u00e9rie de webinars sobre os principais softwares para a confec\u00e7\u00e3o de webconfer\u00eancia e as poss\u00edveis utiliza\u00e7\u00f5es did\u00e1ticas desses recursos.<\/p>\n<p style=\"text-align: justify;\"><a href=\"https:\/\/www.ufmg.br\/dedd\/pesquisa\/repositorio-acervo\/webinars-sobre-softwares-para-webconferencias-na-ead\/\">Nesta p\u00e1gina<\/a>, est\u00e3o dispon\u00edveis\u00a0os links para os v\u00eddeos sobre os programas\u00a0Adobe Connect, Hangout, Mconf e Skype, todos ministrados pela\u00a0prof\u00aa. Cristina Souza.<\/p>\n<p style=\"text-align: justify;\"><strong>\u00a0Apresenta\u00e7\u00f5es das disciplinas de cursos ofertados pelo Caed\/UFMG\u00a0<\/strong><\/p>\n<p style=\"text-align: justify;\">As disciplinas que integram os cursos promovidos pela DEDD\/UFMG contam com v\u00eddeos de apresenta\u00e7\u00e3o, nos quais s\u00e3o expostas suas proposta e dadas boas-vindas aos cursistas.<\/p>\n<p style=\"text-align: justify;\"><a href=\"https:\/\/www.ufmg.br\/dedd\/index.php\/videos-de-apresentacao-de-disciplinas-ministradas-pelo-caedufmg\/\">Nesta p\u00e1gina<\/a>, est\u00e3o dispon\u00edveis\u00a0 alguns v\u00eddeos de apresenta\u00e7\u00f5es de disciplinas produzidos pela DEDD\/UFMG.<\/p>\n<p style=\"text-align: justify;\"><strong>Anima\u00e7\u00f5es utilizadas nos cursos ofertados pela DEDD\/UFMG\u00a0<\/strong><\/p>\n<p style=\"text-align: justify;\">Algumas disciplinas de cursos ofertados pela DEDD\/UFMG contam com anima\u00e7\u00f5es, elaboradas especialmente com o objetivo de explicar processos.<\/p>\n<p style=\"text-align: justify;\"><a href=\"https:\/\/www.ufmg.br\/dedd\/index.php\/animacoes-utilizadas-nos-cursos-ofertados-pelo-caedufmg\/\">Nesta p\u00e1gina<\/a>, est\u00e3o dispon\u00edveis algumas das anima\u00e7\u00f5es produzidas pela DEDD\/UFMG.<\/p>\n<p style=\"text-align: justify;\"><strong>Anais de eventos promovidos pela DEDD\/UFMG\u00a0<\/strong><\/p>\n<p style=\"text-align: justify;\">A DEDD\/UFMG promove eventos com o objetivo de estimular as discuss\u00f5es sobre o ensino a dist\u00e2ncia, tanto pela comunidade acad\u00eamica, quanto pela comunidade externa.<\/p>\n<p style=\"text-align: justify;\"><a href=\"https:\/\/www.ufmg.br\/dedd\/index.php\/anais-de-eventos\/\">Nesta p\u00e1gina<\/a>, est\u00e3o dispon\u00edveis anais de alguns dos eventos realizados pela unidade.<\/p>\n","protected":false},"excerpt":{"rendered":"<p>Neste espa\u00e7o, ser\u00e1 disponibilizada a produ\u00e7\u00e3o da DEDD\/UFMG, incluindo v\u00eddeos, [&hellip;]<\/p>\n","protected":false},"author":5,"featured_media":0,"parent":9411,"menu_order":0,"comment_status":"closed","ping_status":"closed","template":"","meta":[],"categories":[],"tags":[],"acf":[],"_links":{"self":[{"href":"https:\/\/www.ufmg.br\/dedd\/wp-json\/wp\/v2\/pages\/8009"}],"collection":[{"href":"https:\/\/www.ufmg.br\/dedd\/wp-json\/wp\/v2\/pages"}],"about":[{"href":"https:\/\/www.ufmg.br\/dedd\/wp-json\/wp\/v2\/types\/page"}],"author":[{"embeddable":true,"href":"https:\/\/www.ufmg.br\/dedd\/wp-json\/wp\/v2\/users\/5"}],"replies":[{"embeddable":true,"href":"https:\/\/www.ufmg.br\/dedd\/wp-json\/wp\/v2\/comments?post=8009"}],"version-history":[{"count":17,"href":"https:\/\/www.ufmg.br\/dedd\/wp-json\/wp\/v2\/pages\/8009\/revisions"}],"predecessor-version":[{"id":10739,"href":"https:\/\/www.ufmg.br\/dedd\/wp-json\/wp\/v2\/pages\/8009\/revisions\/10739"}],"up":[{"embeddable":true,"href":"https:\/\/www.ufmg.br\/dedd\/wp-json\/wp\/v2\/pages\/9411"}],"wp:attachment":[{"href":"https:\/\/www.ufmg.br\/dedd\/wp-json\/wp\/v2\/media?parent=8009"}],"wp:term":[{"taxonomy":"category","embeddable":true,"href":"https:\/\/www.ufmg.br\/dedd\/wp-json\/wp\/v2\/categories?post=8009"},{"taxonomy":"post_tag","embeddable":true,"href":"https:\/\/www.ufmg.br\/dedd\/wp-json\/wp\/v2\/tags?post=8009"}],"curies":[{"name":"wp","href":"https:\/\/api.w.org\/{rel}","templated":true}]}}