{"id":8047,"date":"2022-04-08T11:49:47","date_gmt":"2022-04-08T14:49:47","guid":{"rendered":"https:\/\/www.ufmg.br\/dedd\/?page_id=8047"},"modified":"2026-01-06T08:58:33","modified_gmt":"2026-01-06T11:58:33","slug":"financeiro","status":"publish","type":"page","link":"https:\/\/www.ufmg.br\/dedd\/financeiro\/","title":{"rendered":"Financeiro"},"content":{"rendered":"<p>Em determina\u00e7\u00e3o \u00e0\u00a0<a href=\"http:\/\/pesquisa.in.gov.br\/imprensa\/jsp\/visualiza\/index.jsp?data=08\/12\/2016&amp;jornal=1&amp;pagina=87\">Instru\u00e7\u00e3o Normativa n\u00ba 2<\/a>, de 6 de dezembro de 2016, da Secretaria de Gest\u00e3o do Minist\u00e9rio do Planejamento, Desenvolvimento e Gest\u00e3o, a partir de outubro\u00a0 de 2018, a DEDD publicar\u00e1, mensalmente, a rela\u00e7\u00e3o dos pagamentos a fornecedores de bens e servi\u00e7os, dispostos em ordem cronol\u00f3gica.<\/p>\n<p>A divulga\u00e7\u00e3o dos dados ser\u00e1 feita at\u00e9 o dia 15 de cada m\u00eas e compreender\u00e1 os pagamentos feitos\u00a0no m\u00eas anterior. Tamb\u00e9m ser\u00e1 poss\u00edvel consultar as despesas passadas.<\/p>\n<style>#sp-ea-9328 .spcollapsing { height: 0; overflow: hidden; transition-property: height;transition-duration: 500ms;}#sp-ea-9328.sp-easy-accordion>.sp-ea-single {border: 1px solid #e2e2e2; }#sp-ea-9328.sp-easy-accordion>.sp-ea-single>.ea-header a {color: #444;}#sp-ea-9328.sp-easy-accordion>.sp-ea-single>.sp-collapse>.ea-body {background: #fff; color: #444;}#sp-ea-9328.sp-easy-accordion>.sp-ea-single {background: #eee;}#sp-ea-9328.sp-easy-accordion>.sp-ea-single>.ea-header a .ea-expand-icon.fa { float: left; color: #444;font-size: 16px;}<\/style><div id=\"sp-ea-9328\" class=\"sp-ea-one sp-easy-accordion\" data-ex-icon=\"fa-minus\" data-col-icon=\"fa-plus\"  data-ea-active=\"ea-click\"  data-ea-mode=\"vertical\" data-preloader=\"\" data-scroll-active-item=\"\" data-offset-to-scroll=\"0\"><div class=\"ea-card ea-expand sp-ea-single\"><h3 class=\"ea-header\"><a class=\"collapsed\" data-sptoggle=\"spcollapse\" data-sptarget=#collapse93280 href=\"javascript:void(0)\"  aria-expanded=\"true\"><i class=\"ea-expand-icon fa fa-minus\"><\/i> Exerc\u00edcio 2026 <\/a><\/h3><div class=\"sp-collapse spcollapse collapsed show\" id=\"collapse93280\" data-parent=#sp-ea-9328><div class=\"ea-body\"><p><a href=\"https:\/\/www.ufmg.br\/dedd\/wp-content\/uploads\/2026\/04\/Declaracao_fornecedores_03.2026_assinado_assinado.pdf\">Relat\u00f3rio de Pagamentos de Bens e Servi\u00e7os -- mar\u00e7o de 2026<\/a><\/p>\n<p><a href=\"https:\/\/www.ufmg.br\/dedd\/wp-content\/uploads\/2026\/03\/Fornecedores_-_02.2026_assinado_assinado.pdf\">Relat\u00f3rio de Pagamentos de Bens e Servi\u00e7os -- fevereiro de 2026<\/a><\/p>\n<p><a href=\"https:\/\/www.ufmg.br\/dedd\/wp-content\/uploads\/2026\/02\/Fornecedores_01.2026_assinado_assinado.pdf\">Relat\u00f3rio de Pagamentos de Bens e Servi\u00e7os \u2014 janeiro de 2026\u00a0<\/a><\/p>\n<\/div><\/div><\/div><div class=\"ea-card  sp-ea-single\"><h3 class=\"ea-header\"><a class=\"collapsed\" data-sptoggle=\"spcollapse\" data-sptarget=#collapse93281 href=\"javascript:void(0)\"  aria-expanded=\"false\"><i class=\"ea-expand-icon fa fa-plus\"><\/i> Exerc\u00edcio 2025<\/a><\/h3><div class=\"sp-collapse spcollapse \" id=\"collapse93281\" data-parent=#sp-ea-9328><div class=\"ea-body\"><p><a href=\"https:\/\/www.ufmg.br\/dedd\/wp-content\/uploads\/2026\/01\/Declaracao_de_fornecedores_12.2025_assinado_assinado.pdf\">Relat\u00f3rio de Pagamentos de Bens e Servi\u00e7os -- dezembro de 2025<\/a><\/p>\n<p><a href=\"https:\/\/www.ufmg.br\/dedd\/wp-content\/uploads\/2025\/12\/Fornecedores_11.2025_assinado_assinado.pdf\">Relat\u00f3rio de Pagamentos de Bens e Servi\u00e7os -- novembro de 2025<\/a><\/p>\n<p><a href=\"https:\/\/www.ufmg.br\/dedd\/wp-content\/uploads\/2025\/11\/fornecedores_-_OUT.25_assinado_assinado.pdf\">Relat\u00f3rio de Pagamentos de Bens e Servi\u00e7os -- outubro de 2025\u00a0<\/a><\/p>\n<p><a href=\"https:\/\/www.ufmg.br\/dedd\/wp-content\/uploads\/2025\/10\/SET-25_assinado_assinado.pdf\">Relat\u00f3rio de Pagamentos de Bens e Servi\u00e7os -- setembro de 2025\u00a0<\/a><\/p>\n<p><a href=\"https:\/\/www.ufmg.br\/dedd\/wp-content\/uploads\/2025\/09\/Mes_08.2025_assinado_assinado.pdf\">Relat\u00f3rio de Pagamentos de Bens e Servi\u00e7os -- agosto de 2025<\/a><\/p>\n<p><a href=\"https:\/\/www.ufmg.br\/dedd\/wp-content\/uploads\/2025\/08\/Declaracao-de-Fornecedores-julho-2025.pdf\">Relat\u00f3rio de Pagamentos de Bens e Servi\u00e7os -- julho de 2025\u00a0<\/a><\/p>\n<p><a href=\"https:\/\/www.ufmg.br\/dedd\/wp-content\/uploads\/2025\/07\/Fornecedores_06.2025_assinado_assinado.pdf\">Relat\u00f3rio de Pagamentos de Bens e Servi\u00e7os -- junho de 2025<\/a><\/p>\n<p><a href=\"https:\/\/www.ufmg.br\/dedd\/wp-content\/uploads\/2025\/06\/Relacao-de-fornecedores-maio-2025.pdf\">Relat\u00f3rio de Pagamentos de Bens e Servi\u00e7os -- maio de 2025<\/a><\/p>\n<p><a href=\"https:\/\/www.ufmg.br\/dedd\/wp-content\/uploads\/2025\/05\/04.2025_assinado.pdf\">Relat\u00f3rio de Pagamentos de Bens e Servi\u00e7os -- abril de 2025<\/a><\/p>\n<p><a href=\"https:\/\/www.ufmg.br\/dedd\/wp-content\/uploads\/2025\/04\/Mes_03.2025_assinado_assinado.pdf\">Relat\u00f3rio de Pagamentos de Bens e Servi\u00e7os -- mar\u00e7o de 2025<\/a><\/p>\n<p><a href=\"https:\/\/www.ufmg.br\/dedd\/wp-content\/uploads\/2025\/03\/Declaracao-de-fornecedores-fevereiro-de-2025.pdf\">Relat\u00f3rio de Pagamentos de Bens e Servi\u00e7os -- fevereiro de 2025<\/a><\/p>\n<p><a href=\"https:\/\/www.ufmg.br\/dedd\/wp-content\/uploads\/2025\/02\/Declaracao-de-fornecedores-janeiro-de-2025.pdf\">Relat\u00f3rio de Pagamentos de Bens e Servi\u00e7os \u2014 janeiro de 2025<\/a><\/p>\n<p>&nbsp;<\/p>\n<\/div><\/div><\/div><div class=\"ea-card  sp-ea-single\"><h3 class=\"ea-header\"><a class=\"collapsed\" data-sptoggle=\"spcollapse\" data-sptarget=#collapse93282 href=\"javascript:void(0)\"  aria-expanded=\"false\"><i class=\"ea-expand-icon fa fa-plus\"><\/i> Exerc\u00edcio 2024<\/a><\/h3><div class=\"sp-collapse spcollapse \" id=\"collapse93282\" data-parent=#sp-ea-9328><div class=\"ea-body\"><p><a href=\"https:\/\/www.ufmg.br\/dedd\/wp-content\/uploads\/2025\/01\/Mes_dez.24_assinado_assinado.pdf\">Relat\u00f3rio de Pagamento de Bens e Servi\u00e7o - dezembro de 2024<\/a><\/p>\n<p><a href=\"https:\/\/www.ufmg.br\/dedd\/wp-content\/uploads\/2024\/12\/Mes_11.2024.pdf\">Relat\u00f3rio de Pagamento de Bens e Servi\u00e7o - novembro de 2024<\/a><\/p>\n<p><a href=\"https:\/\/www.ufmg.br\/dedd\/wp-content\/uploads\/2024\/11\/Mes_10.2024_assinado_assinado.pdf\">Relat\u00f3rio de Pagamento de Bens e Servi\u00e7os - outubro de 2024<\/a><\/p>\n<p><a href=\"https:\/\/www.ufmg.br\/dedd\/wp-content\/uploads\/2024\/10\/Mes_09.2024_assinado.pdf\">Relat\u00f3rio de Pagamento de Bens e Servi\u00e7os - setembro de 2024<\/a><\/p>\n<p><a href=\"https:\/\/www.ufmg.br\/dedd\/wp-content\/uploads\/2024\/09\/Mes_08.2024.pdf\">Relat\u00f3rio de Pagamento de Bens e Servi\u00e7os - agosto de 2024<\/a><\/p>\n<p><a href=\"https:\/\/www.ufmg.br\/dedd\/wp-content\/uploads\/2024\/08\/MES_07.2024-_assinado_assinado.pdf\">Relat\u00f3rio de Pagamento de Bens e Servi\u00e7os - julho de 2024\u00a0<\/a><\/p>\n<p><a href=\"https:\/\/www.ufmg.br\/dedd\/wp-content\/uploads\/2024\/07\/Pagamentos-a-fornecedores-Junho-2024.pdf\">Relat\u00f3rio de Pagamento de Bens e Servi\u00e7os - junho de 2024\u00a0<\/a><\/p>\n<p><a href=\"https:\/\/www.ufmg.br\/dedd\/wp-content\/uploads\/2024\/06\/Relatorio-Maio-2024.pdf\">Relat\u00f3rio de Pagamentos de Bens e Servi\u00e7os \u2014 maio de 2024<\/a><\/p>\n<p><a href=\"https:\/\/www.ufmg.br\/dedd\/wp-content\/uploads\/2024\/06\/Relatorio-Abril-2024.pdf\">Relat\u00f3rio de Pagamentos de Bens e Servi\u00e7os \u2014 abril de 2024<\/a><\/p>\n<p><a href=\"https:\/\/www.ufmg.br\/dedd\/wp-content\/uploads\/2024\/06\/Relatorio-Marco-2024.pdf\">Relat\u00f3rio de Pagamentos de Bens e Servi\u00e7os \u2014 mar\u00e7o de 2024<\/a><\/p>\n<p><a href=\"https:\/\/www.ufmg.br\/dedd\/wp-content\/uploads\/2024\/06\/Relatorio-Fevereiro-2024.pdf\">Relat\u00f3rio de Pagamentos de Bens e Servi\u00e7os \u2014 fevereiro de 2024<\/a><\/p>\n<p><a href=\"https:\/\/www.ufmg.br\/dedd\/wp-content\/uploads\/2024\/06\/Relatorio-Janeiro-2024.pdf\">Relat\u00f3rio de Pagamentos de Bens e Servi\u00e7os \u2014 janeiro de 2024<\/a><\/p>\n<\/div><\/div><\/div><div class=\"ea-card  sp-ea-single\"><h3 class=\"ea-header\"><a class=\"collapsed\" data-sptoggle=\"spcollapse\" data-sptarget=#collapse93283 href=\"javascript:void(0)\"  aria-expanded=\"false\"><i class=\"ea-expand-icon fa fa-plus\"><\/i> Exerc\u00edcio 2023<\/a><\/h3><div class=\"sp-collapse spcollapse \" id=\"collapse93283\" data-parent=#sp-ea-9328><div class=\"ea-body\"><p><a href=\"https:\/\/www.ufmg.br\/dedd\/wp-content\/uploads\/2024\/06\/Relatorio-Dezembro-2023.pdf\">Relat\u00f3rio de Pagamentos de Bens e Servi\u00e7os \u2014 dezembro de 2023<\/a><\/p>\n<p><a href=\"https:\/\/www.ufmg.br\/dedd\/wp-content\/uploads\/2024\/06\/Relatorio-Novembro-2023.pdf\">Relat\u00f3rio de Pagamentos de Bens e Servi\u00e7os \u2014 novembro de 2023<\/a><\/p>\n<p><a href=\"https:\/\/www.ufmg.br\/dedd\/wp-content\/uploads\/2024\/06\/Relatorio-Outubro-2023.pdf\">Relat\u00f3rio de Pagamentos de Bens e Servi\u00e7os \u2014 outubro de 2023<\/a><\/p>\n<p><a href=\"https:\/\/www.ufmg.br\/dedd\/wp-content\/uploads\/2024\/06\/Relatorio-Setembro-2023.pdf\">Relat\u00f3rio de Pagamentos de Bens e Servi\u00e7os \u2014 setembro de 2023<\/a><\/p>\n<p><a href=\"https:\/\/www.ufmg.br\/dedd\/wp-content\/uploads\/2023\/09\/Mes_08.2023-_assinado_assinado.pdf\">Relat\u00f3rio de Pagamentos de Bens e Servi\u00e7os \u2014 agosto de 2023<\/a><\/p>\n<p><a href=\"https:\/\/www.ufmg.br\/dedd\/wp-content\/uploads\/2024\/06\/Relatorio-Julho-2023.pdf\">Relat\u00f3rio de Pagamentos de Bens e Servi\u00e7os \u2014 julho de 2023<\/a><\/p>\n<p><a href=\"https:\/\/www.ufmg.br\/dedd\/wp-content\/uploads\/2023\/07\/Mes_06.2023_assinado.pdf\">Relat\u00f3rio de Pagamentos de Bens e Servi\u00e7os \u2014 junho de 2023<\/a><\/p>\n<p><a href=\"https:\/\/www.ufmg.br\/dedd\/wp-content\/uploads\/2024\/06\/Relatorio-Maio-2023.pdf\">Relat\u00f3rio de Pagamentos de Bens e Servi\u00e7os \u2014 maio de 2023<\/a><\/p>\n<p><a href=\"https:\/\/www.ufmg.br\/dedd\/wp-content\/uploads\/2024\/06\/Relatorio-Abril-2023.pdf\">Relat\u00f3rio de Pagamentos de Bens e Servi\u00e7os \u2014 abril de 2023\u00a0<\/a><\/p>\n<p><a href=\"https:\/\/www.ufmg.br\/dedd\/wp-content\/uploads\/2024\/06\/Relatorio-Marco-2023.pdf\">Relat\u00f3rio de Pagamentos de Bens e Servi\u00e7os \u2014 mar\u00e7o de 2023<\/a><\/p>\n<p><a href=\"https:\/\/www.ufmg.br\/dedd\/wp-content\/uploads\/2024\/06\/Relatorio-Fevereiro-2023.pdf\">Relat\u00f3rio de Pagamentos de Bens e Servi\u00e7os \u2014 fevereiro de 2023\u00a0<\/a><\/p>\n<p><a href=\"https:\/\/www.ufmg.br\/dedd\/wp-content\/uploads\/2024\/06\/Relatorio-Janeiro-2023.pdf\">Relat\u00f3rio de Pagamentos de Bens e Servi\u00e7os \u2014 janeiro de 2023\u00a0<\/a><\/p>\n<\/div><\/div><\/div><div class=\"ea-card  sp-ea-single\"><h3 class=\"ea-header\"><a class=\"collapsed\" data-sptoggle=\"spcollapse\" data-sptarget=#collapse93284 href=\"javascript:void(0)\"  aria-expanded=\"false\"><i class=\"ea-expand-icon fa fa-plus\"><\/i> Exerc\u00edcio 2022<\/a><\/h3><div class=\"sp-collapse spcollapse \" id=\"collapse93284\" data-parent=#sp-ea-9328><div class=\"ea-body\"><p><a href=\"https:\/\/www.ufmg.br\/dedd\/wp-content\/uploads\/2024\/01\/Mes-12.2022-financeiro-1.pdf\">Relat\u00f3rio de Pagamentos de Bens e Servi\u00e7os \u2014 dezembro de 2022<\/a><\/p>\n<p><a href=\"https:\/\/www.ufmg.br\/dedd\/wp-content\/uploads\/2024\/01\/Mes-11.2022.pdf\">Relat\u00f3rio de Pagamentos de Bens e Servi\u00e7os \u2014 novembro de 2022<\/a><\/p>\n<p><a href=\"https:\/\/www.ufmg.br\/dedd\/wp-content\/uploads\/2024\/01\/Mes-08.2022.pdf\">Relat\u00f3rio de Pagamentos de Bens e Servi\u00e7os \u2014 agosto de 2022<\/a><\/p>\n<p><a href=\"https:\/\/www.ufmg.br\/dedd\/wp-content\/uploads\/2024\/01\/Mes-07.2022.pdf\">Relat\u00f3rio de Pagamentos de Bens e Servi\u00e7os \u2014 julho de 2022<\/a><\/p>\n<p><a href=\"https:\/\/www.ufmg.br\/dedd\/wp-content\/uploads\/2022\/07\/Mes-06.2022.pdf\">Relat\u00f3rio de Pagamentos de Bens e Servi\u00e7os \u2014 junho de 2022<\/a><\/p>\n<p><a href=\"https:\/\/www.ufmg.br\/dedd\/wp-content\/uploads\/2022\/07\/Mes-06.2022.pdf\">Relat\u00f3rio de Pagamentos de Bens e Servi\u00e7os \u2014 junho de 2022<\/a><\/p>\n<p><a href=\"https:\/\/www.ufmg.br\/dedd\/wp-content\/uploads\/2022\/06\/Mes-05.2022-1.pdf\">Relat\u00f3rio de Pagamentos de Bens e Servi\u00e7os \u2014 maio de 2022<\/a><\/p>\n<p><a href=\"https:\/\/www.ufmg.br\/dedd\/wp-content\/uploads\/2022\/05\/Mes-04.2022.pdf\">Relat\u00f3rio de Pagamentos de Bens e Servi\u00e7os \u2014 abril de 2022<\/a><\/p>\n<p><a href=\"https:\/\/www.ufmg.br\/dedd\/wp-content\/uploads\/2022\/04\/Mes-03.2022assinado.pdf\">Relat\u00f3rio de Pagamentos de Bens e Servi\u00e7os \u2014 mar\u00e7o de 2022<\/a><\/p>\n<p><a href=\"https:\/\/www.ufmg.br\/dedd\/wp-content\/uploads\/2022\/04\/RP-fevereiro-2022.pdf\" target=\"_blank\" rel=\"noopener\">Relat\u00f3rio de Pagamentos de Bens e Servi\u00e7os \u2014 fevereiro de 2022<\/a><\/p>\n<p><a href=\"https:\/\/www.ufmg.br\/dedd\/wp-content\/uploads\/2022\/04\/RP-janeiro-2022.pdf\" target=\"_blank\" rel=\"noopener\">Relat\u00f3rio de Pagamentos de Bens e Servi\u00e7os \u2014 janeiro de 2022<\/a><\/p>\n<\/div><\/div><\/div><div class=\"ea-card  sp-ea-single\"><h3 class=\"ea-header\"><a class=\"collapsed\" data-sptoggle=\"spcollapse\" data-sptarget=#collapse93285 href=\"javascript:void(0)\"  aria-expanded=\"false\"><i class=\"ea-expand-icon fa fa-plus\"><\/i> Exerc\u00edcio 2021<\/a><\/h3><div class=\"sp-collapse spcollapse \" id=\"collapse93285\" data-parent=#sp-ea-9328><div class=\"ea-body\"><p><a href=\"https:\/\/www.ufmg.br\/dedd\/wp-content\/uploads\/2022\/04\/RP-setembro-2021.pdf\" target=\"_blank\" rel=\"noopener\">Relat\u00f3rio de Pagamentos de Bens e Servi\u00e7os \u2014 dezembro de 2021<\/a><\/p>\n<p><a href=\"https:\/\/www.ufmg.br\/dedd\/wp-content\/uploads\/2022\/04\/RP-outubro-e-novembro-2021.pdf\" target=\"_blank\" rel=\"noopener\">Relat\u00f3rio de Pagamentos de Bens e Servi\u00e7os \u2014 outubro e novembro de 2021<\/a><\/p>\n<p><a href=\"https:\/\/www.ufmg.br\/dedd\/wp-content\/uploads\/2022\/04\/RP-setembro-2021.pdf\" target=\"_blank\" rel=\"noopener\">Relat\u00f3rio de Pagamentos de Bens e Servi\u00e7os \u2014 setembro de 2021<\/a><\/p>\n<p><a href=\"https:\/\/www.ufmg.br\/dedd\/wp-content\/uploads\/2022\/04\/RP-agosto-2021.pdf\" target=\"_blank\" rel=\"noopener\">Relat\u00f3rio de Pagamentos de Bens e Servi\u00e7os \u2014 agosto de 2021<\/a><\/p>\n<p><a href=\"https:\/\/www.ufmg.br\/dedd\/wp-content\/uploads\/2022\/04\/RP-julho-2021.pdf\" target=\"_blank\" rel=\"noopener\">Relat\u00f3rio de Pagamentos de Bens e Servi\u00e7os \u2014 julho de 2021<\/a><\/p>\n<p><a href=\"https:\/\/www.ufmg.br\/dedd\/wp-content\/uploads\/2022\/04\/RP-junho-2021.pdf\" target=\"_blank\" rel=\"noopener\">Relat\u00f3rio de Pagamentos de Bens e Servi\u00e7os \u2014 junho de 2021<\/a><\/p>\n<p><a href=\"https:\/\/www.ufmg.br\/dedd\/wp-content\/uploads\/2022\/04\/RP-maio-2021.pdf\" target=\"_blank\" rel=\"noopener\">Relat\u00f3rio de Pagamentos de Bens e Servi\u00e7os \u2014 maio de 2021<\/a><\/p>\n<p><a href=\"https:\/\/www.ufmg.br\/dedd\/wp-content\/uploads\/2022\/04\/RP-abril-2021.pdf\" target=\"_blank\" rel=\"noopener\">Relat\u00f3rio de Pagamentos de Bens e Servi\u00e7os \u2014 abril de 2021<\/a><\/p>\n<p><a href=\"https:\/\/www.ufmg.br\/dedd\/wp-content\/uploads\/2022\/04\/RP-marco-2021.pdf\" target=\"_blank\" rel=\"noopener\">Relat\u00f3rio de Pagamentos de Bens e Servi\u00e7os \u2014 mar\u00e7o de 2021<\/a><\/p>\n<p><a href=\"https:\/\/www.ufmg.br\/dedd\/wp-content\/uploads\/2022\/04\/RP-fevereiro-2021.pdf\" target=\"_blank\" rel=\"noopener\">Relat\u00f3rio de Pagamentos de Bens e Servi\u00e7os \u2014 fevereiro de 2021<\/a><\/p>\n<p><a href=\"https:\/\/www.ufmg.br\/dedd\/wp-content\/uploads\/2022\/04\/RP-janeiro-2021.pdf\" target=\"_blank\" rel=\"noopener\">Relat\u00f3rio de Pagamentos de Bens e Servi\u00e7os \u2014 janeiro de 2021<\/a><\/p>\n<\/div><\/div><\/div><div class=\"ea-card  sp-ea-single\"><h3 class=\"ea-header\"><a class=\"collapsed\" data-sptoggle=\"spcollapse\" data-sptarget=#collapse93286 href=\"javascript:void(0)\"  aria-expanded=\"false\"><i class=\"ea-expand-icon fa fa-plus\"><\/i> Exerc\u00edcio 2020<\/a><\/h3><div class=\"sp-collapse spcollapse \" id=\"collapse93286\" data-parent=#sp-ea-9328><div class=\"ea-body\"><div class=\"main-content\">\n<p><a href=\"https:\/\/www.ufmg.br\/dedd\/rp-janeiro-2020\/\" target=\"_blank\" rel=\"noopener\">Relat\u00f3rio de Pagamentos de Bens e Servi\u00e7os \u2014 janeiro de 2020<\/a><\/p>\n<p><a href=\"https:\/\/www.ufmg.br\/dedd\/wp-content\/uploads\/2022\/04\/RP-maio-2020.pdf\" target=\"_blank\" rel=\"noopener\">Relat\u00f3rio de Pagamentos de Bens e Servi\u00e7os \u2014 mar\u00e7o de 2020<\/a><\/p>\n<p><a href=\"https:\/\/www.ufmg.br\/dedd\/wp-content\/uploads\/2022\/04\/RP-abril-2020.pdf\" target=\"_blank\" rel=\"noopener\">Relat\u00f3rio de Pagamentos de Bens e Servi\u00e7os \u2014 abril de 2020\u00a0<\/a><\/p>\n<p><a href=\"https:\/\/www.ufmg.br\/dedd\/wp-content\/uploads\/2022\/04\/RP-maio-2020.pdf\" target=\"_blank\" rel=\"noopener\">Relat\u00f3rio de Pagamentos de Bens e Servi\u00e7os \u2014 maio de 2020\u00a0<\/a><\/p>\n<p><a href=\"https:\/\/www.ufmg.br\/dedd\/wp-content\/uploads\/2022\/04\/RP-setembro-2020.pdf\" target=\"_blank\" rel=\"noopener\">Relat\u00f3rio de Pagamentos de Bens e Servi\u00e7os \u2014 setembro de 2020<\/a><\/p>\n<p><a href=\"https:\/\/www.ufmg.br\/dedd\/wp-content\/uploads\/2022\/04\/RP-outubro-2020.pdf\" target=\"_blank\" rel=\"noopener\">Relat\u00f3rio de Pagamentos de Bens e Servi\u00e7os \u2014 outubro de 2020<\/a><\/p>\n<p><a href=\"https:\/\/www.ufmg.br\/dedd\/wp-content\/uploads\/2022\/04\/RP-novembro-2020.pdf\" target=\"_blank\" rel=\"noopener\">Relat\u00f3rio de Pagamentos de Bens e Servi\u00e7os \u2014 novembro de 2020<\/a><\/p>\n<p><a href=\"https:\/\/www.ufmg.br\/dedd\/wp-content\/uploads\/2022\/04\/RP-dezembro-2020.pdf\" target=\"_blank\" rel=\"noopener\">Relat\u00f3rio de Pagamentos de Bens e Servi\u00e7os \u2014 dezembro de 2020<\/a><\/p>\n<p>N\u00e3o foram efetuados pagamentos a fornecedores nos meses de fevereiro, junho, julho e agosto de 2020.<\/p>\n<\/div>\n<\/div><\/div><\/div><div class=\"ea-card  sp-ea-single\"><h3 class=\"ea-header\"><a class=\"collapsed\" data-sptoggle=\"spcollapse\" data-sptarget=#collapse93287 href=\"javascript:void(0)\"  aria-expanded=\"false\"><i class=\"ea-expand-icon fa fa-plus\"><\/i> Exerc\u00edcio 2019<\/a><\/h3><div class=\"sp-collapse spcollapse \" id=\"collapse93287\" data-parent=#sp-ea-9328><div class=\"ea-body\"><p><a href=\"https:\/\/www.ufmg.br\/dedd\/wp-content\/uploads\/2022\/04\/RP-fevereiro-2019.pdf\" target=\"_blank\" rel=\"noopener\">Relat\u00f3rio de Pagamentos de Bens e Servi\u00e7os \u2014 fevereiro de 2019\u00a0<\/a><\/p>\n<p><a href=\"https:\/\/www.ufmg.br\/dedd\/wp-content\/uploads\/2022\/04\/RP-marco-2019.pdf\" target=\"_blank\" rel=\"noopener\">Relat\u00f3rio de Pagamentos de Bens e Servi\u00e7os \u2014 mar\u00e7o de 2019\u00a0<\/a><\/p>\n<p><a href=\"https:\/\/www.ufmg.br\/dedd\/wp-content\/uploads\/2022\/04\/RP-abril-2019.pdf\" target=\"_blank\" rel=\"noopener\">Relat\u00f3rio de Pagamentos de Bens e Servi\u00e7os \u2014 abril de 2019\u00a0<\/a><\/p>\n<p><a href=\"https:\/\/www.ufmg.br\/dedd\/wp-content\/uploads\/2022\/04\/RP-maio-2019.pdf\" target=\"_blank\" rel=\"noopener\">Relat\u00f3rio de Pagamentos de Bens e Servi\u00e7os \u2014 maio de 2019\u00a0<\/a><\/p>\n<p><a href=\"https:\/\/www.ufmg.br\/dedd\/wp-content\/uploads\/2022\/04\/RP-junho-2019.pdf\" target=\"_blank\" rel=\"noopener\">Relat\u00f3rio de Pagamentos de Bens e Servi\u00e7os \u2014 junho de 2019\u00a0<\/a><\/p>\n<p><a href=\"https:\/\/www.ufmg.br\/dedd\/wp-content\/uploads\/2022\/04\/RP-agosto-2019.pdf\" target=\"_blank\" rel=\"noopener\">Relat\u00f3rio de Pagamentos de Bens e Servi\u00e7os \u2014 agosto de 2019<\/a><\/p>\n<p><a href=\"https:\/\/www.ufmg.br\/dedd\/wp-content\/uploads\/2022\/04\/RP-setembro-2019.pdf\" target=\"_blank\" rel=\"noopener\">Relat\u00f3rio de Pagamentos de Bens e Servi\u00e7os \u2014 setembro de 2019<\/a><\/p>\n<p><a href=\"https:\/\/www.ufmg.br\/dedd\/wp-content\/uploads\/2022\/04\/RP-outubro-2019.pdf\" target=\"_blank\" rel=\"noopener\">Relat\u00f3rio de Pagamentos de Bens e Servi\u00e7os \u2014 outubro de 2019<\/a><\/p>\n<p><a href=\"https:\/\/www.ufmg.br\/dedd\/wp-content\/uploads\/2022\/04\/RP-novembro-2019.pdf\" target=\"_blank\" rel=\"noopener\">Relat\u00f3rio de Pagamentos de Bens e Servi\u00e7os \u2014 novembro de 2019<\/a><\/p>\n<p><a href=\"https:\/\/www.ufmg.br\/dedd\/wp-content\/uploads\/2022\/04\/RP-dezembro-2019.pdf\" target=\"_blank\" rel=\"noopener\">Relat\u00f3rio de Pagamentos de Bens e Servi\u00e7os \u2014 dezembro de 2019<\/a><\/p>\n<p>N\u00e3o foram efetuados pagamentos a fornecedores nos meses de janeiro e de julho de 2019.<\/p>\n<\/div><\/div><\/div><div class=\"ea-card  sp-ea-single\"><h3 class=\"ea-header\"><a class=\"collapsed\" data-sptoggle=\"spcollapse\" data-sptarget=#collapse93288 href=\"javascript:void(0)\"  aria-expanded=\"false\"><i class=\"ea-expand-icon fa fa-plus\"><\/i> Exerc\u00edcio 2018<\/a><\/h3><div class=\"sp-collapse spcollapse \" id=\"collapse93288\" data-parent=#sp-ea-9328><div class=\"ea-body\"><p><a href=\"https:\/\/www.ufmg.br\/dedd\/wp-content\/uploads\/2022\/04\/RP-dezembro-2018.pdf\" target=\"_blank\" rel=\"noopener\">Relat\u00f3rio de Pagamentos de Bens e Servi\u00e7os \u2013 dezembro de 2018<\/a><\/p>\n<p><a href=\"https:\/\/www.ufmg.br\/dedd\/wp-content\/uploads\/2022\/04\/RP-novembro-2018.pdf\" target=\"_blank\" rel=\"noopener\">Relat\u00f3rio de Pagamentos de Bens e Servi\u00e7os \u2013 novembro de 2018<\/a><\/p>\n<p><a href=\"https:\/\/www.ufmg.br\/dedd\/wp-content\/uploads\/2022\/04\/RP-outubro-2018.pdf\" target=\"_blank\" rel=\"noopener\">Relat\u00f3rio de Pagamentos de Bens e Servi\u00e7os \u2013 outubro de 2018<\/a><\/p>\n<p><a href=\"https:\/\/www.ufmg.br\/dedd\/wp-content\/uploads\/2022\/04\/RP-abril-a-setembro-2018.pdf\" target=\"_blank\" rel=\"noopener\">Relat\u00f3rio de Pagamentos de Bens e Servi\u00e7os \u2013 abril a setembro de 2018<\/a><\/p>\n<\/div><\/div><\/div><\/div>\n","protected":false},"excerpt":{"rendered":"<p>Em determina\u00e7\u00e3o \u00e0\u00a0Instru\u00e7\u00e3o Normativa n\u00ba 2, de 6 de dezembro [&hellip;]<\/p>\n","protected":false},"author":5,"featured_media":0,"parent":0,"menu_order":0,"comment_status":"closed","ping_status":"closed","template":"","meta":[],"categories":[],"tags":[],"acf":[],"_links":{"self":[{"href":"https:\/\/www.ufmg.br\/dedd\/wp-json\/wp\/v2\/pages\/8047"}],"collection":[{"href":"https:\/\/www.ufmg.br\/dedd\/wp-json\/wp\/v2\/pages"}],"about":[{"href":"https:\/\/www.ufmg.br\/dedd\/wp-json\/wp\/v2\/types\/page"}],"author":[{"embeddable":true,"href":"https:\/\/www.ufmg.br\/dedd\/wp-json\/wp\/v2\/users\/5"}],"replies":[{"embeddable":true,"href":"https:\/\/www.ufmg.br\/dedd\/wp-json\/wp\/v2\/comments?post=8047"}],"version-history":[{"count":13,"href":"https:\/\/www.ufmg.br\/dedd\/wp-json\/wp\/v2\/pages\/8047\/revisions"}],"predecessor-version":[{"id":14480,"href":"https:\/\/www.ufmg.br\/dedd\/wp-json\/wp\/v2\/pages\/8047\/revisions\/14480"}],"wp:attachment":[{"href":"https:\/\/www.ufmg.br\/dedd\/wp-json\/wp\/v2\/media?parent=8047"}],"wp:term":[{"taxonomy":"category","embeddable":true,"href":"https:\/\/www.ufmg.br\/dedd\/wp-json\/wp\/v2\/categories?post=8047"},{"taxonomy":"post_tag","embeddable":true,"href":"https:\/\/www.ufmg.br\/dedd\/wp-json\/wp\/v2\/tags?post=8047"}],"curies":[{"name":"wp","href":"https:\/\/api.w.org\/{rel}","templated":true}]}}