{"id":840,"date":"2016-06-10T20:01:38","date_gmt":"2016-06-10T20:01:38","guid":{"rendered":"https:\/\/www.ufmg.br\/dedd\/?page_id=840"},"modified":"2023-06-02T13:46:55","modified_gmt":"2023-06-02T16:46:55","slug":"webinars-sobre-softwares-para-webconferencias-na-ead","status":"publish","type":"page","link":"https:\/\/www.ufmg.br\/dedd\/pesquisa\/repositorio-acervo\/webinars-sobre-softwares-para-webconferencias-na-ead\/","title":{"rendered":"Webinars sobre softwares para webconfer\u00eancias na EaD"},"content":{"rendered":"<ul>\n<li><a href=\"https:\/\/eduplay.rnp.br\/portal\/video\/embed\/30785\" target=\"_blank\" rel=\"noopener\">Adobe Connect na Educa\u00e7\u00e3o<\/a><\/li>\n<li><a href=\"http:\/\/video.rnp.br\/portal\/embed-video?idItem=28416\">Hangout na Educa\u00e7\u00e3o\u00a0<\/a><\/li>\n<li><a href=\"http:\/\/video.rnp.br\/portal\/embed-video?idItem=28382\">Mconf na Educa\u00e7\u00e3o\u00a0<\/a><\/li>\n<li><a href=\"http:\/\/video.rnp.br\/portal\/embed-video?idItem=28346\">Skype na Educa\u00e7\u00e3o\u00a0<\/a><\/li>\n<\/ul>\n<p><a href=\"http:\/\/video.rnp.br\/portal\/embed-video?idItem=28346\"><br \/>\n<img decoding=\"async\" loading=\"lazy\" class=\"wp-image-841 alignright\" src=\"https:\/\/www.ufmg.br\/dedd\/wp-content\/uploads\/Cris-hang-out.png\" alt=\"Cris hang out\" width=\"758\" height=\"380\" \/><\/a><\/p>\n","protected":false},"excerpt":{"rendered":"<p>Adobe Connect na Educa\u00e7\u00e3o Hangout na Educa\u00e7\u00e3o\u00a0 Mconf na Educa\u00e7\u00e3o\u00a0 [&hellip;]<\/p>\n","protected":false},"author":5,"featured_media":0,"parent":8009,"menu_order":0,"comment_status":"closed","ping_status":"closed","template":"","meta":[],"categories":[],"tags":[],"acf":[],"_links":{"self":[{"href":"https:\/\/www.ufmg.br\/dedd\/wp-json\/wp\/v2\/pages\/840"}],"collection":[{"href":"https:\/\/www.ufmg.br\/dedd\/wp-json\/wp\/v2\/pages"}],"about":[{"href":"https:\/\/www.ufmg.br\/dedd\/wp-json\/wp\/v2\/types\/page"}],"author":[{"embeddable":true,"href":"https:\/\/www.ufmg.br\/dedd\/wp-json\/wp\/v2\/users\/5"}],"replies":[{"embeddable":true,"href":"https:\/\/www.ufmg.br\/dedd\/wp-json\/wp\/v2\/comments?post=840"}],"version-history":[{"count":3,"href":"https:\/\/www.ufmg.br\/dedd\/wp-json\/wp\/v2\/pages\/840\/revisions"}],"predecessor-version":[{"id":10128,"href":"https:\/\/www.ufmg.br\/dedd\/wp-json\/wp\/v2\/pages\/840\/revisions\/10128"}],"up":[{"embeddable":true,"href":"https:\/\/www.ufmg.br\/dedd\/wp-json\/wp\/v2\/pages\/8009"}],"wp:attachment":[{"href":"https:\/\/www.ufmg.br\/dedd\/wp-json\/wp\/v2\/media?parent=840"}],"wp:term":[{"taxonomy":"category","embeddable":true,"href":"https:\/\/www.ufmg.br\/dedd\/wp-json\/wp\/v2\/categories?post=840"},{"taxonomy":"post_tag","embeddable":true,"href":"https:\/\/www.ufmg.br\/dedd\/wp-json\/wp\/v2\/tags?post=840"}],"curies":[{"name":"wp","href":"https:\/\/api.w.org\/{rel}","templated":true}]}}