{"id":848,"date":"2016-06-10T21:33:55","date_gmt":"2016-06-10T21:33:55","guid":{"rendered":"https:\/\/www.ufmg.br\/dedd\/?page_id=848"},"modified":"2023-06-02T13:33:23","modified_gmt":"2023-06-02T16:33:23","slug":"videos-de-apresentacao-de-disciplinas-ministradas-pelo-caedufmg","status":"publish","type":"page","link":"https:\/\/www.ufmg.br\/dedd\/pesquisa\/repositorio-acervo\/videos-de-apresentacao-de-disciplinas-ministradas-pelo-caedufmg\/","title":{"rendered":"V\u00eddeos de apresenta\u00e7\u00e3o de disciplinas ministradas pelo Caed\/UFMG"},"content":{"rendered":"<ol>\n<li style=\"text-align: justify;\"><a href=\"http:\/\/video.rnp.br\/portal\/embed-video?idItem=26788\">Apresenta\u00e7\u00e3o da disciplina &#8220;Design Instrucional<\/a>&#8220;, ministrada pela prof.\u00aa Ana Paula Bovo<\/li>\n<li style=\"text-align: justify;\"><a href=\"http:\/\/video.rnp.br\/portal\/embed-video?idItem=26388\">Apresenta\u00e7\u00e3o da disciplina &#8220;Ferramentas Tecnol\u00f3gicas: uso de processos administrativos<\/a>&#8220;, ministrada pelo prof. Rubem Dami\u00e3o Soares Nogueira<\/li>\n<li style=\"text-align: justify;\"><a href=\"http:\/\/video.rnp.br\/portal\/embed-video?idItem=26786\">Apresenta\u00e7\u00e3o da disciplina &#8220;Gest\u00e3o Administrativa e Financeira P\u00fablica&#8221;<\/a>, ministrada pelas profs.\u00aa M\u00e1rcia Athayde, Mariana da Silva Rodrigues, V\u00e2nia L\u00facia Moraes e Thatiana Marques dos Santos<\/li>\n<li style=\"text-align: justify;\"><a href=\"http:\/\/video.rnp.br\/portal\/embed-video?idItem=26550\">Apresenta\u00e7\u00e3o da disciplina &#8220;Gest\u00e3o da EaD&#8221;<\/a>, ministrada pela prof.\u00aa Maria Goreti Boaventura<\/li>\n<li style=\"text-align: left;\"><a href=\"http:\/\/video.rnp.br\/portal\/embed-video?idItem=26246\">Apresenta\u00e7\u00e3o da disciplina &#8220;Gest\u00e3o de Pessoas&#8221;<\/a>, ministrada pela prof\u00aa. Suzana Gomes<\/li>\n<li style=\"text-align: justify;\">\u00a0<a href=\"http:\/\/video.rnp.br\/portal\/embed-video?idItem=26245\">Apresenta\u00e7\u00e3o da disciplina &#8220;Media\u00e7\u00e3o e Avalia\u00e7\u00e3o em EaD<\/a>&#8220;, ministrada pela prof\u00aa. J\u00falia Eug\u00eania<\/li>\n<li style=\"text-align: justify;\"><a href=\"http:\/\/video.rnp.br\/portal\/embed-video?idItem=26803\">Apresenta\u00e7\u00e3o da disciplina &#8220;Produ\u00e7\u00e3o de Material Did\u00e1tico para EaD&#8221;<\/a>, ministrada pela prof.\u00aa Durcelina Pimenta<\/li>\n<li>\n<p style=\"text-align: justify;\"><a href=\"http:\/\/video.rnp.br\/portal\/embed-video?idItem=28169\">Apresenta\u00e7\u00e3o da disciplina &#8220;Tecnologias e M\u00eddias Educativas&#8221;,<\/a> ministrada pelo prof. H\u00e9rcules Santos<\/p>\n<\/li>\n<li>\n<p style=\"text-align: justify;\"><a href=\"http:\/\/video.rnp.br\/portal\/embed-video?idItem=28169\">Apresenta\u00e7\u00e3o da &#8220;Oficina Webconfer\u00eancia para EaD&#8221;<\/a>, ministrada pela Prof. Cristina Souza<\/p>\n<\/li>\n<\/ol>\n<p><img decoding=\"async\" loading=\"lazy\" class=\"wp-image-850 aligncenter\" src=\"https:\/\/www.ufmg.br\/dedd\/wp-content\/uploads\/hercules.png\" alt=\"hercules\" width=\"576\" height=\"316\" \/><\/p>\n","protected":false},"excerpt":{"rendered":"<p>Apresenta\u00e7\u00e3o da disciplina &#8220;Design Instrucional&#8220;, ministrada pela prof.\u00aa Ana Paula [&hellip;]<\/p>\n","protected":false},"author":5,"featured_media":0,"parent":8009,"menu_order":0,"comment_status":"closed","ping_status":"closed","template":"","meta":[],"categories":[],"tags":[],"acf":[],"_links":{"self":[{"href":"https:\/\/www.ufmg.br\/dedd\/wp-json\/wp\/v2\/pages\/848"}],"collection":[{"href":"https:\/\/www.ufmg.br\/dedd\/wp-json\/wp\/v2\/pages"}],"about":[{"href":"https:\/\/www.ufmg.br\/dedd\/wp-json\/wp\/v2\/types\/page"}],"author":[{"embeddable":true,"href":"https:\/\/www.ufmg.br\/dedd\/wp-json\/wp\/v2\/users\/5"}],"replies":[{"embeddable":true,"href":"https:\/\/www.ufmg.br\/dedd\/wp-json\/wp\/v2\/comments?post=848"}],"version-history":[{"count":3,"href":"https:\/\/www.ufmg.br\/dedd\/wp-json\/wp\/v2\/pages\/848\/revisions"}],"predecessor-version":[{"id":10124,"href":"https:\/\/www.ufmg.br\/dedd\/wp-json\/wp\/v2\/pages\/848\/revisions\/10124"}],"up":[{"embeddable":true,"href":"https:\/\/www.ufmg.br\/dedd\/wp-json\/wp\/v2\/pages\/8009"}],"wp:attachment":[{"href":"https:\/\/www.ufmg.br\/dedd\/wp-json\/wp\/v2\/media?parent=848"}],"wp:term":[{"taxonomy":"category","embeddable":true,"href":"https:\/\/www.ufmg.br\/dedd\/wp-json\/wp\/v2\/categories?post=848"},{"taxonomy":"post_tag","embeddable":true,"href":"https:\/\/www.ufmg.br\/dedd\/wp-json\/wp\/v2\/tags?post=848"}],"curies":[{"name":"wp","href":"https:\/\/api.w.org\/{rel}","templated":true}]}}