{"id":8751,"date":"2022-04-14T12:01:12","date_gmt":"2022-04-14T15:01:12","guid":{"rendered":"https:\/\/www.ufmg.br\/dedd\/?page_id=8751"},"modified":"2024-06-20T11:35:27","modified_gmt":"2024-06-20T14:35:27","slug":"selecoes-2022","status":"publish","type":"page","link":"https:\/\/www.ufmg.br\/dedd\/selecoes-2022\/","title":{"rendered":"Sele\u00e7\u00f5es &#8211; 2022"},"content":{"rendered":"<p>Sele\u00e7\u00f5es realizadas em 2022, com inscri\u00e7\u00f5es administradas pelo <a href=\"https:\/\/www.ufmg.br\/dedd\/sgpi\/\">SGPI<\/a>.<\/p>\n","protected":false},"excerpt":{"rendered":"<p>Sele\u00e7\u00f5es realizadas em 2022, com inscri\u00e7\u00f5es administradas pelo SGPI.<\/p>\n","protected":false},"author":5,"featured_media":0,"parent":0,"menu_order":0,"comment_status":"closed","ping_status":"closed","template":"","meta":[],"categories":[],"tags":[],"acf":[],"_links":{"self":[{"href":"https:\/\/www.ufmg.br\/dedd\/wp-json\/wp\/v2\/pages\/8751"}],"collection":[{"href":"https:\/\/www.ufmg.br\/dedd\/wp-json\/wp\/v2\/pages"}],"about":[{"href":"https:\/\/www.ufmg.br\/dedd\/wp-json\/wp\/v2\/types\/page"}],"author":[{"embeddable":true,"href":"https:\/\/www.ufmg.br\/dedd\/wp-json\/wp\/v2\/users\/5"}],"replies":[{"embeddable":true,"href":"https:\/\/www.ufmg.br\/dedd\/wp-json\/wp\/v2\/comments?post=8751"}],"version-history":[{"count":3,"href":"https:\/\/www.ufmg.br\/dedd\/wp-json\/wp\/v2\/pages\/8751\/revisions"}],"predecessor-version":[{"id":12061,"href":"https:\/\/www.ufmg.br\/dedd\/wp-json\/wp\/v2\/pages\/8751\/revisions\/12061"}],"wp:attachment":[{"href":"https:\/\/www.ufmg.br\/dedd\/wp-json\/wp\/v2\/media?parent=8751"}],"wp:term":[{"taxonomy":"category","embeddable":true,"href":"https:\/\/www.ufmg.br\/dedd\/wp-json\/wp\/v2\/categories?post=8751"},{"taxonomy":"post_tag","embeddable":true,"href":"https:\/\/www.ufmg.br\/dedd\/wp-json\/wp\/v2\/tags?post=8751"}],"curies":[{"name":"wp","href":"https:\/\/api.w.org\/{rel}","templated":true}]}}