{"id":8755,"date":"2022-04-14T12:05:30","date_gmt":"2022-04-14T15:05:30","guid":{"rendered":"https:\/\/www.ufmg.br\/dedd\/?page_id=8755"},"modified":"2024-07-03T15:02:50","modified_gmt":"2024-07-03T18:02:50","slug":"selecoes-2021","status":"publish","type":"page","link":"https:\/\/www.ufmg.br\/dedd\/selecoes-2021\/","title":{"rendered":"Sele\u00e7\u00f5es em 2021"},"content":{"rendered":"<p><a href=\"https:\/\/www.ufmg.br\/dedd\/edital-no-1706-2021-processo-de-selecao-para-estagiarios-de-cursos-de-licenciatura-em-quimica-fisica-e-ciencias-biologicas\/\">Edital n\u00ba 1706\/2021 \u2014 Processo de sele\u00e7\u00e3o para estagi\u00e1rios de cursos de licenciatura em Qu\u00edmica, F\u00edsica e Ci\u00eancias Biol\u00f3gicas<\/a><\/p>\n<p><a href=\"https:\/\/www.ufmg.br\/dedd\/edital-1545-2021-selecao-de-bolsista-da-uab-para-atuar-como-professor-formador-do-curso-de-especializacao-em-educacao-em-ciencias-ceci\/\">Edital 1545\/2021 \u2013 Sele\u00e7\u00e3o de bolsista da UAB para atuar como professor formador do curso de especializa\u00e7\u00e3o em Educa\u00e7\u00e3o em Ci\u00eancias (CECI)<\/a><\/p>\n<p><a href=\"https:\/\/www.ufmg.br\/dedd\/edital-no-1476-2021-processo-seletivo-para-a-contratacao-de-assistente-de-projetos-via-consolidacao-das-leis-do-trabalho-por-tempo-determinado\/\">Edital n\u00ba 1476\/2021 \u2014 Processo seletivo para a contrata\u00e7\u00e3o de Assistente de Projetos, via Consolida\u00e7\u00e3o das Leis do Trabalho, por tempo determinado<\/a><\/p>\n<p><a href=\"https:\/\/www.ufmg.br\/dedd\/8899-2\/\">Edital 1300\/2021 \u2014 Sele\u00e7\u00e3o para coordenador e coordenador adjunto da Universidade Aberta do Brasil (UAB) na UFMG<\/a><\/p>\n<p><a href=\"https:\/\/www.ufmg.br\/dedd\/edital-1094-2021-selecao-para-tutor-do-curso-de-especializacao-em-ensino-de-artes-visuais\/\">Edital 1094\/2021 \u2014 Sele\u00e7\u00e3o para tutor do curso de especializa\u00e7\u00e3o em Ensino de Artes Visuais<\/a><\/p>\n<p><a href=\"https:\/\/www.ufmg.br\/dedd\/edital-1095-2021-selecao-para-professor-formador-do-curso-de-especializacao-em-ensino-de-artes-visuais\/\">Edital 1095\/2021 \u2014 Sele\u00e7\u00e3o para professor formador do curso de especializa\u00e7\u00e3o em Ensino de Artes Visuais<\/a><\/p>\n<p><a href=\"https:\/\/www.ufmg.br\/dedd\/edital-1065-2021-selecao-para-alunos-da-especializacao-em-ensino-de-artes-visuais\/\">Edital 1065\/2021 \u2014 Sele\u00e7\u00e3o para alunos da especializa\u00e7\u00e3o em Ensino de Artes Visuais<\/a> (preenchimento de vagas remanescentes)<\/p>\n<p><a href=\"https:\/\/www.ufmg.br\/dedd\/edital-1115-2021-selecao-para-professor-formador-do-curso-de-especializacao-em-educacao-em-ciencias-ceci\/\">Edital 1115\/2021 \u2014 Sele\u00e7\u00e3o para professor formador do curso de especializa\u00e7\u00e3o em Educa\u00e7\u00e3o em Ci\u00eancias<\/a><\/p>\n<p><a href=\"https:\/\/www.ufmg.br\/dedd\/edital-1094-2021-selecao-para-tutor-do-curso-de-especializacao-em-ensino-de-artes-visuais\/\">Edital 1094\/2021 \u2014 Sele\u00e7\u00e3o para tutor do curso de especializa\u00e7\u00e3o em Ensino de Artes Visuais<\/a><\/p>\n<p><a href=\"https:\/\/www.ufmg.br\/dedd\/edital-917-2021-selecao-para-coordenador-do-curso-de-especializacao-em-ensino-de-artes-visuais\/\">Edital 917\/2021 \u2014 Sele\u00e7\u00e3o para coordenador do curso de especializa\u00e7\u00e3o em Ensino de Artes Visuais<\/a><\/p>\n<p><a href=\"https:\/\/www.ufmg.br\/dedd\/edital-1001-2021-selecao-de-alunos-para-o-curso-de-especializacao-em-ensino-de-artes-visuais\/\">Edital 1001\/2021 \u2014 Sele\u00e7\u00e3o de alunos para o curso de especializa\u00e7\u00e3o em Ensino de Artes Visuais<\/a><\/p>\n<p><a href=\"https:\/\/www.ufmg.br\/dedd\/edital-1070-2021-selecao-de-alunos-para-cursos-de-extensao-ofertados-pelo-caed-ufmg\/\">Edital 1070\/2021 \u2014 Sele\u00e7\u00e3o de alunos para cursos de extens\u00e3o ofertados pelo Caed\/UFMG<\/a><\/p>\n<p><a href=\"https:\/\/www.ufmg.br\/dedd\/edital-202-2021-selecao-de-bolsistas-para-o-programa-de-extensao-aproxime-se\/\">Edital 202\/2021 \u2014 Sele\u00e7\u00e3o de bolsistas para o programa de extens\u00e3o Aproxime-se<\/a><\/p>\n","protected":false},"excerpt":{"rendered":"<p>Edital n\u00ba 1706\/2021 \u2014 Processo de sele\u00e7\u00e3o para estagi\u00e1rios de [&hellip;]<\/p>\n","protected":false},"author":5,"featured_media":0,"parent":0,"menu_order":0,"comment_status":"closed","ping_status":"closed","template":"","meta":[],"categories":[],"tags":[],"acf":[],"_links":{"self":[{"href":"https:\/\/www.ufmg.br\/dedd\/wp-json\/wp\/v2\/pages\/8755"}],"collection":[{"href":"https:\/\/www.ufmg.br\/dedd\/wp-json\/wp\/v2\/pages"}],"about":[{"href":"https:\/\/www.ufmg.br\/dedd\/wp-json\/wp\/v2\/types\/page"}],"author":[{"embeddable":true,"href":"https:\/\/www.ufmg.br\/dedd\/wp-json\/wp\/v2\/users\/5"}],"replies":[{"embeddable":true,"href":"https:\/\/www.ufmg.br\/dedd\/wp-json\/wp\/v2\/comments?post=8755"}],"version-history":[{"count":22,"href":"https:\/\/www.ufmg.br\/dedd\/wp-json\/wp\/v2\/pages\/8755\/revisions"}],"predecessor-version":[{"id":8949,"href":"https:\/\/www.ufmg.br\/dedd\/wp-json\/wp\/v2\/pages\/8755\/revisions\/8949"}],"wp:attachment":[{"href":"https:\/\/www.ufmg.br\/dedd\/wp-json\/wp\/v2\/media?parent=8755"}],"wp:term":[{"taxonomy":"category","embeddable":true,"href":"https:\/\/www.ufmg.br\/dedd\/wp-json\/wp\/v2\/categories?post=8755"},{"taxonomy":"post_tag","embeddable":true,"href":"https:\/\/www.ufmg.br\/dedd\/wp-json\/wp\/v2\/tags?post=8755"}],"curies":[{"name":"wp","href":"https:\/\/api.w.org\/{rel}","templated":true}]}}