{"id":8758,"date":"2022-04-14T12:06:26","date_gmt":"2022-04-14T15:06:26","guid":{"rendered":"https:\/\/www.ufmg.br\/dedd\/?page_id=8758"},"modified":"2024-07-03T15:54:24","modified_gmt":"2024-07-03T18:54:24","slug":"edital-202-2021-selecao-de-bolsistas-para-o-programa-de-extensao-aproxime-se","status":"publish","type":"page","link":"https:\/\/www.ufmg.br\/dedd\/servicos-o-que-fazemos\/edital-202-2021-selecao-de-bolsistas-para-o-programa-de-extensao-aproxime-se\/","title":{"rendered":"Edital 202\/2021 \u2014 Sele\u00e7\u00e3o de bolsistas para o programa de extens\u00e3o Aproxime-se"},"content":{"rendered":"<p><a href=\"https:\/\/www.ufmg.br\/dedd\/wp-content\/uploads\/2022\/04\/Resultado-Final-Aproxime-se-2022.pdf\">Resultado final, ap\u00f3s a interposi\u00e7\u00e3o de recursos<\/a>\u00a0(publicado em 15\/03\/2021)<\/p>\n<p><a href=\"https:\/\/www.ufmg.br\/dedd\/wp-content\/uploads\/2022\/04\/Edital-202-Aproxime-se-Resultado-de-Recursos.pdf\">Resposta a recursos\u00a0<\/a>(publicado em 15\/03\/2021)<\/p>\n<p><a href=\"https:\/\/www.ufmg.br\/dedd\/wp-content\/uploads\/2022\/04\/Resultado-Preliminar-Aproxime-se.pdf\">Resultado Preliminar\u00a0<\/a>(publicado em 01\/03\/2021)<\/p>\n<p><a href=\"https:\/\/www.ufmg.br\/dedd\/wp-content\/uploads\/2022\/04\/Portaria-651-Designa-membros-da-Comissao.pdf\">Portaria n. 651\/2021 \u2014 Designa membros da banca examinadora respons\u00e1vel pelo processo seletivo para bolsistas do Programa Aproxime-se (publicada em 01\/03\/2021)<\/a><\/p>\n<p><a href=\"https:\/\/www.ufmg.br\/dedd\/wp-content\/uploads\/2022\/04\/Edital-184-Aproxime-se-2022.pdf\">Edital 202\/2021 \u2014 Sele\u00e7\u00e3o de bolsistas para o programa de extens\u00e3o Aproxime-se\u00a0<\/a> (publicado em 08\/02\/2021)<\/p>\n","protected":false},"excerpt":{"rendered":"<p>Resultado final, ap\u00f3s a interposi\u00e7\u00e3o de recursos\u00a0(publicado em 15\/03\/2021) Resposta [&hellip;]<\/p>\n","protected":false},"author":5,"featured_media":0,"parent":9337,"menu_order":0,"comment_status":"closed","ping_status":"closed","template":"","meta":[],"categories":[220,209],"tags":[],"acf":[],"_links":{"self":[{"href":"https:\/\/www.ufmg.br\/dedd\/wp-json\/wp\/v2\/pages\/8758"}],"collection":[{"href":"https:\/\/www.ufmg.br\/dedd\/wp-json\/wp\/v2\/pages"}],"about":[{"href":"https:\/\/www.ufmg.br\/dedd\/wp-json\/wp\/v2\/types\/page"}],"author":[{"embeddable":true,"href":"https:\/\/www.ufmg.br\/dedd\/wp-json\/wp\/v2\/users\/5"}],"replies":[{"embeddable":true,"href":"https:\/\/www.ufmg.br\/dedd\/wp-json\/wp\/v2\/comments?post=8758"}],"version-history":[{"count":3,"href":"https:\/\/www.ufmg.br\/dedd\/wp-json\/wp\/v2\/pages\/8758\/revisions"}],"predecessor-version":[{"id":8762,"href":"https:\/\/www.ufmg.br\/dedd\/wp-json\/wp\/v2\/pages\/8758\/revisions\/8762"}],"up":[{"embeddable":true,"href":"https:\/\/www.ufmg.br\/dedd\/wp-json\/wp\/v2\/pages\/9337"}],"wp:attachment":[{"href":"https:\/\/www.ufmg.br\/dedd\/wp-json\/wp\/v2\/media?parent=8758"}],"wp:term":[{"taxonomy":"category","embeddable":true,"href":"https:\/\/www.ufmg.br\/dedd\/wp-json\/wp\/v2\/categories?post=8758"},{"taxonomy":"post_tag","embeddable":true,"href":"https:\/\/www.ufmg.br\/dedd\/wp-json\/wp\/v2\/tags?post=8758"}],"curies":[{"name":"wp","href":"https:\/\/api.w.org\/{rel}","templated":true}]}}