{"id":8765,"date":"2022-04-14T12:32:14","date_gmt":"2022-04-14T15:32:14","guid":{"rendered":"https:\/\/www.ufmg.br\/dedd\/?page_id=8765"},"modified":"2024-07-03T15:54:23","modified_gmt":"2024-07-03T18:54:23","slug":"edital-1070-2021-selecao-de-alunos-para-cursos-de-extensao-ofertados-pelo-caed-ufmg","status":"publish","type":"page","link":"https:\/\/www.ufmg.br\/dedd\/servicos-o-que-fazemos\/edital-1070-2021-selecao-de-alunos-para-cursos-de-extensao-ofertados-pelo-caed-ufmg\/","title":{"rendered":"Edital 1070\/2021 \u2014 Sele\u00e7\u00e3o de alunos para cursos de extens\u00e3o ofertados pelo Caed\/UFMG"},"content":{"rendered":"<p><a href=\"https:\/\/www.ufmg.br\/dedd\/wp-content\/uploads\/2022\/04\/Edital-1070-2021-Resultado-Final.pdf\">Resultado final<\/a> (publicado em 23\/07\/2021)<\/p>\n<p><a href=\"https:\/\/www.ufmg.br\/dedd\/wp-content\/uploads\/2022\/04\/Edital-1070-2021-Resultado-Preliminar.pdf\">Resultado preliminar<\/a> (publicado em 20\/07\/2021)<\/p>\n<p><a href=\"https:\/\/www.ufmg.br\/dedd\/formulario\/Edital-1070-cursistas-2021\">Formul\u00e1rio para inscri\u00e7\u00f5es<\/a> (dispon\u00edvel at\u00e9 as 17h do dia 18\/07\/2021)<\/p>\n<p><a href=\"https:\/\/www.ufmg.br\/dedd\/wp-content\/uploads\/2022\/04\/Edital-1070-2021-Portaria-4907-Comissao-Organizadora.pdf\">Portaria 4907\/2021<\/a> \u2014 Designa membros para a comiss\u00e3o de organizadora do processo seletivo (publicada em 08\/07\/2021)<\/p>\n<p><a href=\"https:\/\/www.ufmg.br\/dedd\/wp-content\/uploads\/2022\/04\/Edital-1070-2021.pdf\">Edital 1070\/2021<\/a> \u2014 Sele\u00e7\u00e3o para alunos dos cursos de extens\u00e3o ofertados pelo Caed\/UFMG (publicado em 07\/07\/2021)<\/p>\n","protected":false},"excerpt":{"rendered":"<p>Resultado final (publicado em 23\/07\/2021) Resultado preliminar (publicado em 20\/07\/2021) [&hellip;]<\/p>\n","protected":false},"author":5,"featured_media":0,"parent":9337,"menu_order":0,"comment_status":"closed","ping_status":"closed","template":"","meta":[],"categories":[220,209],"tags":[],"acf":[],"_links":{"self":[{"href":"https:\/\/www.ufmg.br\/dedd\/wp-json\/wp\/v2\/pages\/8765"}],"collection":[{"href":"https:\/\/www.ufmg.br\/dedd\/wp-json\/wp\/v2\/pages"}],"about":[{"href":"https:\/\/www.ufmg.br\/dedd\/wp-json\/wp\/v2\/types\/page"}],"author":[{"embeddable":true,"href":"https:\/\/www.ufmg.br\/dedd\/wp-json\/wp\/v2\/users\/5"}],"replies":[{"embeddable":true,"href":"https:\/\/www.ufmg.br\/dedd\/wp-json\/wp\/v2\/comments?post=8765"}],"version-history":[{"count":5,"href":"https:\/\/www.ufmg.br\/dedd\/wp-json\/wp\/v2\/pages\/8765\/revisions"}],"predecessor-version":[{"id":8774,"href":"https:\/\/www.ufmg.br\/dedd\/wp-json\/wp\/v2\/pages\/8765\/revisions\/8774"}],"up":[{"embeddable":true,"href":"https:\/\/www.ufmg.br\/dedd\/wp-json\/wp\/v2\/pages\/9337"}],"wp:attachment":[{"href":"https:\/\/www.ufmg.br\/dedd\/wp-json\/wp\/v2\/media?parent=8765"}],"wp:term":[{"taxonomy":"category","embeddable":true,"href":"https:\/\/www.ufmg.br\/dedd\/wp-json\/wp\/v2\/categories?post=8765"},{"taxonomy":"post_tag","embeddable":true,"href":"https:\/\/www.ufmg.br\/dedd\/wp-json\/wp\/v2\/tags?post=8765"}],"curies":[{"name":"wp","href":"https:\/\/api.w.org\/{rel}","templated":true}]}}