{"id":8829,"date":"2022-04-18T10:06:11","date_gmt":"2022-04-18T13:06:11","guid":{"rendered":"https:\/\/www.ufmg.br\/dedd\/?page_id=8829"},"modified":"2024-07-03T15:54:23","modified_gmt":"2024-07-03T18:54:23","slug":"edital-1115-2021-selecao-para-professor-formador-do-curso-de-especializacao-em-educacao-em-ciencias-ceci","status":"publish","type":"page","link":"https:\/\/www.ufmg.br\/dedd\/servicos-o-que-fazemos\/edital-1115-2021-selecao-para-professor-formador-do-curso-de-especializacao-em-educacao-em-ciencias-ceci\/","title":{"rendered":"Edital 1115\/2021 \u2014 Sele\u00e7\u00e3o para professor formador do curso de especializa\u00e7\u00e3o em Educa\u00e7\u00e3o em Ci\u00eancias (CECi)"},"content":{"rendered":"<p><a href=\"https:\/\/www.ufmg.br\/dedd\/wp-content\/uploads\/2022\/11\/Ato-de-convocacao-no-64.2022.pdf\">Convoca\u00e7\u00e3o de candidato<\/a> (publicado em 03\/11\/2022)<\/p>\n<p><a href=\"https:\/\/www.ufmg.br\/dedd\/wp-content\/uploads\/2022\/04\/Edital-1115-2021-Resultado-Final.pdf\">Resultado final<\/a> (publicado em 15\/09\/2021)<\/p>\n<p><a href=\"https:\/\/www.ufmg.br\/dedd\/wp-content\/uploads\/2022\/04\/Edital-1115-2021-Convocacao-para-entrevistas.pdf\">Convoca\u00e7\u00e3o para entrevistas<\/a> (publicado em 08\/09\/2021)<\/p>\n<p><a href=\"https:\/\/www.ufmg.br\/dedd\/wp-content\/uploads\/2022\/04\/Edital-1115-2021-Resultado-Preliminar.pdf\">Resultado preliminar das primeira e segunda etapas<\/a> (publicado em 24\/08\/2021)<\/p>\n<p><a href=\"https:\/\/www.ufmg.br\/dedd\/wp-content\/uploads\/2022\/04\/Edital-1115-2021-Portaria-5915-Comissao-Responsavel.pdf\">Portaria 5915\/2021 \u2014 Designa membros da comiss\u00e3o respons\u00e1vel pelo processo seletivo<\/a> (publicada em 18\/08\/2021)<\/p>\n<p><a href=\"https:\/\/www.ufmg.br\/dedd\/formulario\/Edital-1115-2021-CECI\/\">Formul\u00e1rio para inscri\u00e7\u00f5es<\/a> (dispon\u00edvel do dia 3\/8 \u00e0s 17h do dia 17\/8)<\/p>\n<p><a href=\"https:\/\/www.ufmg.br\/dedd\/wp-content\/uploads\/2022\/04\/EDITAL-1115-2021-PROFESSOR-CECI-assinado.pdf\">Edital 1115\/2021 \u2014 Sele\u00e7\u00e3o para professor formador do curso de especializa\u00e7\u00e3o em Educa\u00e7\u00e3o em Ci\u00eancias<\/a> (publicado em 19\/07\/2021)<\/p>\n","protected":false},"excerpt":{"rendered":"<p>Convoca\u00e7\u00e3o de candidato (publicado em 03\/11\/2022) Resultado final (publicado em [&hellip;]<\/p>\n","protected":false},"author":5,"featured_media":0,"parent":9337,"menu_order":0,"comment_status":"closed","ping_status":"closed","template":"","meta":[],"categories":[220,209],"tags":[],"acf":[],"_links":{"self":[{"href":"https:\/\/www.ufmg.br\/dedd\/wp-json\/wp\/v2\/pages\/8829"}],"collection":[{"href":"https:\/\/www.ufmg.br\/dedd\/wp-json\/wp\/v2\/pages"}],"about":[{"href":"https:\/\/www.ufmg.br\/dedd\/wp-json\/wp\/v2\/types\/page"}],"author":[{"embeddable":true,"href":"https:\/\/www.ufmg.br\/dedd\/wp-json\/wp\/v2\/users\/5"}],"replies":[{"embeddable":true,"href":"https:\/\/www.ufmg.br\/dedd\/wp-json\/wp\/v2\/comments?post=8829"}],"version-history":[{"count":8,"href":"https:\/\/www.ufmg.br\/dedd\/wp-json\/wp\/v2\/pages\/8829\/revisions"}],"predecessor-version":[{"id":9801,"href":"https:\/\/www.ufmg.br\/dedd\/wp-json\/wp\/v2\/pages\/8829\/revisions\/9801"}],"up":[{"embeddable":true,"href":"https:\/\/www.ufmg.br\/dedd\/wp-json\/wp\/v2\/pages\/9337"}],"wp:attachment":[{"href":"https:\/\/www.ufmg.br\/dedd\/wp-json\/wp\/v2\/media?parent=8829"}],"wp:term":[{"taxonomy":"category","embeddable":true,"href":"https:\/\/www.ufmg.br\/dedd\/wp-json\/wp\/v2\/categories?post=8829"},{"taxonomy":"post_tag","embeddable":true,"href":"https:\/\/www.ufmg.br\/dedd\/wp-json\/wp\/v2\/tags?post=8829"}],"curies":[{"name":"wp","href":"https:\/\/api.w.org\/{rel}","templated":true}]}}