{"id":884,"date":"2016-06-17T19:25:39","date_gmt":"2016-06-17T19:25:39","guid":{"rendered":"https:\/\/www.ufmg.br\/dedd\/?page_id=884"},"modified":"2024-06-12T13:35:48","modified_gmt":"2024-06-12T16:35:48","slug":"anais-de-eventos","status":"publish","type":"page","link":"https:\/\/www.ufmg.br\/dedd\/pesquisa\/repositorio-acervo\/anais-de-eventos\/","title":{"rendered":"Anais de eventos"},"content":{"rendered":"<ol>\n<li><a href=\"https:\/\/www.ufmg.br\/dedd\/seminario\/iv\/arquivos\/ANAIS-SeminarioEaD.pdf\">IV Semin\u00e1rio de Educa\u00e7\u00e3o a Dist\u00e2ncia &#8211; &#8220;T\u00e3o longe, t\u00e3o perto&#8221;\u00a0<\/a><\/li>\n<li><a href=\"https:\/\/www.ufmg.br\/dedd\/seminario\/anais\/index.htm\"><span style=\"font-weight: 400;\">V Semin\u00e1rio de Educa\u00e7\u00e3o a Dist\u00e2ncia &#8211; &#8220;Meios, atores e processos&#8221;<\/span><\/a><\/li>\n<li><a href=\"https:\/\/www.ufmg.br\/dedd\/promovead\/anais-promovead.pdf\"><span style=\"font-weight: 400;\">PromovEaD &#8211; &#8220;Discutindo a visibilidade de EaD p\u00fablica no Brasil&#8221;\u00a0<\/span><\/a><\/li>\n<\/ol>\n<p>&nbsp;<\/p>\n","protected":false},"excerpt":{"rendered":"<p>IV Semin\u00e1rio de Educa\u00e7\u00e3o a Dist\u00e2ncia &#8211; &#8220;T\u00e3o longe, t\u00e3o [&hellip;]<\/p>\n","protected":false},"author":10,"featured_media":0,"parent":8009,"menu_order":0,"comment_status":"closed","ping_status":"closed","template":"","meta":[],"categories":[],"tags":[],"acf":[],"_links":{"self":[{"href":"https:\/\/www.ufmg.br\/dedd\/wp-json\/wp\/v2\/pages\/884"}],"collection":[{"href":"https:\/\/www.ufmg.br\/dedd\/wp-json\/wp\/v2\/pages"}],"about":[{"href":"https:\/\/www.ufmg.br\/dedd\/wp-json\/wp\/v2\/types\/page"}],"author":[{"embeddable":true,"href":"https:\/\/www.ufmg.br\/dedd\/wp-json\/wp\/v2\/users\/10"}],"replies":[{"embeddable":true,"href":"https:\/\/www.ufmg.br\/dedd\/wp-json\/wp\/v2\/comments?post=884"}],"version-history":[{"count":1,"href":"https:\/\/www.ufmg.br\/dedd\/wp-json\/wp\/v2\/pages\/884\/revisions"}],"predecessor-version":[{"id":10033,"href":"https:\/\/www.ufmg.br\/dedd\/wp-json\/wp\/v2\/pages\/884\/revisions\/10033"}],"up":[{"embeddable":true,"href":"https:\/\/www.ufmg.br\/dedd\/wp-json\/wp\/v2\/pages\/8009"}],"wp:attachment":[{"href":"https:\/\/www.ufmg.br\/dedd\/wp-json\/wp\/v2\/media?parent=884"}],"wp:term":[{"taxonomy":"category","embeddable":true,"href":"https:\/\/www.ufmg.br\/dedd\/wp-json\/wp\/v2\/categories?post=884"},{"taxonomy":"post_tag","embeddable":true,"href":"https:\/\/www.ufmg.br\/dedd\/wp-json\/wp\/v2\/tags?post=884"}],"curies":[{"name":"wp","href":"https:\/\/api.w.org\/{rel}","templated":true}]}}