{"id":8842,"date":"2022-04-18T10:14:29","date_gmt":"2022-04-18T13:14:29","guid":{"rendered":"https:\/\/www.ufmg.br\/dedd\/?page_id=8842"},"modified":"2024-07-03T15:54:23","modified_gmt":"2024-07-03T18:54:23","slug":"edital-1065-2021-selecao-para-alunos-da-especializacao-em-ensino-de-artes-visuais","status":"publish","type":"page","link":"https:\/\/www.ufmg.br\/dedd\/servicos-o-que-fazemos\/edital-1065-2021-selecao-para-alunos-da-especializacao-em-ensino-de-artes-visuais\/","title":{"rendered":"Edital 1065\/2021 \u2014 Sele\u00e7\u00e3o para alunos da especializa\u00e7\u00e3o em Ensino de Artes Visuais"},"content":{"rendered":"<p><a href=\"https:\/\/www.ufmg.br\/dedd\/wp-content\/uploads\/2022\/04\/Edital-1065-2021-Resultado-Final.pdf\">Resultado final ap\u00f3s a interposi\u00e7\u00e3o de recursos<\/a> (publicado em 08\/09\/\/2021)<\/p>\n<p><a href=\"https:\/\/www.ufmg.br\/dedd\/wp-content\/uploads\/2022\/04\/Edital-1065-2021-Resposta-aos-recursos-ao-resultado-preliminar.pdf\">Resposta aos recursos ao resultado preliminar<\/a> (publicado em 08\/09\/\/2021)<\/p>\n<p><a href=\"https:\/\/www.ufmg.br\/dedd\/wp-content\/uploads\/2022\/04\/Edital-1065-2021-Resultado-Preliminar-1a-e-2a-Etapas.pdf\">Resultado preliminar das primeira e segunda etapas<\/a> (publicado em 24\/08\/2021)<\/p>\n<p><a href=\"https:\/\/www.ufmg.br\/dedd\/wp-content\/uploads\/2022\/04\/Edital-1065-2021-Resultado-Final-Inscricoes-Homologadas.pdf\">Resultado final das inscri\u00e7\u00f5es homologadas<\/a> (publicado em 20\/08\/2021)<\/p>\n<p><a href=\"https:\/\/www.ufmg.br\/dedd\/wp-content\/uploads\/2022\/04\/Edital-1065-2021-1o-Ato-de-Retificacao.pdf\">Ato de retifica\u00e7\u00e3o n\u00ba 64\/2021 \u2014 Altera o per\u00edodo para interposi\u00e7\u00e3o de recursos ao resultado das inscri\u00e7\u00f5es homologadas<\/a> (publicado em 20\/08\/2021)<\/p>\n<p><a href=\"https:\/\/www.ufmg.br\/dedd\/wp-content\/uploads\/2022\/04\/Edital-1065-2021-Inscricoes-Homologadas.pdf\">Resultado preliminar das inscri\u00e7\u00f5es homologadas <\/a>(publicado em 16\/08\/2021)<\/p>\n<p><a href=\"https:\/\/www.ufmg.br\/dedd\/formulario\/Edital-1065-2021-CEEAV\/\">Formul\u00e1rio para inscri\u00e7\u00f5es<\/a> (dispon\u00edvel do dia 2\/8 \u00e0s 17h do dia 12\/8\/21)<\/p>\n<p><a href=\"https:\/\/www.ufmg.br\/dedd\/wp-content\/uploads\/2022\/04\/EDITAL-No-1065.-2021-S-ELECAO-REMANESCENTE-RETIFICADO.pdf\">Edital 1065\/2021 \u2014 Sele\u00e7\u00e3o para alunos da especializa\u00e7\u00e3o em Ensino de Artes Visuais (preenchimento de vagas remanescentes)<\/a> (publicado em 28\/07\/2021)<\/p>\n","protected":false},"excerpt":{"rendered":"<p>Resultado final ap\u00f3s a interposi\u00e7\u00e3o de recursos (publicado em 08\/09\/\/2021) [&hellip;]<\/p>\n","protected":false},"author":5,"featured_media":0,"parent":9337,"menu_order":0,"comment_status":"closed","ping_status":"closed","template":"","meta":[],"categories":[220,209],"tags":[],"acf":[],"_links":{"self":[{"href":"https:\/\/www.ufmg.br\/dedd\/wp-json\/wp\/v2\/pages\/8842"}],"collection":[{"href":"https:\/\/www.ufmg.br\/dedd\/wp-json\/wp\/v2\/pages"}],"about":[{"href":"https:\/\/www.ufmg.br\/dedd\/wp-json\/wp\/v2\/types\/page"}],"author":[{"embeddable":true,"href":"https:\/\/www.ufmg.br\/dedd\/wp-json\/wp\/v2\/users\/5"}],"replies":[{"embeddable":true,"href":"https:\/\/www.ufmg.br\/dedd\/wp-json\/wp\/v2\/comments?post=8842"}],"version-history":[{"count":5,"href":"https:\/\/www.ufmg.br\/dedd\/wp-json\/wp\/v2\/pages\/8842\/revisions"}],"predecessor-version":[{"id":8856,"href":"https:\/\/www.ufmg.br\/dedd\/wp-json\/wp\/v2\/pages\/8842\/revisions\/8856"}],"up":[{"embeddable":true,"href":"https:\/\/www.ufmg.br\/dedd\/wp-json\/wp\/v2\/pages\/9337"}],"wp:attachment":[{"href":"https:\/\/www.ufmg.br\/dedd\/wp-json\/wp\/v2\/media?parent=8842"}],"wp:term":[{"taxonomy":"category","embeddable":true,"href":"https:\/\/www.ufmg.br\/dedd\/wp-json\/wp\/v2\/categories?post=8842"},{"taxonomy":"post_tag","embeddable":true,"href":"https:\/\/www.ufmg.br\/dedd\/wp-json\/wp\/v2\/tags?post=8842"}],"curies":[{"name":"wp","href":"https:\/\/api.w.org\/{rel}","templated":true}]}}