{"id":8899,"date":"2022-04-19T08:26:14","date_gmt":"2022-04-19T11:26:14","guid":{"rendered":"https:\/\/www.ufmg.br\/dedd\/?page_id=8899"},"modified":"2024-07-03T15:54:24","modified_gmt":"2024-07-03T18:54:24","slug":"8899-2","status":"publish","type":"page","link":"https:\/\/www.ufmg.br\/dedd\/servicos-o-que-fazemos\/8899-2\/","title":{"rendered":"Edital 1300\/2021 \u2014 Sele\u00e7\u00e3o para coordenador e coordenador adjunto da Universidade Aberta do Brasil (UAB) na UFMG"},"content":{"rendered":"<p><a href=\"https:\/\/www.ufmg.br\/dedd\/wp-content\/uploads\/2022\/04\/Edital-1300-2021-Ato-de-Convocacao.pdf\">Ato de convoca\u00e7\u00e3o<\/a> (publicado em 28\/10\/2021)<\/p>\n<p><a href=\"https:\/\/www.ufmg.br\/dedd\/wp-content\/uploads\/2022\/04\/Edital-1300-2021-Resultado-Final.pdf\">Resultado Final<\/a> (publicado em 27\/10\/2021)<\/p>\n<p><a href=\"https:\/\/www.ufmg.br\/dedd\/wp-content\/uploads\/2022\/04\/Edital-1300-2021-Convocacao-para-entrevistas.pdf\">Convoca\u00e7\u00e3o para entrevistas<\/a> (publicado em 21\/10\/2021)<\/p>\n<p><a href=\"https:\/\/www.ufmg.br\/dedd\/formulario\/Edital-1300-2021-recurso\/\">Formul\u00e1rio para recursos<\/a> (dispon\u00edvel de 11\/10 \u00e0s 17h do dia 20\/10\/2021)<\/p>\n<p><a href=\"https:\/\/www.ufmg.br\/dedd\/wp-content\/uploads\/2022\/04\/Edital-1300-2021-Resultado-Preliminar.pdf\">Resultado preliminar da etapa I<\/a> (publicado em 08\/10\/2021)<\/p>\n<p><a href=\"https:\/\/www.ufmg.br\/dedd\/wp-content\/uploads\/2022\/04\/Edital-1300-2021-Portaria-7072.pdf\">Portaria n\u00ba 7072\/2021 \u2014 Designa os membros da comiss\u00e3o respons\u00e1vel pelo processo seletivo<\/a> (publicado em 1\u00ba\/10\/2021)<\/p>\n<p><a href=\"https:\/\/www.ufmg.br\/dedd\/wp-content\/uploads\/2022\/04\/Edital-1300-2021-Ato-de-Retificacao.pdf\">Ato de retifica\u00e7\u00e3o n.\u00ba 80 \u2014 altera o cronograma do processo seletivo e prorroga o prazo de inscri\u00e7\u00f5es<\/a> (publicado em 21\/09\/2021)<\/p>\n<p><a href=\"https:\/\/www.ufmg.br\/dedd\/formulario\/Edital-1300-2021-CoordenadorUAB\/\">Formul\u00e1rio de inscri\u00e7\u00e3o<\/a> (dispon\u00edvel de 8\/9 \u00e0s 17h do dia 30\/09\/2021)<\/p>\n<p><a href=\"https:\/\/www.ufmg.br\/dedd\/wp-content\/uploads\/2022\/04\/Edital-1300-2021.pdf\">Edital 1300\/2021 \u2014 Sele\u00e7\u00e3o para coordenador e coordenador adjunto da Universidade Aberta do Brasil (UAB) na UFMG<\/a> (publicado em 23\/08\/2021)<\/p>\n","protected":false},"excerpt":{"rendered":"<p>Ato de convoca\u00e7\u00e3o (publicado em 28\/10\/2021) Resultado Final (publicado em [&hellip;]<\/p>\n","protected":false},"author":5,"featured_media":0,"parent":9337,"menu_order":0,"comment_status":"closed","ping_status":"closed","template":"","meta":[],"categories":[220,209],"tags":[],"acf":[],"_links":{"self":[{"href":"https:\/\/www.ufmg.br\/dedd\/wp-json\/wp\/v2\/pages\/8899"}],"collection":[{"href":"https:\/\/www.ufmg.br\/dedd\/wp-json\/wp\/v2\/pages"}],"about":[{"href":"https:\/\/www.ufmg.br\/dedd\/wp-json\/wp\/v2\/types\/page"}],"author":[{"embeddable":true,"href":"https:\/\/www.ufmg.br\/dedd\/wp-json\/wp\/v2\/users\/5"}],"replies":[{"embeddable":true,"href":"https:\/\/www.ufmg.br\/dedd\/wp-json\/wp\/v2\/comments?post=8899"}],"version-history":[{"count":10,"href":"https:\/\/www.ufmg.br\/dedd\/wp-json\/wp\/v2\/pages\/8899\/revisions"}],"predecessor-version":[{"id":8909,"href":"https:\/\/www.ufmg.br\/dedd\/wp-json\/wp\/v2\/pages\/8899\/revisions\/8909"}],"up":[{"embeddable":true,"href":"https:\/\/www.ufmg.br\/dedd\/wp-json\/wp\/v2\/pages\/9337"}],"wp:attachment":[{"href":"https:\/\/www.ufmg.br\/dedd\/wp-json\/wp\/v2\/media?parent=8899"}],"wp:term":[{"taxonomy":"category","embeddable":true,"href":"https:\/\/www.ufmg.br\/dedd\/wp-json\/wp\/v2\/categories?post=8899"},{"taxonomy":"post_tag","embeddable":true,"href":"https:\/\/www.ufmg.br\/dedd\/wp-json\/wp\/v2\/tags?post=8899"}],"curies":[{"name":"wp","href":"https:\/\/api.w.org\/{rel}","templated":true}]}}