{"id":8911,"date":"2022-04-19T08:31:51","date_gmt":"2022-04-19T11:31:51","guid":{"rendered":"https:\/\/www.ufmg.br\/dedd\/?page_id=8911"},"modified":"2024-07-03T15:54:51","modified_gmt":"2024-07-03T18:54:51","slug":"edital-no-1476-2021-processo-seletivo-para-a-contratacao-de-assistente-de-projetos-via-consolidacao-das-leis-do-trabalho-por-tempo-determinado","status":"publish","type":"page","link":"https:\/\/www.ufmg.br\/dedd\/servicos-o-que-fazemos\/edital-no-1476-2021-processo-seletivo-para-a-contratacao-de-assistente-de-projetos-via-consolidacao-das-leis-do-trabalho-por-tempo-determinado\/","title":{"rendered":"Edital n\u00ba 1476\/2021 \u2014 Processo seletivo para a contrata\u00e7\u00e3o de Assistente de Projetos, via Consolida\u00e7\u00e3o das Leis do Trabalho, por tempo determinado"},"content":{"rendered":"<p><a href=\"https:\/\/www.ufmg.br\/dedd\/wp-content\/uploads\/2023\/05\/Edital-1046-2021-Resposta-a-Recursos.pdf\">Respostas a Recursos<\/a>\u00a0(publicado em 21\/10\/2021)<\/p>\n<p><a href=\"https:\/\/www.ufmg.br\/dedd\/wp-content\/uploads\/2023\/05\/Edital-1046-2021-Resultado-Final.pdf\">Resultado da segunda etapa<\/a>\u00a0(publicado em 15\/10\/2021)<\/p>\n<p><a href=\"https:\/\/www.ufmg.br\/dedd\/wp-content\/uploads\/2023\/05\/Edital-1046-2021-Resultado-Etapa-I-e-Conovacao-para-Entrevistas.pdf\">Resultado da primeira etapa e convoca\u00e7\u00e3o para entrevistas<\/a>\u00a0(publicado em 08\/10\/2021)<\/p>\n<p><a href=\"https:\/\/www.ufmg.br\/dedd\/wp-content\/uploads\/2023\/05\/Edital-1046-2021-Portaria-Comissao.pdf\">Portaria n\u00b0 7169\/2021 \u2014 Designa membros para a comiss\u00e3o respons\u00e1vel pelo processo seletivo<\/a> (publicado em 06\/10\/2021)<\/p>\n<p><a href=\"https:\/\/www.ufmg.br\/dedd\/wp-content\/uploads\/2023\/05\/Edital-1046-2021.pdf\">Edital n\u00ba 1476\/2021 \u2014 Processo seletivo para a contrata\u00e7\u00e3o de Assistente de Projetos, via Consolida\u00e7\u00e3o das Leis do Trabalho, por tempo determinado<\/a> (publicado em 24\/9\/2021)<\/p>\n","protected":false},"excerpt":{"rendered":"<p>Respostas a Recursos\u00a0(publicado em 21\/10\/2021) Resultado da segunda etapa\u00a0(publicado em [&hellip;]<\/p>\n","protected":false},"author":5,"featured_media":0,"parent":9337,"menu_order":0,"comment_status":"closed","ping_status":"closed","template":"","meta":[],"categories":[220,209],"tags":[],"acf":[],"_links":{"self":[{"href":"https:\/\/www.ufmg.br\/dedd\/wp-json\/wp\/v2\/pages\/8911"}],"collection":[{"href":"https:\/\/www.ufmg.br\/dedd\/wp-json\/wp\/v2\/pages"}],"about":[{"href":"https:\/\/www.ufmg.br\/dedd\/wp-json\/wp\/v2\/types\/page"}],"author":[{"embeddable":true,"href":"https:\/\/www.ufmg.br\/dedd\/wp-json\/wp\/v2\/users\/5"}],"replies":[{"embeddable":true,"href":"https:\/\/www.ufmg.br\/dedd\/wp-json\/wp\/v2\/comments?post=8911"}],"version-history":[{"count":6,"href":"https:\/\/www.ufmg.br\/dedd\/wp-json\/wp\/v2\/pages\/8911\/revisions"}],"predecessor-version":[{"id":10047,"href":"https:\/\/www.ufmg.br\/dedd\/wp-json\/wp\/v2\/pages\/8911\/revisions\/10047"}],"up":[{"embeddable":true,"href":"https:\/\/www.ufmg.br\/dedd\/wp-json\/wp\/v2\/pages\/9337"}],"wp:attachment":[{"href":"https:\/\/www.ufmg.br\/dedd\/wp-json\/wp\/v2\/media?parent=8911"}],"wp:term":[{"taxonomy":"category","embeddable":true,"href":"https:\/\/www.ufmg.br\/dedd\/wp-json\/wp\/v2\/categories?post=8911"},{"taxonomy":"post_tag","embeddable":true,"href":"https:\/\/www.ufmg.br\/dedd\/wp-json\/wp\/v2\/tags?post=8911"}],"curies":[{"name":"wp","href":"https:\/\/api.w.org\/{rel}","templated":true}]}}